{"id":49786,"date":"2025-05-25T21:16:40","date_gmt":"2025-05-25T21:16:40","guid":{"rendered":"https:\/\/suislepapuhkekeskus.ee\/?page_id=49786"},"modified":"2025-07-07T21:47:24","modified_gmt":"2025-07-07T21:47:24","slug":"majutus","status":"publish","type":"page","link":"https:\/\/suislepapuhkekeskus.ee\/en\/majutus\/","title":{"rendered":"ACCOMMODATION"},"content":{"rendered":"<div data-elementor-type=\"wp-page\" data-elementor-id=\"49786\" class=\"elementor elementor-49786\" data-elementor-post-type=\"page\">\n\t\t\t\t<div class=\"elementor-element elementor-element-4df65c7 e-flex e-con-boxed e-con e-parent\" data-id=\"4df65c7\" data-element_type=\"container\" data-e-type=\"container\" data-settings=\"{&quot;background_background&quot;:&quot;classic&quot;}\">\n\t\t\t\t\t<div class=\"e-con-inner\">\n\t\t\t\t\t<\/div>\n\t\t\t\t<\/div>\n\t\t<div class=\"elementor-element elementor-element-09ac520 e-grid e-con-boxed e-con e-parent\" data-id=\"09ac520\" data-element_type=\"container\" data-e-type=\"container\">\n\t\t\t\t\t<div class=\"e-con-inner\">\n\t\t\t\t<div class=\"elementor-element elementor-element-c4476a2 elementor-widget elementor-widget-image\" data-id=\"c4476a2\" data-element_type=\"widget\" data-e-type=\"widget\" data-widget_type=\"image.default\">\n\t\t\t\t<div class=\"elementor-widget-container\">\n\t\t\t\t\t\t\t\t\t\t\t\t\t\t\t<img fetchpriority=\"high\" decoding=\"async\" width=\"503\" height=\"442\" src=\"https:\/\/suislepapuhkekeskus.ee\/wp-content\/uploads\/2025\/05\/img-2562_2_orig.jpg\" class=\"attachment-large size-large wp-image-49889\" alt=\"\" srcset=\"https:\/\/suislepapuhkekeskus.ee\/wp-content\/uploads\/2025\/05\/img-2562_2_orig.jpg 503w, https:\/\/suislepapuhkekeskus.ee\/wp-content\/uploads\/2025\/05\/img-2562_2_orig-300x264.jpg 300w\" sizes=\"(max-width: 503px) 100vw, 503px\" \/>\t\t\t\t\t\t\t\t\t\t\t\t\t\t\t<\/div>\n\t\t\t\t<\/div>\n\t\t\t\t<div class=\"elementor-element elementor-element-07d8765 elementor-widget elementor-widget-text-editor\" data-id=\"07d8765\" data-element_type=\"widget\" data-e-type=\"widget\" data-widget_type=\"text-editor.default\">\n\t\t\t\t<div class=\"elementor-widget-container\">\n\t\t\t\t\t\t\t\t\t<h2>Introduction<\/h2><div><p>Our holiday centre is located in the romantic Suislepa Manor Park on the banks of the \u00d5hne River. The accommodation building of the holiday centre has an arched singing stage shape, which makes each interior space unique and creates a spacious terrace\/stage on the courtyard side.<\/p><p>The terrace\/stage is perfect for holding various events, including concerts and summer performances, and other gatherings.<\/p><p>You are welcome to celebrate various events and anniversaries with us, both with family and friends;<br \/>to conduct various company events, summer and winter days, seminars and trainings with colleagues or business partners;\u00a0<br \/>or just to gain new energy, improve yourself, relax or do sports in the midst of ancient nature!<\/p><\/div>\t\t\t\t\t\t\t\t<\/div>\n\t\t\t\t<\/div>\n\t\t\t\t<div class=\"elementor-element elementor-element-0e6b754 elementor-widget elementor-widget-text-editor\" data-id=\"0e6b754\" data-element_type=\"widget\" data-e-type=\"widget\" data-widget_type=\"text-editor.default\">\n\t\t\t\t<div class=\"elementor-widget-container\">\n\t\t\t\t\t\t\t\t\t<h2>Accommodation options<\/h2><p>Suislepa Holiday Center accommodates up to 40 people at a time.<\/p><p>The recreation center building is 3-storey.<br \/>On the first floor there is a dining room, kitchen and sauna with a spacious shower room, toilet and anteroom.<br \/>There are 6 bedrooms on the second floor, one of which is a 5-person room, one is a 4-person room, three are 3-person rooms and one is a 4-person room. There are also 4 shower rooms and 4 toilets on the second floor.<br \/>There are 4 bedrooms on the 3rd floor, one of which is a two-room room for 5 people, one is a two-room room for 7 people, one is a 4-person room with a balcony, and one is a 3-person room with a balcony.<br \/>All rooms on the 3rd floor are equipped with a toilet and shower room. Extra beds can be added if necessary.<\/p><p>In the immediate vicinity of the holiday center, there is a boat pier on the \u00d5hne River, where you can take a cooling dip after a relaxing sauna. We also offer catering upon request.<\/p>\t\t\t\t\t\t\t\t<\/div>\n\t\t\t\t<\/div>\n\t\t<div class=\"elementor-element elementor-element-63fd381 e-con-full e-flex e-con e-child\" data-id=\"63fd381\" data-element_type=\"container\" data-e-type=\"container\">\n\t\t\t\t<div class=\"elementor-element elementor-element-1cac416 elementor-widget elementor-widget-text-editor\" data-id=\"1cac416\" data-element_type=\"widget\" data-e-type=\"widget\" data-widget_type=\"text-editor.default\">\n\t\t\t\t<div class=\"elementor-widget-container\">\n\t\t\t\t\t\t\t\t\t<h2>Suislepa stage<\/h2><div><p>The Suislepa stage is located in the courtyard of the accommodation building, with benches for spectators on the hillside in front.<\/p><p>The Suislepa stage is perfect for holding various concerts, summer performances, and other outdoor events.\u00a0<\/p><\/div><div>\u00a0<\/div>\t\t\t\t\t\t\t\t<\/div>\n\t\t\t\t<\/div>\n\t\t\t\t<div class=\"elementor-element elementor-element-5b54cb0 elementor-widget elementor-widget-image\" data-id=\"5b54cb0\" data-element_type=\"widget\" data-e-type=\"widget\" data-widget_type=\"image.default\">\n\t\t\t\t<div class=\"elementor-widget-container\">\n\t\t\t\t\t\t\t\t\t\t\t\t\t\t\t<img decoding=\"async\" src=\"https:\/\/suislepapuhkekeskus.ee\/wp-content\/uploads\/2025\/05\/20170608-223742_1_orig.jpg\" title=\"\" alt=\"\" loading=\"lazy\" \/>\t\t\t\t\t\t\t\t\t\t\t\t\t\t\t<\/div>\n\t\t\t\t<\/div>\n\t\t\t\t<\/div>\n\t\t\t\t\t<\/div>\n\t\t\t\t<\/div>\n\t\t<div class=\"elementor-element elementor-element-42e9da5 e-flex e-con-boxed e-con e-parent\" data-id=\"42e9da5\" data-element_type=\"container\" data-e-type=\"container\">\n\t\t\t\t\t<div class=\"e-con-inner\">\n\t\t\t\t<div class=\"elementor-element elementor-element-9e1901c elementor-widget elementor-widget-button\" data-id=\"9e1901c\" data-element_type=\"widget\" data-e-type=\"widget\" data-widget_type=\"button.default\">\n\t\t\t\t<div class=\"elementor-widget-container\">\n\t\t\t\t\t\t\t\t\t<div class=\"elementor-button-wrapper\">\n\t\t\t\t\t<a class=\"elementor-button elementor-button-link elementor-size-sm\" href=\"\/en\/galerii\/\">\n\t\t\t\t\t\t<span class=\"elementor-button-content-wrapper\">\n\t\t\t\t\t\t<span class=\"elementor-button-icon\">\n\t\t\t\t<svg aria-hidden=\"true\" class=\"e-font-icon-svg e-fas-photo-video\" viewbox=\"0 0 640 512\" xmlns=\"http:\/\/www.w3.org\/2000\/svg\"><path d=\"M608 0H160a32 32 0 0 0-32 32v96h160V64h192v320h128a32 32 0 0 0 32-32V32a32 32 0 0 0-32-32zM232 103a9 9 0 0 1-9 9h-30a9 9 0 0 1-9-9V73a9 9 0 0 1 9-9h30a9 9 0 0 1 9 9zm352 208a9 9 0 0 1-9 9h-30a9 9 0 0 1-9-9v-30a9 9 0 0 1 9-9h30a9 9 0 0 1 9 9zm0-104a9 9 0 0 1-9 9h-30a9 9 0 0 1-9-9v-30a9 9 0 0 1 9-9h30a9 9 0 0 1 9 9zm0-104a9 9 0 0 1-9 9h-30a9 9 0 0 1-9-9V73a9 9 0 0 1 9-9h30a9 9 0 0 1 9 9zm-168 57H32a32 32 0 0 0-32 32v288a32 32 0 0 0 32 32h384a32 32 0 0 0 32-32V192a32 32 0 0 0-32-32zM96 224a32 32 0 1 1-32 32 32 32 0 0 1 32-32zm288 224H64v-32l64-64 32 32 128-128 96 96z\"><\/path><\/svg>\t\t\t<\/span>\n\t\t\t\t\t\t\t\t\t<span class=\"elementor-button-text\">GALLERY<\/span>\n\t\t\t\t\t<\/span>\n\t\t\t\t\t<\/a>\n\t\t\t\t<\/div>\n\t\t\t\t\t\t\t\t<\/div>\n\t\t\t\t<\/div>\n\t\t\t\t<div class=\"elementor-element elementor-element-095e51a elementor-widget elementor-widget-button\" data-id=\"095e51a\" data-element_type=\"widget\" data-e-type=\"widget\" data-widget_type=\"button.default\">\n\t\t\t\t<div class=\"elementor-widget-container\">\n\t\t\t\t\t\t\t\t\t<div class=\"elementor-button-wrapper\">\n\t\t\t\t\t<a class=\"elementor-button elementor-button-link elementor-size-sm\" href=\"\/en\/hinnad\/\">\n\t\t\t\t\t\t<span class=\"elementor-button-content-wrapper\">\n\t\t\t\t\t\t<span class=\"elementor-button-icon\">\n\t\t\t\t<svg aria-hidden=\"true\" class=\"e-font-icon-svg e-fas-money-check\" viewbox=\"0 0 640 512\" xmlns=\"http:\/\/www.w3.org\/2000\/svg\"><path d=\"M0 448c0 17.67 14.33 32 32 32h576c17.67 0 32-14.33 32-32V128H0v320zm448-208c0-8.84 7.16-16 16-16h96c8.84 0 16 7.16 16 16v32c0 8.84-7.16 16-16 16h-96c-8.84 0-16-7.16-16-16v-32zm0 120c0-4.42 3.58-8 8-8h112c4.42 0 8 3.58 8 8v16c0 4.42-3.58 8-8 8H456c-4.42 0-8-3.58-8-8v-16zM64 264c0-4.42 3.58-8 8-8h304c4.42 0 8 3.58 8 8v16c0 4.42-3.58 8-8 8H72c-4.42 0-8-3.58-8-8v-16zm0 96c0-4.42 3.58-8 8-8h176c4.42 0 8 3.58 8 8v16c0 4.42-3.58 8-8 8H72c-4.42 0-8-3.58-8-8v-16zM624 32H16C7.16 32 0 39.16 0 48v48h640V48c0-8.84-7.16-16-16-16z\"><\/path><\/svg>\t\t\t<\/span>\n\t\t\t\t\t\t\t\t\t<span class=\"elementor-button-text\">PRICES<\/span>\n\t\t\t\t\t<\/span>\n\t\t\t\t\t<\/a>\n\t\t\t\t<\/div>\n\t\t\t\t\t\t\t\t<\/div>\n\t\t\t\t<\/div>\n\t\t\t\t\t<\/div>\n\t\t\t\t<\/div>\n\t\t\t\t<\/div>","protected":false},"excerpt":{"rendered":"<p>Tutvustus Meie puhkekeskus on rajatud romantilisse Suislepa m\u00f5isaparki \u00d5hne j\u00f5e kaldale. Puhkekeskuse majutushoone on kaarja laululava-kujuga, mis muudab iga siseruumi erip\u00e4raseks ja loob hoovipoole avara terrassi\/lava. Terrass\/lava sobib suurep\u00e4raselt erinevate \u00fcrituste &#8211; sealhulgas kontserdid ja suveetendused, l\u00e4biviimiseks ning muudeks koosviibimisteks. Olete oodatud meile t\u00e4histama nii pere kui s\u00f5pradega erinevaid s\u00fcndmusi ja t\u00e4htp\u00e4evi;kolleegide v\u00f5i \u00e4ripartneritega l\u00e4bi &#8230; <a title=\"ACCOMMODATION\" class=\"read-more\" href=\"https:\/\/suislepapuhkekeskus.ee\/en\/majutus\/\" aria-label=\"Read more about MAJUTUS\">Read more<\/a><\/p>","protected":false},"author":1,"featured_media":0,"parent":0,"menu_order":0,"comment_status":"closed","ping_status":"closed","template":"elementor_header_footer","meta":{"footnotes":""},"class_list":["post-49786","page","type-page","status-publish"],"_links":{"self":[{"href":"https:\/\/suislepapuhkekeskus.ee\/en\/wp-json\/wp\/v2\/pages\/49786","targetHints":{"allow":["GET"]}}],"collection":[{"href":"https:\/\/suislepapuhkekeskus.ee\/en\/wp-json\/wp\/v2\/pages"}],"about":[{"href":"https:\/\/suislepapuhkekeskus.ee\/en\/wp-json\/wp\/v2\/types\/page"}],"author":[{"embeddable":true,"href":"https:\/\/suislepapuhkekeskus.ee\/en\/wp-json\/wp\/v2\/users\/1"}],"replies":[{"embeddable":true,"href":"https:\/\/suislepapuhkekeskus.ee\/en\/wp-json\/wp\/v2\/comments?post=49786"}],"version-history":[{"count":3,"href":"https:\/\/suislepapuhkekeskus.ee\/en\/wp-json\/wp\/v2\/pages\/49786\/revisions"}],"predecessor-version":[{"id":51342,"href":"https:\/\/suislepapuhkekeskus.ee\/en\/wp-json\/wp\/v2\/pages\/49786\/revisions\/51342"}],"wp:attachment":[{"href":"https:\/\/suislepapuhkekeskus.ee\/en\/wp-json\/wp\/v2\/media?parent=49786"}],"curies":[{"name":"wp","href":"https:\/\/api.w.org\/{rel}","templated":true}]}}