{"id":50186,"date":"2025-06-01T12:58:24","date_gmt":"2025-06-01T12:58:24","guid":{"rendered":"https:\/\/suislepapuhkekeskus.ee\/?page_id=50186"},"modified":"2025-07-13T17:59:14","modified_gmt":"2025-07-13T17:59:14","slug":"pulmad","status":"publish","type":"page","link":"https:\/\/suislepapuhkekeskus.ee\/en\/pulmad\/","title":{"rendered":"WEDDING"},"content":{"rendered":"<div data-elementor-type=\"wp-page\" data-elementor-id=\"50186\" class=\"elementor elementor-50186\" data-elementor-post-type=\"page\">\n\t\t\t\t<div class=\"elementor-element elementor-element-4df65c7 e-flex e-con-boxed e-con e-parent\" data-id=\"4df65c7\" data-element_type=\"container\" data-e-type=\"container\" data-settings=\"{&quot;background_background&quot;:&quot;classic&quot;}\">\n\t\t\t\t\t<div class=\"e-con-inner\">\n\t\t\t\t\t<\/div>\n\t\t\t\t<\/div>\n\t\t<div class=\"elementor-element elementor-element-f718aa7 e-flex e-con-boxed e-con e-parent\" data-id=\"f718aa7\" data-element_type=\"container\" data-e-type=\"container\" data-settings=\"{&quot;background_background&quot;:&quot;classic&quot;}\">\n\t\t\t\t\t<div class=\"e-con-inner\">\n\t\t\t\t<div class=\"elementor-element elementor-element-066a798 elementor-widget elementor-widget-text-editor\" data-id=\"066a798\" data-element_type=\"widget\" data-e-type=\"widget\" data-widget_type=\"text-editor.default\">\n\t\t\t\t<div class=\"elementor-widget-container\">\n\t\t\t\t\t\t\t\t\t<div class=\"banner-wrap\"><div class=\"wsite-elements wsite-not-footer wsite-header-elements\"><div class=\"wsite-section-wrap\"><div class=\"wsite-section wsite-header-section\"><div class=\"wsite-section-content\"><div class=\"container\"><div class=\"banner\"><div class=\"wsite-section-elements\"><h2 class=\"wsite-content-title\"><span style=\"color: #8c7777;\">The most romantic party of your life at Suislepa Holiday Center<\/span><\/h2><\/div><\/div><\/div><\/div><\/div><\/div><\/div><\/div>\t\t\t\t\t\t\t\t<\/div>\n\t\t\t\t<\/div>\n\t\t\t\t\t<\/div>\n\t\t\t\t<\/div>\n\t\t<div class=\"elementor-element elementor-element-d2d5815 e-flex e-con-boxed e-con e-parent\" data-id=\"d2d5815\" data-element_type=\"container\" data-e-type=\"container\" data-settings=\"{&quot;background_background&quot;:&quot;classic&quot;}\">\n\t\t\t\t\t<div class=\"e-con-inner\">\n\t\t\t\t<div class=\"elementor-element elementor-element-89538e3 elementor-widget elementor-widget-text-editor\" data-id=\"89538e3\" data-element_type=\"widget\" data-e-type=\"widget\" data-widget_type=\"text-editor.default\">\n\t\t\t\t<div class=\"elementor-widget-container\">\n\t\t\t\t\t\t\t\t\t<p style=\"text-align: center;\"><span style=\"color: #676767;\">Suislepa Holiday Center is a great place to finally celebrate the most memorable celebration of your life \u2013 your WEDDING! The romantic riverside location and surrounding pristine nature create a magical atmosphere in which to celebrate the union of love with your loved ones and friends.\u00a0<\/span><\/p><p style=\"text-align: center;\"><span style=\"color: #676767;\">For the wedding party, we offer a banquet hall suitable for 40 guests, and if the weather is nice, it is also possible to hold the wedding on the approx. 170 m2 outdoor terrace. We will help you with everything you need to make your wedding exactly the event of your dreams! <\/span><\/p><p style=\"text-align: center;\"><span style=\"color: #676767;\">Feel free to contact us and come and see our options so that we can organize a wedding party that is well thought out down to the last detail and meets your expectations!\u00a0<\/span><\/p>\t\t\t\t\t\t\t\t<\/div>\n\t\t\t\t<\/div>\n\t\t\t\t<div class=\"elementor-element elementor-element-77208e7 elementor-widget elementor-widget-button\" data-id=\"77208e7\" data-element_type=\"widget\" data-e-type=\"widget\" data-widget_type=\"button.default\">\n\t\t\t\t<div class=\"elementor-widget-container\">\n\t\t\t\t\t\t\t\t\t<div class=\"elementor-button-wrapper\">\n\t\t\t\t\t<a class=\"elementor-button elementor-button-link elementor-size-sm\" href=\"mailto:info@suislepapuhkekeskus.ee\">\n\t\t\t\t\t\t<span class=\"elementor-button-content-wrapper\">\n\t\t\t\t\t\t<span class=\"elementor-button-icon\">\n\t\t\t\t<svg aria-hidden=\"true\" class=\"e-font-icon-svg e-fas-mail-bulk\" viewbox=\"0 0 576 512\" xmlns=\"http:\/\/www.w3.org\/2000\/svg\"><path d=\"M160 448c-25.6 0-51.2-22.4-64-32-64-44.8-83.2-60.8-96-70.4V480c0 17.67 14.33 32 32 32h256c17.67 0 32-14.33 32-32V345.6c-12.8 9.6-32 25.6-96 70.4-12.8 9.6-38.4 32-64 32zm128-192H32c-17.67 0-32 14.33-32 32v16c25.6 19.2 22.4 19.2 115.2 86.4 9.6 6.4 28.8 25.6 44.8 25.6s35.2-19.2 44.8-22.4c92.8-67.2 89.6-67.2 115.2-86.4V288c0-17.67-14.33-32-32-32zm256-96H224c-17.67 0-32 14.33-32 32v32h96c33.21 0 60.59 25.42 63.71 57.82l.29-.22V416h192c17.67 0 32-14.33 32-32V192c0-17.67-14.33-32-32-32zm-32 128h-64v-64h64v64zm-352-96c0-35.29 28.71-64 64-64h224V32c0-17.67-14.33-32-32-32H96C78.33 0 64 14.33 64 32v192h96v-32z\"><\/path><\/svg>\t\t\t<\/span>\n\t\t\t\t\t\t\t\t\t<span class=\"elementor-button-text\">ASK FOR A QUOTE<\/span>\n\t\t\t\t\t<\/span>\n\t\t\t\t\t<\/a>\n\t\t\t\t<\/div>\n\t\t\t\t\t\t\t\t<\/div>\n\t\t\t\t<\/div>\n\t\t\t\t\t<\/div>\n\t\t\t\t<\/div>\n\t\t\t\t<\/div>","protected":false},"excerpt":{"rendered":"<p>Teie elu romantilisim pidu Suislepa Puhkekeskuses Suislepa Puhkekeskus on suurep\u00e4rane koht viimaks l\u00e4bi teie elu meeldej\u00e4\u00e4vaimat pidu \u2013 PULMAPIDU! Romantiline j\u00f5e\u00e4\u00e4rne asukoht ning \u00fcmbritsev \u00fcrgloodus loovad maagilise atmosf\u00e4\u00e4ri, kus oma l\u00e4hedaste ja s\u00f5pradega armastuse liitu t\u00e4histada.\u00a0 Pulmapeo jaoks pakume 40-le k\u00fclalisele sobivat peosaali, samuti on v\u00f5imalik ilusa ilma korral viia pulmad l\u00e4bi c.a 170 m2-sel &#8230; <a title=\"WEDDING\" class=\"read-more\" href=\"https:\/\/suislepapuhkekeskus.ee\/en\/pulmad\/\" aria-label=\"Read more about PULMAD\">Read more<\/a><\/p>","protected":false},"author":1,"featured_media":0,"parent":0,"menu_order":0,"comment_status":"closed","ping_status":"closed","template":"elementor_header_footer","meta":{"footnotes":""},"class_list":["post-50186","page","type-page","status-publish"],"_links":{"self":[{"href":"https:\/\/suislepapuhkekeskus.ee\/en\/wp-json\/wp\/v2\/pages\/50186","targetHints":{"allow":["GET"]}}],"collection":[{"href":"https:\/\/suislepapuhkekeskus.ee\/en\/wp-json\/wp\/v2\/pages"}],"about":[{"href":"https:\/\/suislepapuhkekeskus.ee\/en\/wp-json\/wp\/v2\/types\/page"}],"author":[{"embeddable":true,"href":"https:\/\/suislepapuhkekeskus.ee\/en\/wp-json\/wp\/v2\/users\/1"}],"replies":[{"embeddable":true,"href":"https:\/\/suislepapuhkekeskus.ee\/en\/wp-json\/wp\/v2\/comments?post=50186"}],"version-history":[{"count":3,"href":"https:\/\/suislepapuhkekeskus.ee\/en\/wp-json\/wp\/v2\/pages\/50186\/revisions"}],"predecessor-version":[{"id":51399,"href":"https:\/\/suislepapuhkekeskus.ee\/en\/wp-json\/wp\/v2\/pages\/50186\/revisions\/51399"}],"wp:attachment":[{"href":"https:\/\/suislepapuhkekeskus.ee\/en\/wp-json\/wp\/v2\/media?parent=50186"}],"curies":[{"name":"wp","href":"https:\/\/api.w.org\/{rel}","templated":true}]}}