{"id":50405,"date":"2025-06-01T19:43:58","date_gmt":"2025-06-01T19:43:58","guid":{"rendered":"https:\/\/suislepapuhkekeskus.ee\/?page_id=50405"},"modified":"2025-09-24T19:06:03","modified_gmt":"2025-09-24T19:06:03","slug":"hinnad-ja-tingimused","status":"publish","type":"page","link":"https:\/\/suislepapuhkekeskus.ee\/en\/hinnad-ja-tingimused\/","title":{"rendered":"PRICES AND CONDITIONS"},"content":{"rendered":"<div data-elementor-type=\"wp-page\" data-elementor-id=\"50405\" class=\"elementor elementor-50405\" data-elementor-post-type=\"page\">\n\t\t\t\t<div class=\"elementor-element elementor-element-4df65c7 e-flex e-con-boxed e-con e-parent\" data-id=\"4df65c7\" data-element_type=\"container\" data-e-type=\"container\" data-settings=\"{&quot;background_background&quot;:&quot;classic&quot;}\">\n\t\t\t\t\t<div class=\"e-con-inner\">\n\t\t\t\t\t<\/div>\n\t\t\t\t<\/div>\n\t\t<div class=\"elementor-element elementor-element-e929ba1 e-flex e-con-boxed e-con e-parent\" data-id=\"e929ba1\" data-element_type=\"container\" data-e-type=\"container\">\n\t\t\t\t\t<div class=\"e-con-inner\">\n\t\t\t\t<div class=\"elementor-element elementor-element-e23781a elementor-widget elementor-widget-heading\" data-id=\"e23781a\" data-element_type=\"widget\" data-e-type=\"widget\" data-widget_type=\"heading.default\">\n\t\t\t\t<div class=\"elementor-widget-container\">\n\t\t\t\t\t<h2 class=\"elementor-heading-title elementor-size-default\"><br>Prices and conditions<\/h2>\t\t\t\t<\/div>\n\t\t\t\t<\/div>\n\t\t\t\t\t<\/div>\n\t\t\t\t<\/div>\n\t\t<div class=\"elementor-element elementor-element-f718aa7 e-flex e-con-boxed e-con e-parent\" data-id=\"f718aa7\" data-element_type=\"container\" data-e-type=\"container\" data-settings=\"{&quot;background_background&quot;:&quot;classic&quot;}\">\n\t\t\t\t\t<div class=\"e-con-inner\">\n\t\t\t\t<div class=\"elementor-element elementor-element-066a798 elementor-widget elementor-widget-text-editor\" data-id=\"066a798\" data-element_type=\"widget\" data-e-type=\"widget\" data-widget_type=\"text-editor.default\">\n\t\t\t\t<div class=\"elementor-widget-container\">\n\t\t\t\t\t\t\t\t\t<p><span style=\"color: #000000;\">We always try to find the best possible solution for you to relax and hold events with us!<\/span><\/p>\t\t\t\t\t\t\t\t<\/div>\n\t\t\t\t<\/div>\n\t\t\t\t\t<\/div>\n\t\t\t\t<\/div>\n\t\t<div class=\"elementor-element elementor-element-1b9335d e-flex e-con-boxed e-con e-parent\" data-id=\"1b9335d\" data-element_type=\"container\" data-e-type=\"container\" data-settings=\"{&quot;background_background&quot;:&quot;classic&quot;}\">\n\t\t\t\t\t<div class=\"e-con-inner\">\n\t\t\t\t<div class=\"elementor-element elementor-element-61aadb5 elementor-widget elementor-widget-text-editor\" data-id=\"61aadb5\" data-element_type=\"widget\" data-e-type=\"widget\" data-widget_type=\"text-editor.default\">\n\t\t\t\t<div class=\"elementor-widget-container\">\n\t\t\t\t\t\t\t\t\t<p><strong>Suislepa Holiday Center<\/strong>\u00a0is a great place to hold company events (seminars, trainings, summer days, team days and other team events), meet and celebrate with family and friends (birthdays, weddings, reunions and other important events)\u00a0<\/p><p>The holiday center&#039;s accommodation building will be made available to you either in its entirety (40 beds) or in part (20 beds).<br \/>\u200bA partial booking includes use of the 1st and 2nd floors of the building (see floor descriptions on the \u201cAccommodation\u201d page). If accommodation is not required, the seminar room and sauna on the 1st floor of the building can also be booked separately.\u00a0<\/p><p>Possibility to book a singing stage with a visitor area for concerts, summer performances or other outdoor events.\u00a0<\/p><p><strong>Additional services:<\/strong>\u00a0catering, seminar equipment rental, sauna use, outdoor furniture and party tent rental, various hikes (See \u201cHikes\u201d)<\/p>\t\t\t\t\t\t\t\t<\/div>\n\t\t\t\t<\/div>\n\t\t\t\t\t<\/div>\n\t\t\t\t<\/div>\n\t\t<div class=\"elementor-element elementor-element-e673e33 e-grid e-con-boxed e-con e-parent\" data-id=\"e673e33\" data-element_type=\"container\" data-e-type=\"container\" data-settings=\"{&quot;background_background&quot;:&quot;classic&quot;}\">\n\t\t\t\t\t<div class=\"e-con-inner\">\n\t\t<div class=\"elementor-element elementor-element-89b8739 e-con-full e-flex e-con e-child\" data-id=\"89b8739\" data-element_type=\"container\" data-e-type=\"container\">\n\t\t\t\t<div class=\"elementor-element elementor-element-ceb8f48 elementor-widget elementor-widget-heading\" data-id=\"ceb8f48\" data-element_type=\"widget\" data-e-type=\"widget\" data-widget_type=\"heading.default\">\n\t\t\t\t<div class=\"elementor-widget-container\">\n\t\t\t\t\t<h3 class=\"elementor-heading-title elementor-size-default\">Season\n<\/h3>\t\t\t\t<\/div>\n\t\t\t\t<\/div>\n\t\t\t\t<div class=\"elementor-element elementor-element-2f17f33 elementor-widget elementor-widget-text-editor\" data-id=\"2f17f33\" data-element_type=\"widget\" data-e-type=\"widget\" data-widget_type=\"text-editor.default\">\n\t\t\t\t<div class=\"elementor-widget-container\">\n\t\t\t\t\t\t\t\t\t<p><strong>Suislepa Holiday Center<\/strong> is open all year round<br \/><br \/>Check-in from 15:00<br \/>Check-out until 12:00<\/p>\t\t\t\t\t\t\t\t<\/div>\n\t\t\t\t<\/div>\n\t\t\t\t<\/div>\n\t\t<div class=\"elementor-element elementor-element-aea7321 e-con-full e-flex e-con e-child\" data-id=\"aea7321\" data-element_type=\"container\" data-e-type=\"container\">\n\t\t\t\t<div class=\"elementor-element elementor-element-e8d7ccb elementor-widget elementor-widget-heading\" data-id=\"e8d7ccb\" data-element_type=\"widget\" data-e-type=\"widget\" data-widget_type=\"heading.default\">\n\t\t\t\t<div class=\"elementor-widget-container\">\n\t\t\t\t\t<h3 class=\"elementor-heading-title elementor-size-default\">Prices<\/h3>\t\t\t\t<\/div>\n\t\t\t\t<\/div>\n\t\t\t\t<div class=\"elementor-element elementor-element-b2532fe elementor-widget elementor-widget-text-editor\" data-id=\"b2532fe\" data-element_type=\"widget\" data-e-type=\"widget\" data-widget_type=\"text-editor.default\">\n\t\t\t\t<div class=\"elementor-widget-container\">\n\t\t\t\t\t\t\t\t\t<p>Rental price for the whole house from \u20ac900\/day <br \/>Partial house rental price from 750\u20ac\/day<\/p><p>A cleaning fee of \u20ac250\/time is added to the prices.<\/p><p>You can find single room prices on weekdays here:<br data-start=\"261\" data-end=\"264\" \/><a class=\"\" href=\"https:\/\/www.booking.com\/hotel\/ee\/suislepa-puhkekeskus.html\" target=\"_new\" rel=\"noopener\" data-start=\"267\" data-end=\"323\">Check prices on Booking.com<\/a><\/p><p>VAT is added to services.<\/p>\t\t\t\t\t\t\t\t<\/div>\n\t\t\t\t<\/div>\n\t\t\t\t<\/div>\n\t\t<div class=\"elementor-element elementor-element-7386bd7 e-con-full e-flex e-con e-child\" data-id=\"7386bd7\" data-element_type=\"container\" data-e-type=\"container\">\n\t\t\t\t<div class=\"elementor-element elementor-element-73e6e8f elementor-widget elementor-widget-heading\" data-id=\"73e6e8f\" data-element_type=\"widget\" data-e-type=\"widget\" data-widget_type=\"heading.default\">\n\t\t\t\t<div class=\"elementor-widget-container\">\n\t\t\t\t\t<h3 class=\"elementor-heading-title elementor-size-default\">Stage booking<\/h3>\t\t\t\t<\/div>\n\t\t\t\t<\/div>\n\t\t\t\t<div class=\"elementor-element elementor-element-5798c4a elementor-widget elementor-widget-text-editor\" data-id=\"5798c4a\" data-element_type=\"widget\" data-e-type=\"widget\" data-widget_type=\"text-editor.default\">\n\t\t\t\t<div class=\"elementor-widget-container\">\n\t\t\t\t\t\t\t\t\t<p>The Suislepa singing stage offers a great opportunity to hold concerts, summer performances and other outdoor events! The stage size is approx. 170m2 and the benches and picnic blankets on the hillside can accommodate approx. 800 spectators.<br \/><br \/>Stage and visitor area booking \u20ac500 (VAT included)<\/p>\t\t\t\t\t\t\t\t<\/div>\n\t\t\t\t<\/div>\n\t\t\t\t<\/div>\n\t\t\t\t\t<\/div>\n\t\t\t\t<\/div>\n\t\t<div class=\"elementor-element elementor-element-d2d5815 e-flex e-con-boxed e-con e-parent\" data-id=\"d2d5815\" data-element_type=\"container\" data-e-type=\"container\" data-settings=\"{&quot;background_background&quot;:&quot;classic&quot;}\">\n\t\t\t\t\t<div class=\"e-con-inner\">\n\t\t\t\t<div class=\"elementor-element elementor-element-77208e7 elementor-widget elementor-widget-button\" data-id=\"77208e7\" data-element_type=\"widget\" data-e-type=\"widget\" data-widget_type=\"button.default\">\n\t\t\t\t<div class=\"elementor-widget-container\">\n\t\t\t\t\t\t\t\t\t<div class=\"elementor-button-wrapper\">\n\t\t\t\t\t<a class=\"elementor-button elementor-button-link elementor-size-sm\" href=\"mailto:info@suislepapuhkekeskus.ee\">\n\t\t\t\t\t\t<span class=\"elementor-button-content-wrapper\">\n\t\t\t\t\t\t<span class=\"elementor-button-icon\">\n\t\t\t\t<svg aria-hidden=\"true\" class=\"e-font-icon-svg e-fas-mail-bulk\" viewbox=\"0 0 576 512\" xmlns=\"http:\/\/www.w3.org\/2000\/svg\"><path d=\"M160 448c-25.6 0-51.2-22.4-64-32-64-44.8-83.2-60.8-96-70.4V480c0 17.67 14.33 32 32 32h256c17.67 0 32-14.33 32-32V345.6c-12.8 9.6-32 25.6-96 70.4-12.8 9.6-38.4 32-64 32zm128-192H32c-17.67 0-32 14.33-32 32v16c25.6 19.2 22.4 19.2 115.2 86.4 9.6 6.4 28.8 25.6 44.8 25.6s35.2-19.2 44.8-22.4c92.8-67.2 89.6-67.2 115.2-86.4V288c0-17.67-14.33-32-32-32zm256-96H224c-17.67 0-32 14.33-32 32v32h96c33.21 0 60.59 25.42 63.71 57.82l.29-.22V416h192c17.67 0 32-14.33 32-32V192c0-17.67-14.33-32-32-32zm-32 128h-64v-64h64v64zm-352-96c0-35.29 28.71-64 64-64h224V32c0-17.67-14.33-32-32-32H96C78.33 0 64 14.33 64 32v192h96v-32z\"><\/path><\/svg>\t\t\t<\/span>\n\t\t\t\t\t\t\t\t\t<span class=\"elementor-button-text\">ASK FOR A QUOTE<\/span>\n\t\t\t\t\t<\/span>\n\t\t\t\t\t<\/a>\n\t\t\t\t<\/div>\n\t\t\t\t\t\t\t\t<\/div>\n\t\t\t\t<\/div>\n\t\t\t\t\t<\/div>\n\t\t\t\t<\/div>\n\t\t\t\t<\/div>","protected":false},"excerpt":{"rendered":"<p>Hinnad ja tingimused P\u00fc\u00fcame alati leida Teile parima v\u00f5imaliku lahenduse meie juures puhkamiseks ning \u00fcrituste l\u00e4biviimiseks! Suislepa Puhkekeskus\u00a0on suurep\u00e4rane koht firma\u00fcrituste l\u00e4biviimiseks (seminarid, koolitused, suvep\u00e4evad, tiimip\u00e4evad ja teised meeskonna\u00fcritused), pere ja s\u00f5pradega kohtumiseks ja t\u00e4histamiseks (s\u00fcnnip\u00e4evad, pulmad, kokkutulekud ja teised t\u00e4hts\u00fcndmused)\u00a0 Puhkekeskuse majutushoone antakse Teie k\u00e4sutusse kas terves ulatuses (40 voodikohta) v\u00f5i osaliselt (20 voodikohta)\u200bOsaline &#8230; <a title=\"PRICES AND CONDITIONS\" class=\"read-more\" href=\"https:\/\/suislepapuhkekeskus.ee\/en\/hinnad-ja-tingimused\/\" aria-label=\"Read more about HINNAD JA TINGIMUSED\">Read more<\/a><\/p>","protected":false},"author":1,"featured_media":0,"parent":0,"menu_order":0,"comment_status":"closed","ping_status":"closed","template":"elementor_header_footer","meta":{"footnotes":""},"class_list":["post-50405","page","type-page","status-publish"],"_links":{"self":[{"href":"https:\/\/suislepapuhkekeskus.ee\/en\/wp-json\/wp\/v2\/pages\/50405","targetHints":{"allow":["GET"]}}],"collection":[{"href":"https:\/\/suislepapuhkekeskus.ee\/en\/wp-json\/wp\/v2\/pages"}],"about":[{"href":"https:\/\/suislepapuhkekeskus.ee\/en\/wp-json\/wp\/v2\/types\/page"}],"author":[{"embeddable":true,"href":"https:\/\/suislepapuhkekeskus.ee\/en\/wp-json\/wp\/v2\/users\/1"}],"replies":[{"embeddable":true,"href":"https:\/\/suislepapuhkekeskus.ee\/en\/wp-json\/wp\/v2\/comments?post=50405"}],"version-history":[{"count":3,"href":"https:\/\/suislepapuhkekeskus.ee\/en\/wp-json\/wp\/v2\/pages\/50405\/revisions"}],"predecessor-version":[{"id":51549,"href":"https:\/\/suislepapuhkekeskus.ee\/en\/wp-json\/wp\/v2\/pages\/50405\/revisions\/51549"}],"wp:attachment":[{"href":"https:\/\/suislepapuhkekeskus.ee\/en\/wp-json\/wp\/v2\/media?parent=50405"}],"curies":[{"name":"wp","href":"https:\/\/api.w.org\/{rel}","templated":true}]}}