{"id":50699,"date":"2025-06-07T22:02:56","date_gmt":"2025-06-07T22:02:56","guid":{"rendered":"https:\/\/suislepapuhkekeskus.ee\/?page_id=50699"},"modified":"2025-06-08T22:27:22","modified_gmt":"2025-06-08T22:27:22","slug":"suislepa","status":"publish","type":"page","link":"https:\/\/suislepapuhkekeskus.ee\/en\/suislepa\/","title":{"rendered":"SWEATSHIRT"},"content":{"rendered":"<div data-elementor-type=\"wp-page\" data-elementor-id=\"50699\" class=\"elementor elementor-50699\" data-elementor-post-type=\"page\">\n\t\t\t\t<div class=\"elementor-element elementor-element-4df65c7 e-flex e-con-boxed e-con e-parent\" data-id=\"4df65c7\" data-element_type=\"container\" data-e-type=\"container\" data-settings=\"{&quot;background_background&quot;:&quot;classic&quot;}\">\n\t\t\t\t\t<div class=\"e-con-inner\">\n\t\t\t\t\t<\/div>\n\t\t\t\t<\/div>\n\t\t<div class=\"elementor-element elementor-element-63e027b e-flex e-con-boxed e-con e-parent\" data-id=\"63e027b\" data-element_type=\"container\" data-e-type=\"container\" data-settings=\"{&quot;background_background&quot;:&quot;classic&quot;}\">\n\t\t\t\t\t<div class=\"e-con-inner\">\n\t\t\t\t<div class=\"elementor-element elementor-element-d41ad31 elementor-widget elementor-widget-heading\" data-id=\"d41ad31\" data-element_type=\"widget\" data-e-type=\"widget\" data-widget_type=\"heading.default\">\n\t\t\t\t<div class=\"elementor-widget-container\">\n\t\t\t\t\t<h2 class=\"elementor-heading-title elementor-size-default\">Suislepa<\/h2>\t\t\t\t<\/div>\n\t\t\t\t<\/div>\n\t\t\t\t<div class=\"elementor-element elementor-element-d61bb0c elementor-widget elementor-widget-text-editor\" data-id=\"d61bb0c\" data-element_type=\"widget\" data-e-type=\"widget\" data-widget_type=\"text-editor.default\">\n\t\t\t\t<div class=\"elementor-widget-container\">\n\t\t\t\t\t\t\t\t\t<p>In addition to our own pleasant recreation center, there is a lot to explore in Suislepa and its surroundings!<\/p>\t\t\t\t\t\t\t\t<\/div>\n\t\t\t\t<\/div>\n\t\t\t\t\t<\/div>\n\t\t\t\t<\/div>\n\t\t<div class=\"elementor-element elementor-element-e7ed18e e-flex e-con-boxed e-con e-parent\" data-id=\"e7ed18e\" data-element_type=\"container\" data-e-type=\"container\" data-settings=\"{&quot;background_background&quot;:&quot;classic&quot;}\">\n\t\t\t\t\t<div class=\"e-con-inner\">\n\t\t\t\t<div class=\"elementor-element elementor-element-aa5a1e0 elementor-widget elementor-widget-text-editor\" data-id=\"aa5a1e0\" data-element_type=\"widget\" data-e-type=\"widget\" data-widget_type=\"text-editor.default\">\n\t\t\t\t<div class=\"elementor-widget-container\">\n\t\t\t\t\t\t\t\t\t<p>The village of Suislepa is primarily known for the apple variety of the same name.<br \/>Today, Suislepa is a cozy village with the usual infrastructure of rural life. A visit to Suislepa is made special by the beautiful pristine nature, places for recreation and leisure, and activities that are constantly developing and offer a complete visitor experience for both families and larger groups.<\/p><p>Once you have visited Suislepa Manor, the stone dedicated to the apple tree, the sandstone outcrop, and the memorial stone dedicated to the famine years, there is a recreation area on the banks of the \u00d5hne River with a campfire site, fishing spot, boat harbor, and swing.\u00a0<strong>Near the recreation area there is a basketball and volleyball court, a football field, and a children&#039;s playground with everything you need.<\/strong> The approximately 1km-long Manor House hiking trail begins at the edge of the recreation area, with a boardwalk that allows for walking in both summer and winter. Those with more experience can bring a bicycle or stroller. The guide has placed information boards near the hiking trail introducing different tree species so that you don&#039;t get carried away with his story.<\/p><p>\u200bIf you need help, you can ask anyone you meet. The answers are often evasive and long. So far, only one group of tourists from eastern Brazil has been left without help because they didn&#039;t ask anything.<br \/>\u200bwww.suislepa.ee\u00a0<\/p><p>The city of Viljandi is located 40km away from us, and Lake V\u00f5rtsj\u00e4rv can be reached in a 10-minute car or boat ride!<\/p>\t\t\t\t\t\t\t\t<\/div>\n\t\t\t\t<\/div>\n\t\t\t\t<div class=\"elementor-element elementor-element-a3c2a3a elementor-widget-divider--view-line elementor-widget elementor-widget-divider\" data-id=\"a3c2a3a\" data-element_type=\"widget\" data-e-type=\"widget\" data-widget_type=\"divider.default\">\n\t\t\t\t<div class=\"elementor-widget-container\">\n\t\t\t\t\t\t\t<div class=\"elementor-divider\">\n\t\t\t<span class=\"elementor-divider-separator\">\n\t\t\t\t\t\t<\/span>\n\t\t<\/div>\n\t\t\t\t\t\t<\/div>\n\t\t\t\t<\/div>\n\t\t\t\t<div class=\"elementor-element elementor-element-3a30b05 elementor-widget elementor-widget-video\" data-id=\"3a30b05\" data-element_type=\"widget\" data-e-type=\"widget\" data-settings=\"{&quot;youtube_url&quot;:&quot;https:\\\/\\\/www.youtube.com\\\/watch?v=XoojeLCzBMo&quot;,&quot;video_type&quot;:&quot;youtube&quot;,&quot;controls&quot;:&quot;yes&quot;}\" data-widget_type=\"video.default\">\n\t\t\t\t<div class=\"elementor-widget-container\">\n\t\t\t\t\t\t\t<div class=\"elementor-wrapper elementor-open-inline\">\n\t\t\t<div class=\"elementor-video\"><\/div>\t\t<\/div>\n\t\t\t\t\t\t<\/div>\n\t\t\t\t<\/div>\n\t\t\t\t<div class=\"elementor-element elementor-element-1ee67ed elementor-widget-divider--view-line elementor-widget elementor-widget-divider\" data-id=\"1ee67ed\" data-element_type=\"widget\" data-e-type=\"widget\" data-widget_type=\"divider.default\">\n\t\t\t\t<div class=\"elementor-widget-container\">\n\t\t\t\t\t\t\t<div class=\"elementor-divider\">\n\t\t\t<span class=\"elementor-divider-separator\">\n\t\t\t\t\t\t<\/span>\n\t\t<\/div>\n\t\t\t\t\t\t<\/div>\n\t\t\t\t<\/div>\n\t\t\t\t<div class=\"elementor-element elementor-element-6768222 elementor-widget elementor-widget-heading\" data-id=\"6768222\" data-element_type=\"widget\" data-e-type=\"widget\" data-widget_type=\"heading.default\">\n\t\t\t\t<div class=\"elementor-widget-container\">\n\t\t\t\t\t<h3 class=\"elementor-heading-title elementor-size-default\">The story of the Suislepa apple<\/h3>\t\t\t\t<\/div>\n\t\t\t\t<\/div>\n\t\t\t\t<div class=\"elementor-element elementor-element-29398a7 elementor-widget elementor-widget-text-editor\" data-id=\"29398a7\" data-element_type=\"widget\" data-e-type=\"widget\" data-widget_type=\"text-editor.default\">\n\t\t\t\t<div class=\"elementor-widget-container\">\n\t\t\t\t\t\t\t\t\t<p>The apple variety \u201cSuislepp\u201d is a local variety that has started to spread from the garden of Suislepa Manor. The variety has been known for a long time and all historical data indicate that it was grown here as early as the 18th century. According to W. Paskevits, the variety was bred from the seed of a Persian red summer apple. The French pomologist A. Leroy first mentioned the apple variety \u201cSuislepa\u201d in print in 1845. By that time, our apple variety had already spread to many European countries. At the beginning of the 18th century, there was a manor in Suislepa \u2013 a crown manor, the mansion of which was located above the current singing stage and the former Nurmekivi house. Since the Northern War was going on, Russian and Swedish troops passed through the manor repeatedly, crossing the \u00d5hne River in rafts above the heart of the manor (the Viljandi-Oiu-Tartu road did not yet exist). At that time, it was hardly possible to engage in apple tree breeding, historians believe. The exact time of apple tree breeding is unknown. The next owner of the state manor was Heinrich Bruiningk, the general superintendent of Livonia from 1725 to 1734, whose deputy in Suislepa was the very enterprising lieutenant von Folek. The breeding of the \u201cSuislepa\u201d apple is considered to be the merit of these men and the manor gardener. Unfortunately, the name of the talented gardener is not known. In 1797, Emperor Paul 1 separated a piece of land from the Suislepa crown manor and gave it to Baron Mengden in hereditary ownership. Two manors emerged in Suislepa \u2013 the Vana-Suislepa crown manor and the Uue-Suislepa private manor. The orchard remained in Uue-Suislepa. Estonia\u2019s first pomologist, Spuhl-Rotalia, has listed the good qualities of the \u201cSuislepa\u201d apple: the best table apple, an equally good eating, kitchen and sales apple, an expensive and delicately flavoured variety, suitable for growing in both large and small gardens. If someone starts a garden the size of a vacant lot, there should be 5 \u201cSuisleppa\u201d there, he thought. Jurjev\u2019s lunstkerner Danguelli also ranked \u201cSuisleppa\u201d among the 10 best varieties.\u00a0<\/p>\t\t\t\t\t\t\t\t<\/div>\n\t\t\t\t<\/div>\n\t\t\t\t<div class=\"elementor-element elementor-element-226e48a elementor-widget elementor-widget-image\" data-id=\"226e48a\" data-element_type=\"widget\" data-e-type=\"widget\" data-widget_type=\"image.default\">\n\t\t\t\t<div class=\"elementor-widget-container\">\n\t\t\t\t\t\t\t\t\t\t\t\t\t\t\t<img fetchpriority=\"high\" decoding=\"async\" width=\"800\" height=\"533\" src=\"https:\/\/suislepapuhkekeskus.ee\/wp-content\/uploads\/2025\/06\/suislepp200_orig.jpg\" class=\"attachment-large size-large wp-image-50739\" alt=\"\" srcset=\"https:\/\/suislepapuhkekeskus.ee\/wp-content\/uploads\/2025\/06\/suislepp200_orig.jpg 800w, https:\/\/suislepapuhkekeskus.ee\/wp-content\/uploads\/2025\/06\/suislepp200_orig-300x200.jpg 300w, https:\/\/suislepapuhkekeskus.ee\/wp-content\/uploads\/2025\/06\/suislepp200_orig-768x512.jpg 768w\" sizes=\"(max-width: 800px) 100vw, 800px\" \/>\t\t\t\t\t\t\t\t\t\t\t\t\t\t\t<\/div>\n\t\t\t\t<\/div>\n\t\t\t\t\t<\/div>\n\t\t\t\t<\/div>\n\t\t<div class=\"elementor-element elementor-element-42e9da5 e-flex e-con-boxed e-con e-parent\" data-id=\"42e9da5\" data-element_type=\"container\" data-e-type=\"container\">\n\t\t\t\t\t<div class=\"e-con-inner\">\n\t\t\t\t<div class=\"elementor-element elementor-element-9e1901c elementor-widget elementor-widget-button\" data-id=\"9e1901c\" data-element_type=\"widget\" data-e-type=\"widget\" data-widget_type=\"button.default\">\n\t\t\t\t<div class=\"elementor-widget-container\">\n\t\t\t\t\t\t\t\t\t<div class=\"elementor-button-wrapper\">\n\t\t\t\t\t<a class=\"elementor-button elementor-button-link elementor-size-sm\" href=\"\/en\/\">\n\t\t\t\t\t\t<span class=\"elementor-button-content-wrapper\">\n\t\t\t\t\t\t\t\t\t<span class=\"elementor-button-text\">HOMEPAGE<\/span>\n\t\t\t\t\t<\/span>\n\t\t\t\t\t<\/a>\n\t\t\t\t<\/div>\n\t\t\t\t\t\t\t\t<\/div>\n\t\t\t\t<\/div>\n\t\t\t\t\t<\/div>\n\t\t\t\t<\/div>\n\t\t\t\t<\/div>","protected":false},"excerpt":{"rendered":"<p>Suislepa Lisaks meie enda m\u00f5nusale puhkekeskusele on Suislepas ja selle l\u00e4hi\u00fcmbruses palju uudistamist! Suislepa k\u00fcla on eelk\u00f5ige tuntud samanimelise \u00f5unasordi poolest.T\u00e4nap\u00e4evane Suislepa on \u00f5dus k\u00fcla tavap\u00e4raste maaelu juurde kuuluvate taristutega. Suislepa k\u00fclastuse muudavad eriliseks kaunis \u00fcrgne loodus, puhke- ja vabaaja veetmiseks m\u00f5eldud kohad ning tegevused, mis arenevad pidevalt ja pakuvad terviklikku k\u00fclastuselamust nii peredele kui &#8230; <a title=\"SWEATSHIRT\" class=\"read-more\" href=\"https:\/\/suislepapuhkekeskus.ee\/en\/suislepa\/\" aria-label=\"Read more about SUISLEPA\">Read more<\/a><\/p>","protected":false},"author":1,"featured_media":0,"parent":0,"menu_order":0,"comment_status":"closed","ping_status":"closed","template":"elementor_header_footer","meta":{"footnotes":""},"class_list":["post-50699","page","type-page","status-publish"],"_links":{"self":[{"href":"https:\/\/suislepapuhkekeskus.ee\/en\/wp-json\/wp\/v2\/pages\/50699","targetHints":{"allow":["GET"]}}],"collection":[{"href":"https:\/\/suislepapuhkekeskus.ee\/en\/wp-json\/wp\/v2\/pages"}],"about":[{"href":"https:\/\/suislepapuhkekeskus.ee\/en\/wp-json\/wp\/v2\/types\/page"}],"author":[{"embeddable":true,"href":"https:\/\/suislepapuhkekeskus.ee\/en\/wp-json\/wp\/v2\/users\/1"}],"replies":[{"embeddable":true,"href":"https:\/\/suislepapuhkekeskus.ee\/en\/wp-json\/wp\/v2\/comments?post=50699"}],"version-history":[{"count":3,"href":"https:\/\/suislepapuhkekeskus.ee\/en\/wp-json\/wp\/v2\/pages\/50699\/revisions"}],"predecessor-version":[{"id":50921,"href":"https:\/\/suislepapuhkekeskus.ee\/en\/wp-json\/wp\/v2\/pages\/50699\/revisions\/50921"}],"wp:attachment":[{"href":"https:\/\/suislepapuhkekeskus.ee\/en\/wp-json\/wp\/v2\/media?parent=50699"}],"curies":[{"name":"wp","href":"https:\/\/api.w.org\/{rel}","templated":true}]}}