{"id":49786,"date":"2025-05-25T21:16:40","date_gmt":"2025-05-25T21:16:40","guid":{"rendered":"https:\/\/suislepapuhkekeskus.ee\/?page_id=49786"},"modified":"2025-07-07T21:47:24","modified_gmt":"2025-07-07T21:47:24","slug":"majutus","status":"publish","type":"page","link":"https:\/\/suislepapuhkekeskus.ee\/fi\/majutus\/","title":{"rendered":"MAJOITUS"},"content":{"rendered":"<div data-elementor-type=\"wp-page\" data-elementor-id=\"49786\" class=\"elementor elementor-49786\" data-elementor-post-type=\"page\">\n\t\t\t\t<div class=\"elementor-element elementor-element-4df65c7 e-flex e-con-boxed e-con e-parent\" data-id=\"4df65c7\" data-element_type=\"container\" data-e-type=\"container\" data-settings=\"{&quot;background_background&quot;:&quot;classic&quot;}\">\n\t\t\t\t\t<div class=\"e-con-inner\">\n\t\t\t\t\t<\/div>\n\t\t\t\t<\/div>\n\t\t<div class=\"elementor-element elementor-element-09ac520 e-grid e-con-boxed e-con e-parent\" data-id=\"09ac520\" data-element_type=\"container\" data-e-type=\"container\">\n\t\t\t\t\t<div class=\"e-con-inner\">\n\t\t\t\t<div class=\"elementor-element elementor-element-c4476a2 elementor-widget elementor-widget-image\" data-id=\"c4476a2\" data-element_type=\"widget\" data-e-type=\"widget\" data-widget_type=\"image.default\">\n\t\t\t\t<div class=\"elementor-widget-container\">\n\t\t\t\t\t\t\t\t\t\t\t\t\t\t\t<img fetchpriority=\"high\" decoding=\"async\" width=\"503\" height=\"442\" src=\"https:\/\/suislepapuhkekeskus.ee\/wp-content\/uploads\/2025\/05\/img-2562_2_orig.jpg\" class=\"attachment-large size-large wp-image-49889\" alt=\"\" srcset=\"https:\/\/suislepapuhkekeskus.ee\/wp-content\/uploads\/2025\/05\/img-2562_2_orig.jpg 503w, https:\/\/suislepapuhkekeskus.ee\/wp-content\/uploads\/2025\/05\/img-2562_2_orig-300x264.jpg 300w\" sizes=\"(max-width: 503px) 100vw, 503px\" \/>\t\t\t\t\t\t\t\t\t\t\t\t\t\t\t<\/div>\n\t\t\t\t<\/div>\n\t\t\t\t<div class=\"elementor-element elementor-element-07d8765 elementor-widget elementor-widget-text-editor\" data-id=\"07d8765\" data-element_type=\"widget\" data-e-type=\"widget\" data-widget_type=\"text-editor.default\">\n\t\t\t\t<div class=\"elementor-widget-container\">\n\t\t\t\t\t\t\t\t\t<h2>Johdanto<\/h2><div><p>Lomakeskuksemme sijaitsee romanttisessa Suislepan kartanonpuistossa \u00d5hne-joen rannalla. Lomakeskuksen majoitusrakennuksessa on holvikaarimainen laululava, joka tekee jokaisesta sis\u00e4tilasta ainutlaatuisen ja luo sis\u00e4pihan puolelle tilavan terassin\/lavan.<\/p><p>Terassi\/lava sopii erinomaisesti erilaisten tapahtumien, kuten konserttien ja kes\u00e4esitysten, sek\u00e4 muiden kokoontumisten j\u00e4rjest\u00e4miseen.<\/p><p>Olet tervetullut juhlimaan erilaisia tapahtumia ja merkkip\u00e4ivi\u00e4 kanssamme, niin perheen kuin yst\u00e4vienkin kanssa;<br \/>j\u00e4rjest\u00e4\u00e4 erilaisia yritystapahtumia, kes\u00e4- ja talvip\u00e4ivi\u00e4, seminaareja ja koulutuksia kollegoiden tai liikekumppaneiden kanssa;\u00a0<br \/>tai vain saadaksesi uutta energiaa, kehitt\u00e4\u00e4ksesi itse\u00e4si, rentoutuaksesi tai urheillaksesi ikivanhan luonnon keskell\u00e4!<\/p><\/div>\t\t\t\t\t\t\t\t<\/div>\n\t\t\t\t<\/div>\n\t\t\t\t<div class=\"elementor-element elementor-element-0e6b754 elementor-widget elementor-widget-text-editor\" data-id=\"0e6b754\" data-element_type=\"widget\" data-e-type=\"widget\" data-widget_type=\"text-editor.default\">\n\t\t\t\t<div class=\"elementor-widget-container\">\n\t\t\t\t\t\t\t\t\t<h2>Majoitusvaihtoehdot<\/h2><p>Suislepan lomakeskukseen mahtuu kerrallaan jopa 40 henkil\u00f6\u00e4.<\/p><p>Virkistyskeskuksen rakennus on kolmikerroksinen.<br \/>Ensimm\u00e4isess\u00e4 kerroksessa on ruokailutila, keitti\u00f6 ja sauna, jossa on tilava suihkuhuone, wc ja eteinen.<br \/>Toisessa kerroksessa on kuusi makuuhuonetta, joista yksi on viiden hengen huone, yksi nelj\u00e4n hengen huone, kolme kolmen hengen huonetta ja yksi nelj\u00e4n hengen huone. Toisessa kerroksessa on my\u00f6s nelj\u00e4 suihkuhuonetta ja nelj\u00e4 wc:t\u00e4.<br \/>Kolmannessa kerroksessa on nelj\u00e4 makuuhuonetta, joista yksi on viiden hengen kaksio, yksi seitsem\u00e4n hengen kaksio, yksi nelj\u00e4n hengen huone parvekkeella ja yksi kolmen hengen huone parvekkeella.<br \/>Kaikissa 3. kerroksen huoneissa on wc ja suihkuhuone. Lis\u00e4vuoteita on saatavilla tarvittaessa.<\/p><p>Lomakeskuksen v\u00e4litt\u00f6m\u00e4ss\u00e4 l\u00e4heisyydess\u00e4 \u00d5hne-joella on venelaituri, jossa voit pulahtaa virkist\u00e4v\u00e4\u00e4n veteen rentouttavan saunan j\u00e4lkeen. Tarjoamme my\u00f6s pitopalvelua pyynn\u00f6st\u00e4.<\/p>\t\t\t\t\t\t\t\t<\/div>\n\t\t\t\t<\/div>\n\t\t<div class=\"elementor-element elementor-element-63fd381 e-con-full e-flex e-con e-child\" data-id=\"63fd381\" data-element_type=\"container\" data-e-type=\"container\">\n\t\t\t\t<div class=\"elementor-element elementor-element-1cac416 elementor-widget elementor-widget-text-editor\" data-id=\"1cac416\" data-element_type=\"widget\" data-e-type=\"widget\" data-widget_type=\"text-editor.default\">\n\t\t\t\t<div class=\"elementor-widget-container\">\n\t\t\t\t\t\t\t\t\t<h2>Suislepan n\u00e4ytt\u00e4m\u00f6<\/h2><div><p>Suislepan lava sijaitsee majoitusrakennuksen sis\u00e4pihalla, ja sen edess\u00e4 olevalla rinteell\u00e4 on penkit katsojille.<\/p><p>Suislepan lava sopii erinomaisesti erilaisten konserttien, kes\u00e4esitysten ja muiden ulkoilmatapahtumien j\u00e4rjest\u00e4miseen.\u00a0<\/p><\/div><div>\u00a0<\/div>\t\t\t\t\t\t\t\t<\/div>\n\t\t\t\t<\/div>\n\t\t\t\t<div class=\"elementor-element elementor-element-5b54cb0 elementor-widget elementor-widget-image\" data-id=\"5b54cb0\" data-element_type=\"widget\" data-e-type=\"widget\" data-widget_type=\"image.default\">\n\t\t\t\t<div class=\"elementor-widget-container\">\n\t\t\t\t\t\t\t\t\t\t\t\t\t\t\t<img decoding=\"async\" src=\"https:\/\/suislepapuhkekeskus.ee\/wp-content\/uploads\/2025\/05\/20170608-223742_1_orig.jpg\" title=\"\" alt=\"\" loading=\"lazy\" \/>\t\t\t\t\t\t\t\t\t\t\t\t\t\t\t<\/div>\n\t\t\t\t<\/div>\n\t\t\t\t<\/div>\n\t\t\t\t\t<\/div>\n\t\t\t\t<\/div>\n\t\t<div class=\"elementor-element elementor-element-42e9da5 e-flex e-con-boxed e-con e-parent\" data-id=\"42e9da5\" data-element_type=\"container\" data-e-type=\"container\">\n\t\t\t\t\t<div class=\"e-con-inner\">\n\t\t\t\t<div class=\"elementor-element elementor-element-9e1901c elementor-widget elementor-widget-button\" data-id=\"9e1901c\" data-element_type=\"widget\" data-e-type=\"widget\" data-widget_type=\"button.default\">\n\t\t\t\t<div class=\"elementor-widget-container\">\n\t\t\t\t\t\t\t\t\t<div class=\"elementor-button-wrapper\">\n\t\t\t\t\t<a class=\"elementor-button elementor-button-link elementor-size-sm\" href=\"\/fi\/galerii\/\">\n\t\t\t\t\t\t<span class=\"elementor-button-content-wrapper\">\n\t\t\t\t\t\t<span class=\"elementor-button-icon\">\n\t\t\t\t<svg aria-hidden=\"true\" class=\"e-font-icon-svg e-fas-photo-video\" viewbox=\"0 0 640 512\" xmlns=\"http:\/\/www.w3.org\/2000\/svg\"><path d=\"M608 0H160a32 32 0 0 0-32 32v96h160V64h192v320h128a32 32 0 0 0 32-32V32a32 32 0 0 0-32-32zM232 103a9 9 0 0 1-9 9h-30a9 9 0 0 1-9-9V73a9 9 0 0 1 9-9h30a9 9 0 0 1 9 9zm352 208a9 9 0 0 1-9 9h-30a9 9 0 0 1-9-9v-30a9 9 0 0 1 9-9h30a9 9 0 0 1 9 9zm0-104a9 9 0 0 1-9 9h-30a9 9 0 0 1-9-9v-30a9 9 0 0 1 9-9h30a9 9 0 0 1 9 9zm0-104a9 9 0 0 1-9 9h-30a9 9 0 0 1-9-9V73a9 9 0 0 1 9-9h30a9 9 0 0 1 9 9zm-168 57H32a32 32 0 0 0-32 32v288a32 32 0 0 0 32 32h384a32 32 0 0 0 32-32V192a32 32 0 0 0-32-32zM96 224a32 32 0 1 1-32 32 32 32 0 0 1 32-32zm288 224H64v-32l64-64 32 32 128-128 96 96z\"><\/path><\/svg>\t\t\t<\/span>\n\t\t\t\t\t\t\t\t\t<span class=\"elementor-button-text\">GALLERIA<\/span>\n\t\t\t\t\t<\/span>\n\t\t\t\t\t<\/a>\n\t\t\t\t<\/div>\n\t\t\t\t\t\t\t\t<\/div>\n\t\t\t\t<\/div>\n\t\t\t\t<div class=\"elementor-element elementor-element-095e51a elementor-widget elementor-widget-button\" data-id=\"095e51a\" data-element_type=\"widget\" data-e-type=\"widget\" data-widget_type=\"button.default\">\n\t\t\t\t<div class=\"elementor-widget-container\">\n\t\t\t\t\t\t\t\t\t<div class=\"elementor-button-wrapper\">\n\t\t\t\t\t<a class=\"elementor-button elementor-button-link elementor-size-sm\" href=\"\/fi\/hinnad\/\">\n\t\t\t\t\t\t<span class=\"elementor-button-content-wrapper\">\n\t\t\t\t\t\t<span class=\"elementor-button-icon\">\n\t\t\t\t<svg aria-hidden=\"true\" class=\"e-font-icon-svg e-fas-money-check\" viewbox=\"0 0 640 512\" xmlns=\"http:\/\/www.w3.org\/2000\/svg\"><path d=\"M0 448c0 17.67 14.33 32 32 32h576c17.67 0 32-14.33 32-32V128H0v320zm448-208c0-8.84 7.16-16 16-16h96c8.84 0 16 7.16 16 16v32c0 8.84-7.16 16-16 16h-96c-8.84 0-16-7.16-16-16v-32zm0 120c0-4.42 3.58-8 8-8h112c4.42 0 8 3.58 8 8v16c0 4.42-3.58 8-8 8H456c-4.42 0-8-3.58-8-8v-16zM64 264c0-4.42 3.58-8 8-8h304c4.42 0 8 3.58 8 8v16c0 4.42-3.58 8-8 8H72c-4.42 0-8-3.58-8-8v-16zm0 96c0-4.42 3.58-8 8-8h176c4.42 0 8 3.58 8 8v16c0 4.42-3.58 8-8 8H72c-4.42 0-8-3.58-8-8v-16zM624 32H16C7.16 32 0 39.16 0 48v48h640V48c0-8.84-7.16-16-16-16z\"><\/path><\/svg>\t\t\t<\/span>\n\t\t\t\t\t\t\t\t\t<span class=\"elementor-button-text\">HINNAT<\/span>\n\t\t\t\t\t<\/span>\n\t\t\t\t\t<\/a>\n\t\t\t\t<\/div>\n\t\t\t\t\t\t\t\t<\/div>\n\t\t\t\t<\/div>\n\t\t\t\t\t<\/div>\n\t\t\t\t<\/div>\n\t\t\t\t<\/div>","protected":false},"excerpt":{"rendered":"<p>Tutvustus Meie puhkekeskus on rajatud romantilisse Suislepa m\u00f5isaparki \u00d5hne j\u00f5e kaldale. Puhkekeskuse majutushoone on kaarja laululava-kujuga, mis muudab iga siseruumi erip\u00e4raseks ja loob hoovipoole avara terrassi\/lava. Terrass\/lava sobib suurep\u00e4raselt erinevate \u00fcrituste &#8211; sealhulgas kontserdid ja suveetendused, l\u00e4biviimiseks ning muudeks koosviibimisteks. Olete oodatud meile t\u00e4histama nii pere kui s\u00f5pradega erinevaid s\u00fcndmusi ja t\u00e4htp\u00e4evi;kolleegide v\u00f5i \u00e4ripartneritega l\u00e4bi &#8230; <a title=\"MAJOITUS\" class=\"read-more\" href=\"https:\/\/suislepapuhkekeskus.ee\/fi\/majutus\/\" aria-label=\"Lue lis\u00e4\u00e4 aiheesta MAJUTUS\">Lue lis\u00e4\u00e4<\/a><\/p>","protected":false},"author":1,"featured_media":0,"parent":0,"menu_order":0,"comment_status":"closed","ping_status":"closed","template":"elementor_header_footer","meta":{"footnotes":""},"class_list":["post-49786","page","type-page","status-publish"],"_links":{"self":[{"href":"https:\/\/suislepapuhkekeskus.ee\/fi\/wp-json\/wp\/v2\/pages\/49786","targetHints":{"allow":["GET"]}}],"collection":[{"href":"https:\/\/suislepapuhkekeskus.ee\/fi\/wp-json\/wp\/v2\/pages"}],"about":[{"href":"https:\/\/suislepapuhkekeskus.ee\/fi\/wp-json\/wp\/v2\/types\/page"}],"author":[{"embeddable":true,"href":"https:\/\/suislepapuhkekeskus.ee\/fi\/wp-json\/wp\/v2\/users\/1"}],"replies":[{"embeddable":true,"href":"https:\/\/suislepapuhkekeskus.ee\/fi\/wp-json\/wp\/v2\/comments?post=49786"}],"version-history":[{"count":3,"href":"https:\/\/suislepapuhkekeskus.ee\/fi\/wp-json\/wp\/v2\/pages\/49786\/revisions"}],"predecessor-version":[{"id":51342,"href":"https:\/\/suislepapuhkekeskus.ee\/fi\/wp-json\/wp\/v2\/pages\/49786\/revisions\/51342"}],"wp:attachment":[{"href":"https:\/\/suislepapuhkekeskus.ee\/fi\/wp-json\/wp\/v2\/media?parent=49786"}],"curies":[{"name":"wp","href":"https:\/\/api.w.org\/{rel}","templated":true}]}}