{"id":50137,"date":"2025-05-31T17:48:27","date_gmt":"2025-05-31T17:48:27","guid":{"rendered":"https:\/\/suislepapuhkekeskus.ee\/?page_id=50137"},"modified":"2025-08-09T19:51:05","modified_gmt":"2025-08-09T19:51:05","slug":"matkad","status":"publish","type":"page","link":"https:\/\/suislepapuhkekeskus.ee\/fi\/matkad\/","title":{"rendered":"VAELLUS"},"content":{"rendered":"<div data-elementor-type=\"wp-page\" data-elementor-id=\"50137\" class=\"elementor elementor-50137\" data-elementor-post-type=\"page\">\n\t\t\t\t<div class=\"elementor-element elementor-element-4df65c7 e-flex e-con-boxed e-con e-parent\" data-id=\"4df65c7\" data-element_type=\"container\" data-e-type=\"container\" data-settings=\"{&quot;background_background&quot;:&quot;classic&quot;}\">\n\t\t\t\t\t<div class=\"e-con-inner\">\n\t\t\t\t\t<\/div>\n\t\t\t\t<\/div>\n\t\t<div class=\"elementor-element elementor-element-f718aa7 e-flex e-con-boxed e-con e-parent\" data-id=\"f718aa7\" data-element_type=\"container\" data-e-type=\"container\" data-settings=\"{&quot;background_background&quot;:&quot;classic&quot;}\">\n\t\t\t\t\t<div class=\"e-con-inner\">\n\t\t\t\t<div class=\"elementor-element elementor-element-066a798 elementor-widget elementor-widget-text-editor\" data-id=\"066a798\" data-element_type=\"widget\" data-e-type=\"widget\" data-widget_type=\"text-editor.default\">\n\t\t\t\t<div class=\"elementor-widget-container\">\n\t\t\t\t\t\t\t\t\t<h2 class=\"wsite-content-title\" style=\"overflow-wrap: break-word; margin-bottom: 0px; padding-bottom: 25px; color: #555555; letter-spacing: 1px; font-family: 'Playfair Display', serif; font-size: 27px; line-height: 1.3em; font-style: normal; text-align: center;\">Hy\u00f6dynn\u00e4 vaellusaikasi parhaalla mahdollisella tavalla<\/h2><div class=\"paragraph\" style=\"overflow-wrap: break-word; margin: 0px; padding: 0px 0px 0.5em; color: #676767; letter-spacing: 0.02em; font-size: 16px; line-height: 1.5em; text-align: center;\">Suislepa sijaitsee Mulgimaalla, ja Mulgimaa k\u00e4tkee sis\u00e4\u00e4ns\u00e4 monia piilotettuja aarteita, jotka voit l\u00f6yt\u00e4\u00e4 kokeneen vaellusoppaan johdolla.<br \/>Olipa kyseess\u00e4 sitten kanoottiretki \u00d5hne-joella tai py\u00f6r\u00e4retki V\u00f5rtsj\u00e4rvell\u00e4,<br \/>tutustua paikallisiin yritt\u00e4jiin ja heid\u00e4n toimintaansa<br \/>vai sen sijaan kartanoarkkitehtuurin ja historian parissa \u2013\u00a0<br \/><strong>Laadimme vaellussuunnitelman ryhm\u00e4si kiinnostuksen kohteiden ja toiveiden pohjalta<\/strong><\/div>\t\t\t\t\t\t\t\t<\/div>\n\t\t\t\t<\/div>\n\t\t\t\t\t<\/div>\n\t\t\t\t<\/div>\n\t\t<div class=\"elementor-element elementor-element-9e0f9a3 e-grid e-con-boxed e-con e-parent\" data-id=\"9e0f9a3\" data-element_type=\"container\" data-e-type=\"container\" data-settings=\"{&quot;background_background&quot;:&quot;classic&quot;}\">\n\t\t\t\t\t<div class=\"e-con-inner\">\n\t\t<div class=\"elementor-element elementor-element-ac3981c e-con-full e-flex e-con e-child\" data-id=\"ac3981c\" data-element_type=\"container\" data-e-type=\"container\">\n\t\t\t\t<div class=\"elementor-element elementor-element-d117093 elementor-widget elementor-widget-heading\" data-id=\"d117093\" data-element_type=\"widget\" data-e-type=\"widget\" data-widget_type=\"heading.default\">\n\t\t\t\t<div class=\"elementor-widget-container\">\n\t\t\t\t\t<h2 class=\"elementor-heading-title elementor-size-default\">Suihkukone \u2013 nopeutta ja j\u00e4nnityst\u00e4 etsiville<\/h2>\t\t\t\t<\/div>\n\t\t\t\t<\/div>\n\t\t\t\t<div class=\"elementor-element elementor-element-3b0319b elementor-widget elementor-widget-image\" data-id=\"3b0319b\" data-element_type=\"widget\" data-e-type=\"widget\" data-widget_type=\"image.default\">\n\t\t\t\t<div class=\"elementor-widget-container\">\n\t\t\t\t\t\t\t\t\t\t\t\t\t\t\t<img fetchpriority=\"high\" decoding=\"async\" width=\"1024\" height=\"576\" src=\"https:\/\/suislepapuhkekeskus.ee\/wp-content\/uploads\/2025\/07\/IMG_2392-1024x576.jpg\" class=\"attachment-large size-large wp-image-51146\" alt=\"\" srcset=\"https:\/\/suislepapuhkekeskus.ee\/wp-content\/uploads\/2025\/07\/IMG_2392-1024x576.jpg 1024w, https:\/\/suislepapuhkekeskus.ee\/wp-content\/uploads\/2025\/07\/IMG_2392-300x169.jpg 300w, https:\/\/suislepapuhkekeskus.ee\/wp-content\/uploads\/2025\/07\/IMG_2392-768x432.jpg 768w, https:\/\/suislepapuhkekeskus.ee\/wp-content\/uploads\/2025\/07\/IMG_2392-1536x864.jpg 1536w, https:\/\/suislepapuhkekeskus.ee\/wp-content\/uploads\/2025\/07\/IMG_2392-2048x1152.jpg 2048w, https:\/\/suislepapuhkekeskus.ee\/wp-content\/uploads\/2025\/07\/IMG_2392-18x10.jpg 18w\" sizes=\"(max-width: 1024px) 100vw, 1024px\" \/>\t\t\t\t\t\t\t\t\t\t\t\t\t\t\t<\/div>\n\t\t\t\t<\/div>\n\t\t\t\t<div class=\"elementor-element elementor-element-5107bb2 elementor-widget elementor-widget-text-editor\" data-id=\"5107bb2\" data-element_type=\"widget\" data-e-type=\"widget\" data-widget_type=\"text-editor.default\">\n\t\t\t\t<div class=\"elementor-widget-container\">\n\t\t\t\t\t\t\t\t\t<p>Haluatko tuntea veden virtaavan jalkoinasi ja syd\u00e4mesi ly\u00f6v\u00e4n nopeammin?<\/p><p>Hypp\u00e4\u00e4 vesiskootterin kyytiin ja kiid\u00e4 veden yli!<\/p><p>Tehokas vesimoottori poraa veden l\u00e4pi, tekee k\u00e4\u00e4nn\u00f6ksi\u00e4, hyppii aalloilla \u2013 adrenaliini on taattu.<\/p><p>Aamuajelu, auringonlaskun risteily tai romanttinen ilta \u2013 suihkukone on aina huomion keskipisteen\u00e4.<\/p><p>Tai kokeile y\u00f6ajelua t\u00e4htien alla... vain sin\u00e4 ja joen kuiskaus.<\/p><p>Vuokraus on erillisest\u00e4 maksusta, aika on sinun valintasi. Muista kertoa kavereillesi, ett\u00e4 t\u00e4n\u00e4\u00e4n olet t\u00e4hti vesill\u00e4!<\/p>\t\t\t\t\t\t\t\t<\/div>\n\t\t\t\t<\/div>\n\t\t\t\t<\/div>\n\t\t<div class=\"elementor-element elementor-element-e9493e5 e-con-full e-flex e-con e-child\" data-id=\"e9493e5\" data-element_type=\"container\" data-e-type=\"container\">\n\t\t\t\t<div class=\"elementor-element elementor-element-07e1cd8 elementor-widget elementor-widget-heading\" data-id=\"07e1cd8\" data-element_type=\"widget\" data-e-type=\"widget\" data-widget_type=\"heading.default\">\n\t\t\t\t<div class=\"elementor-widget-container\">\n\t\t\t\t\t<h2 class=\"elementor-heading-title elementor-size-default\">Pikaveneseikkailuja<\/h2>\t\t\t\t<\/div>\n\t\t\t\t<\/div>\n\t\t\t\t<div class=\"elementor-element elementor-element-da0b626 elementor-widget elementor-widget-image\" data-id=\"da0b626\" data-element_type=\"widget\" data-e-type=\"widget\" data-widget_type=\"image.default\">\n\t\t\t\t<div class=\"elementor-widget-container\">\n\t\t\t\t\t\t\t\t\t\t\t\t\t\t\t<img decoding=\"async\" width=\"1024\" height=\"576\" src=\"https:\/\/suislepapuhkekeskus.ee\/wp-content\/uploads\/2025\/07\/IMG_2393-1024x576.jpg\" class=\"attachment-large size-large wp-image-51150\" alt=\"\" srcset=\"https:\/\/suislepapuhkekeskus.ee\/wp-content\/uploads\/2025\/07\/IMG_2393-1024x576.jpg 1024w, https:\/\/suislepapuhkekeskus.ee\/wp-content\/uploads\/2025\/07\/IMG_2393-300x169.jpg 300w, https:\/\/suislepapuhkekeskus.ee\/wp-content\/uploads\/2025\/07\/IMG_2393-768x432.jpg 768w, https:\/\/suislepapuhkekeskus.ee\/wp-content\/uploads\/2025\/07\/IMG_2393-1536x864.jpg 1536w, https:\/\/suislepapuhkekeskus.ee\/wp-content\/uploads\/2025\/07\/IMG_2393-2048x1152.jpg 2048w, https:\/\/suislepapuhkekeskus.ee\/wp-content\/uploads\/2025\/07\/IMG_2393-18x10.jpg 18w\" sizes=\"(max-width: 1024px) 100vw, 1024px\" \/>\t\t\t\t\t\t\t\t\t\t\t\t\t\t\t<\/div>\n\t\t\t\t<\/div>\n\t\t\t\t<div class=\"elementor-element elementor-element-cefd442 elementor-widget elementor-widget-text-editor\" data-id=\"cefd442\" data-element_type=\"widget\" data-e-type=\"widget\" data-widget_type=\"text-editor.default\">\n\t\t\t\t<div class=\"elementor-widget-container\">\n\t\t\t\t\t\t\t\t\t<p class=\"whitespace-normal break-words\"><strong>Pikavene \u2013 nopeutta, tilaa ja todellista vapautta<br \/><\/strong>K\u00e4ynnist\u00e4 moottori \u2013 ja mene!<br \/>Pikavene ei ole vain kulkuv\u00e4line, se on henkil\u00f6kohtainen reittisi el\u00e4myksiin.<br \/>K\u00e4vely leve\u00e4\u00e4 jokea pitkin ja j\u00e4rvelle \u2013 maisemia, jotka saavat sinut haluamaan kaivaa kamerasi esiin joka minuutti.<br \/>Voidaan yhdist\u00e4\u00e4 kalastukseen: heit\u00e4 siima laudalta ja nappaa trofeehauki t\u00e4ysin hiljaa.<br \/>Tai nauti siit\u00e4 vain \u2013 tuuli kasvoillasi, alla virtaava vesi, aurinko leikkii roiskeissa\u2026<br \/>Yst\u00e4vien, perheen tai kahden kesken \u2013 pikavene antaa sinulle vapauden tunteen, jota et voi ostaa kaupungissa.<\/p>\t\t\t\t\t\t\t\t<\/div>\n\t\t\t\t<\/div>\n\t\t\t\t<\/div>\n\t\t<div class=\"elementor-element elementor-element-a6e144d e-con-full e-flex e-con e-child\" data-id=\"a6e144d\" data-element_type=\"container\" data-e-type=\"container\">\n\t\t\t\t<div class=\"elementor-element elementor-element-cdb996f elementor-widget elementor-widget-heading\" data-id=\"cdb996f\" data-element_type=\"widget\" data-e-type=\"widget\" data-widget_type=\"heading.default\">\n\t\t\t\t<div class=\"elementor-widget-container\">\n\t\t\t\t\t<h2 class=\"elementor-heading-title elementor-size-default\">N\u00e4ht\u00e4vyydet Suislepan alueella<\/h2>\t\t\t\t<\/div>\n\t\t\t\t<\/div>\n\t\t\t\t<div class=\"elementor-element elementor-element-3cd6477 elementor-widget elementor-widget-image\" data-id=\"3cd6477\" data-element_type=\"widget\" data-e-type=\"widget\" data-widget_type=\"image.default\">\n\t\t\t\t<div class=\"elementor-widget-container\">\n\t\t\t\t\t\t\t\t\t\t\t\t\t\t\t<img decoding=\"async\" width=\"465\" height=\"263\" src=\"https:\/\/suislepapuhkekeskus.ee\/wp-content\/uploads\/2025\/05\/b89ca71a-2066-4e69-bce7-37240ff89c65.jpeg\" class=\"attachment-large size-large wp-image-50148\" alt=\"\" srcset=\"https:\/\/suislepapuhkekeskus.ee\/wp-content\/uploads\/2025\/05\/b89ca71a-2066-4e69-bce7-37240ff89c65.jpeg 465w, https:\/\/suislepapuhkekeskus.ee\/wp-content\/uploads\/2025\/05\/b89ca71a-2066-4e69-bce7-37240ff89c65-300x170.jpeg 300w\" sizes=\"(max-width: 465px) 100vw, 465px\" \/>\t\t\t\t\t\t\t\t\t\t\t\t\t\t\t<\/div>\n\t\t\t\t<\/div>\n\t\t\t\t<div class=\"elementor-element elementor-element-704beda elementor-widget elementor-widget-text-editor\" data-id=\"704beda\" data-element_type=\"widget\" data-e-type=\"widget\" data-widget_type=\"text-editor.default\">\n\t\t\t\t<div class=\"elementor-widget-container\">\n\t\t\t\t\t\t\t\t\t<p>Mit\u00e4 odottaa sinua loma-asunnon l\u00e4hell\u00e4:<br \/>L\u00e4hist\u00f6ll\u00e4 on kaunis vanha linna \u2013 loistava paikka k\u00e4velylle ja tunnelmallisten valokuvien ottamiseen.<br \/>Luonnonyst\u00e4v\u00e4t nauttivat k\u00e4velyretkest\u00e4 Tervise radan mets\u00e4polulla \u2013 hyvin hoidetulla polulla, joka kulkee joen vartta ja johdattaa mets\u00e4n hiljaisuuteen.<br \/>Kaikki t\u00e4m\u00e4 on k\u00e4velymatkan p\u00e4\u00e4ss\u00e4 talosta. T\u00e4\u00e4ll\u00e4 on helppo yhdist\u00e4\u00e4 luontoloma helppoihin retkiin ja mielenkiintoisiin k\u00e4velyretkiin.<\/p>\t\t\t\t\t\t\t\t<\/div>\n\t\t\t\t<\/div>\n\t\t\t\t<\/div>\n\t\t<div class=\"elementor-element elementor-element-9d514aa e-con-full e-flex e-con e-child\" data-id=\"9d514aa\" data-element_type=\"container\" data-e-type=\"container\">\n\t\t\t\t<div class=\"elementor-element elementor-element-083067d elementor-widget elementor-widget-heading\" data-id=\"083067d\" data-element_type=\"widget\" data-e-type=\"widget\" data-widget_type=\"heading.default\">\n\t\t\t\t<div class=\"elementor-widget-container\">\n\t\t\t\t\t<h2 class=\"elementor-heading-title elementor-size-default\">Py\u00f6r\u00e4ily V\u00f5rtsj\u00e4rve\u00e4 pitkin<\/h2>\t\t\t\t<\/div>\n\t\t\t\t<\/div>\n\t\t\t\t<div class=\"elementor-element elementor-element-d0edae8 elementor-widget elementor-widget-image\" data-id=\"d0edae8\" data-element_type=\"widget\" data-e-type=\"widget\" data-widget_type=\"image.default\">\n\t\t\t\t<div class=\"elementor-widget-container\">\n\t\t\t\t\t\t\t\t\t\t\t\t\t\t\t<img loading=\"lazy\" decoding=\"async\" width=\"454\" height=\"257\" src=\"https:\/\/suislepapuhkekeskus.ee\/wp-content\/uploads\/2025\/05\/48a2605a-11ab-4cd7-b091-dfeec40c3128.jpeg\" class=\"attachment-large size-large wp-image-50145\" alt=\"\" srcset=\"https:\/\/suislepapuhkekeskus.ee\/wp-content\/uploads\/2025\/05\/48a2605a-11ab-4cd7-b091-dfeec40c3128.jpeg 454w, https:\/\/suislepapuhkekeskus.ee\/wp-content\/uploads\/2025\/05\/48a2605a-11ab-4cd7-b091-dfeec40c3128-300x170.jpeg 300w\" sizes=\"(max-width: 454px) 100vw, 454px\" \/>\t\t\t\t\t\t\t\t\t\t\t\t\t\t\t<\/div>\n\t\t\t\t<\/div>\n\t\t\t\t<div class=\"elementor-element elementor-element-ef4a246 elementor-widget elementor-widget-text-editor\" data-id=\"ef4a246\" data-element_type=\"widget\" data-e-type=\"widget\" data-widget_type=\"text-editor.default\">\n\t\t\t\t<div class=\"elementor-widget-container\">\n\t\t\t\t\t\t\t\t\t<p>Py\u00f6r\u00e4ilyn ja aktiivisen loman yst\u00e4ville:<\/p><p>Voit py\u00f6r\u00e4ill\u00e4 kyl\u00e4n kauniiden maisemien halki ja tutustua paikallisiin n\u00e4ht\u00e4vyyksiin. T\u00e4m\u00e4 on loistava vaihtoehto lyhyelle lomalle urheilullisine elementteineen - ihanteellinen niille, jotka vuokraavat talon ja haluavat viett\u00e4\u00e4 aikansa aktiivisesti ja hy\u00f6dyllisesti.<\/p>\t\t\t\t\t\t\t\t<\/div>\n\t\t\t\t<\/div>\n\t\t\t\t<\/div>\n\t\t\t\t\t<\/div>\n\t\t\t\t<\/div>\n\t\t<div class=\"elementor-element elementor-element-789a623 e-grid e-con-boxed e-con e-parent\" data-id=\"789a623\" data-element_type=\"container\" data-e-type=\"container\" data-settings=\"{&quot;background_background&quot;:&quot;classic&quot;}\">\n\t\t\t\t\t<div class=\"e-con-inner\">\n\t\t<div class=\"elementor-element elementor-element-630f125 e-con-full e-flex e-con e-child\" data-id=\"630f125\" data-element_type=\"container\" data-e-type=\"container\">\n\t\t\t\t<div class=\"elementor-element elementor-element-f828f58 elementor-widget elementor-widget-heading\" data-id=\"f828f58\" data-element_type=\"widget\" data-e-type=\"widget\" data-widget_type=\"heading.default\">\n\t\t\t\t<div class=\"elementor-widget-container\">\n\t\t\t\t\t<h2 class=\"elementor-heading-title elementor-size-default\">SUP-laudat \u2013 t\u00e4ydellinen fuusio luonnon kanssa<\/h2>\t\t\t\t<\/div>\n\t\t\t\t<\/div>\n\t\t\t\t<div class=\"elementor-element elementor-element-e560d87 elementor-widget elementor-widget-image\" data-id=\"e560d87\" data-element_type=\"widget\" data-e-type=\"widget\" data-widget_type=\"image.default\">\n\t\t\t\t<div class=\"elementor-widget-container\">\n\t\t\t\t\t\t\t\t\t\t\t\t\t\t\t<img loading=\"lazy\" decoding=\"async\" width=\"1024\" height=\"768\" src=\"https:\/\/suislepapuhkekeskus.ee\/wp-content\/uploads\/2025\/07\/IMG_1144-1024x768.jpg\" class=\"attachment-large size-large wp-image-51154\" alt=\"\" srcset=\"https:\/\/suislepapuhkekeskus.ee\/wp-content\/uploads\/2025\/07\/IMG_1144-1024x768.jpg 1024w, https:\/\/suislepapuhkekeskus.ee\/wp-content\/uploads\/2025\/07\/IMG_1144-300x225.jpg 300w, https:\/\/suislepapuhkekeskus.ee\/wp-content\/uploads\/2025\/07\/IMG_1144-768x576.jpg 768w, https:\/\/suislepapuhkekeskus.ee\/wp-content\/uploads\/2025\/07\/IMG_1144-1536x1152.jpg 1536w, https:\/\/suislepapuhkekeskus.ee\/wp-content\/uploads\/2025\/07\/IMG_1144-2048x1536.jpg 2048w, https:\/\/suislepapuhkekeskus.ee\/wp-content\/uploads\/2025\/07\/IMG_1144-16x12.jpg 16w\" sizes=\"(max-width: 1024px) 100vw, 1024px\" \/>\t\t\t\t\t\t\t\t\t\t\t\t\t\t\t<\/div>\n\t\t\t\t<\/div>\n\t\t\t\t<div class=\"elementor-element elementor-element-420214f elementor-widget elementor-widget-text-editor\" data-id=\"420214f\" data-element_type=\"widget\" data-e-type=\"widget\" data-widget_type=\"text-editor.default\">\n\t\t\t\t<div class=\"elementor-widget-container\">\n\t\t\t\t\t\t\t\t\t<p class=\"whitespace-normal break-words\">Kaipaatko rauhaa ja hiljaisuutta? Nappaa SUP-lauta ja uppoudu rauhaan.<\/p><p class=\"whitespace-normal break-words\">Liukut hitaasti veden p\u00e4\u00e4ll\u00e4 airo k\u00e4dess\u00e4, hiljaisuuden ja vehreyden ymp\u00e4r\u00f6im\u00e4n\u00e4.<\/p><p class=\"whitespace-normal break-words\">T\u00e4ydellinen aamuun, joogaan, valokuvaukseen, harkittuun k\u00e4velyyn tai vain palautumiseen.<\/p><p class=\"whitespace-normal break-words\">Tuuli, tyyni vesi, auringon leikki pinnalla \u2013 hengit\u00e4t syvemm\u00e4lle ja hymyilet useammin.<\/p><p class=\"whitespace-normal break-words\">Ja mitk\u00e4 laukaukset! Sin\u00e4 jokea vasten, tasapainossa, hetkess\u00e4 \u2013 n\u00e4yt\u00e4t kauniilta ja tunnet olosi viel\u00e4 paremmaksi.<\/p>\t\t\t\t\t\t\t\t<\/div>\n\t\t\t\t<\/div>\n\t\t\t\t<\/div>\n\t\t<div class=\"elementor-element elementor-element-7d41c5a e-con-full e-flex e-con e-child\" data-id=\"7d41c5a\" data-element_type=\"container\" data-e-type=\"container\">\n\t\t\t\t<div class=\"elementor-element elementor-element-6f56acc elementor-widget elementor-widget-heading\" data-id=\"6f56acc\" data-element_type=\"widget\" data-e-type=\"widget\" data-widget_type=\"heading.default\">\n\t\t\t\t<div class=\"elementor-widget-container\">\n\t\t\t\t\t<h2 class=\"elementor-heading-title elementor-size-default\">Kalastusta Suislepassa \u2014 rauhassa ja saaliilla<\/h2>\t\t\t\t<\/div>\n\t\t\t\t<\/div>\n\t\t\t\t<div class=\"elementor-element elementor-element-402e772 elementor-widget elementor-widget-image\" data-id=\"402e772\" data-element_type=\"widget\" data-e-type=\"widget\" data-widget_type=\"image.default\">\n\t\t\t\t<div class=\"elementor-widget-container\">\n\t\t\t\t\t\t\t\t\t\t\t\t\t\t\t<img loading=\"lazy\" decoding=\"async\" width=\"1024\" height=\"664\" src=\"https:\/\/suislepapuhkekeskus.ee\/wp-content\/uploads\/2025\/07\/IMG_2486-1024x664.jpg\" class=\"attachment-large size-large wp-image-51167\" alt=\"\" srcset=\"https:\/\/suislepapuhkekeskus.ee\/wp-content\/uploads\/2025\/07\/IMG_2486-1024x664.jpg 1024w, https:\/\/suislepapuhkekeskus.ee\/wp-content\/uploads\/2025\/07\/IMG_2486-300x195.jpg 300w, https:\/\/suislepapuhkekeskus.ee\/wp-content\/uploads\/2025\/07\/IMG_2486-768x498.jpg 768w, https:\/\/suislepapuhkekeskus.ee\/wp-content\/uploads\/2025\/07\/IMG_2486-18x12.jpg 18w, https:\/\/suislepapuhkekeskus.ee\/wp-content\/uploads\/2025\/07\/IMG_2486.jpg 1170w\" sizes=\"(max-width: 1024px) 100vw, 1024px\" \/>\t\t\t\t\t\t\t\t\t\t\t\t\t\t\t<\/div>\n\t\t\t\t<\/div>\n\t\t\t\t<div class=\"elementor-element elementor-element-eac0fcf elementor-widget elementor-widget-text-editor\" data-id=\"eac0fcf\" data-element_type=\"widget\" data-e-type=\"widget\" data-widget_type=\"text-editor.default\">\n\t\t\t\t<div class=\"elementor-widget-container\">\n\t\t\t\t\t\t\t\t\t<p data-start=\"124\" data-end=\"176\">Haluatko olla luonnossa ja kokeilla onneasi?<\/p><p data-start=\"178\" data-end=\"326\">Suislepassa voit kalastaa aivan joen rannalla \u2013 hiljaisuudessa, lintujen laulun ja virtaavan veden s\u00e4estyksell\u00e4. Ota rauhassa ja nauti kalastuksesta, joko yksin tai yst\u00e4vien kanssa.<\/p><p data-start=\"328\" data-end=\"407\">Mahdollisuus sek\u00e4 virkistyskalastukseen ett\u00e4 ihan vain ajan viett\u00e4miseen veden \u00e4\u00e4rell\u00e4.<\/p>\t\t\t\t\t\t\t\t<\/div>\n\t\t\t\t<\/div>\n\t\t\t\t<\/div>\n\t\t<div class=\"elementor-element elementor-element-f6e0885 e-con-full e-flex e-con e-child\" data-id=\"f6e0885\" data-element_type=\"container\" data-e-type=\"container\">\n\t\t\t\t<div class=\"elementor-element elementor-element-4232bfd elementor-widget elementor-widget-heading\" data-id=\"4232bfd\" data-element_type=\"widget\" data-e-type=\"widget\" data-widget_type=\"heading.default\">\n\t\t\t\t<div class=\"elementor-widget-container\">\n\t\t\t\t\t<h2 class=\"elementor-heading-title elementor-size-default\">Veneet<\/h2>\t\t\t\t<\/div>\n\t\t\t\t<\/div>\n\t\t\t\t<div class=\"elementor-element elementor-element-d0377eb elementor-widget elementor-widget-image\" data-id=\"d0377eb\" data-element_type=\"widget\" data-e-type=\"widget\" data-widget_type=\"image.default\">\n\t\t\t\t<div class=\"elementor-widget-container\">\n\t\t\t\t\t\t\t\t\t\t\t\t\t\t\t<img loading=\"lazy\" decoding=\"async\" width=\"512\" height=\"369\" src=\"https:\/\/suislepapuhkekeskus.ee\/wp-content\/uploads\/2025\/07\/image_20250703_000107.png\" class=\"attachment-large size-large wp-image-51162\" alt=\"\" srcset=\"https:\/\/suislepapuhkekeskus.ee\/wp-content\/uploads\/2025\/07\/image_20250703_000107.png 512w, https:\/\/suislepapuhkekeskus.ee\/wp-content\/uploads\/2025\/07\/image_20250703_000107-300x216.png 300w, https:\/\/suislepapuhkekeskus.ee\/wp-content\/uploads\/2025\/07\/image_20250703_000107-18x12.png 18w\" sizes=\"(max-width: 512px) 100vw, 512px\" \/>\t\t\t\t\t\t\t\t\t\t\t\t\t\t\t<\/div>\n\t\t\t\t<\/div>\n\t\t\t\t<div class=\"elementor-element elementor-element-7b0640b elementor-widget elementor-widget-text-editor\" data-id=\"7b0640b\" data-element_type=\"widget\" data-e-type=\"widget\" data-widget_type=\"text-editor.default\">\n\t\t\t\t<div class=\"elementor-widget-container\">\n\t\t\t\t\t\t\t\t\t<p>Jokiristeily soutuveneell\u00e4 \u2013 hiljaisuutta, luontoa ja t\u00e4ydellist\u00e4 rentoutumista<\/p><p>Ota soutuvene ja l\u00e4hde lyhyelle matkalle mutkittelevaa jokea pitkin. Nauti maisemista, puiden heijastuksista vedess\u00e4 ja hiljaisuudesta, jota s\u00e4est\u00e4\u00e4 vain airojen suhina.<\/p><p>Pys\u00e4hdy j\u00e4rvell\u00e4 ihailemaan laajempia maisemia, raikkaampaa ilmaa ja entist\u00e4 kauniimpaa luontokokemusta. Se on loistava tapa viett\u00e4\u00e4 aikaa yksin, perheen kanssa tai vain luonnossa.<\/p><p>Kaikki on l\u00e4hell\u00e4, kaikki on valmista lomaa varten \u2013 hypp\u00e4\u00e4 veneeseen ja anna arkien menn\u00e4.<\/p>\t\t\t\t\t\t\t\t<\/div>\n\t\t\t\t<\/div>\n\t\t\t\t<\/div>\n\t\t<div class=\"elementor-element elementor-element-f63d1bc e-con-full e-flex e-con e-child\" data-id=\"f63d1bc\" data-element_type=\"container\" data-e-type=\"container\">\n\t\t\t\t<div class=\"elementor-element elementor-element-033a833 elementor-widget elementor-widget-heading\" data-id=\"033a833\" data-element_type=\"widget\" data-e-type=\"widget\" data-widget_type=\"heading.default\">\n\t\t\t\t<div class=\"elementor-widget-container\">\n\t\t\t\t\t<h2 class=\"elementor-heading-title elementor-size-default\">Mylly<\/h2>\t\t\t\t<\/div>\n\t\t\t\t<\/div>\n\t\t\t\t<div class=\"elementor-element elementor-element-394d587 elementor-widget elementor-widget-image\" data-id=\"394d587\" data-element_type=\"widget\" data-e-type=\"widget\" data-widget_type=\"image.default\">\n\t\t\t\t<div class=\"elementor-widget-container\">\n\t\t\t\t\t\t\t\t\t\t\t\t\t\t\t<img loading=\"lazy\" decoding=\"async\" width=\"1024\" height=\"768\" src=\"https:\/\/suislepapuhkekeskus.ee\/wp-content\/uploads\/2025\/07\/IMG_2488-1024x768.jpg\" class=\"attachment-large size-large wp-image-51268\" alt=\"\" srcset=\"https:\/\/suislepapuhkekeskus.ee\/wp-content\/uploads\/2025\/07\/IMG_2488-1024x768.jpg 1024w, https:\/\/suislepapuhkekeskus.ee\/wp-content\/uploads\/2025\/07\/IMG_2488-300x225.jpg 300w, https:\/\/suislepapuhkekeskus.ee\/wp-content\/uploads\/2025\/07\/IMG_2488-768x576.jpg 768w, https:\/\/suislepapuhkekeskus.ee\/wp-content\/uploads\/2025\/07\/IMG_2488-1536x1152.jpg 1536w, https:\/\/suislepapuhkekeskus.ee\/wp-content\/uploads\/2025\/07\/IMG_2488-2048x1536.jpg 2048w, https:\/\/suislepapuhkekeskus.ee\/wp-content\/uploads\/2025\/07\/IMG_2488-16x12.jpg 16w\" sizes=\"(max-width: 1024px) 100vw, 1024px\" \/>\t\t\t\t\t\t\t\t\t\t\t\t\t\t\t<\/div>\n\t\t\t\t<\/div>\n\t\t\t\t<div class=\"elementor-element elementor-element-62d7e79 elementor-widget elementor-widget-text-editor\" data-id=\"62d7e79\" data-element_type=\"widget\" data-e-type=\"widget\" data-widget_type=\"text-editor.default\">\n\t\t\t\t<div class=\"elementor-widget-container\">\n\t\t\t\t\t\t\t\t\t<p>N\u00e4et entis\u00f6idyn vanhan myllyn, joka on s\u00e4ilytt\u00e4nyt historiallisen ulkon\u00e4k\u00f6ns\u00e4.<br \/>Vierailijat voivat kurkistaa myllyn sis\u00e4lle \u2013 se on todellinen ulkoilmamuseo, jossa voi tutustua menneen ajan milj\u00f6\u00f6seen.<\/p>\t\t\t\t\t\t\t\t<\/div>\n\t\t\t\t<\/div>\n\t\t\t\t<\/div>\n\t\t\t\t\t<\/div>\n\t\t\t\t<\/div>\n\t\t\t\t<\/div>","protected":false},"excerpt":{"rendered":"<p>Sisusta oma aeg matkates Suislepa asub Mulgimaal ja Mulgimaa peidab endas palju varjatud aardeid, mida koos kogenud matkajuhiga avastada.Olgu selleks kanuumatk \u00d5hne j\u00f5el v\u00f5i rattamatk V\u00f5rtsj\u00e4rve \u00e4\u00e4res,tutvumine kohalike ettev\u00f5tjate ja nende tegemistegav\u00f5i hoopis m\u00f5isaarhitektuuri ja ajalooga &#8211;\u00a0koostame matkaplaani just Teie seltskonna huvidest ja soovidest l\u00e4htuvalt Jet \u2014 neile, kes otsivad kiirust ja elamust Tahad tunda, &#8230; <a title=\"VAELLUS\" class=\"read-more\" href=\"https:\/\/suislepapuhkekeskus.ee\/fi\/matkad\/\" aria-label=\"Lue lis\u00e4\u00e4 aiheesta MATKAD\">Lue lis\u00e4\u00e4<\/a><\/p>","protected":false},"author":1,"featured_media":0,"parent":0,"menu_order":0,"comment_status":"closed","ping_status":"closed","template":"elementor_header_footer","meta":{"footnotes":""},"class_list":["post-50137","page","type-page","status-publish"],"_links":{"self":[{"href":"https:\/\/suislepapuhkekeskus.ee\/fi\/wp-json\/wp\/v2\/pages\/50137","targetHints":{"allow":["GET"]}}],"collection":[{"href":"https:\/\/suislepapuhkekeskus.ee\/fi\/wp-json\/wp\/v2\/pages"}],"about":[{"href":"https:\/\/suislepapuhkekeskus.ee\/fi\/wp-json\/wp\/v2\/types\/page"}],"author":[{"embeddable":true,"href":"https:\/\/suislepapuhkekeskus.ee\/fi\/wp-json\/wp\/v2\/users\/1"}],"replies":[{"embeddable":true,"href":"https:\/\/suislepapuhkekeskus.ee\/fi\/wp-json\/wp\/v2\/comments?post=50137"}],"version-history":[{"count":3,"href":"https:\/\/suislepapuhkekeskus.ee\/fi\/wp-json\/wp\/v2\/pages\/50137\/revisions"}],"predecessor-version":[{"id":51486,"href":"https:\/\/suislepapuhkekeskus.ee\/fi\/wp-json\/wp\/v2\/pages\/50137\/revisions\/51486"}],"wp:attachment":[{"href":"https:\/\/suislepapuhkekeskus.ee\/fi\/wp-json\/wp\/v2\/media?parent=50137"}],"curies":[{"name":"wp","href":"https:\/\/api.w.org\/{rel}","templated":true}]}}