{"id":50405,"date":"2025-06-01T19:43:58","date_gmt":"2025-06-01T19:43:58","guid":{"rendered":"https:\/\/suislepapuhkekeskus.ee\/?page_id=50405"},"modified":"2025-09-24T19:06:03","modified_gmt":"2025-09-24T19:06:03","slug":"hinnad-ja-tingimused","status":"publish","type":"page","link":"https:\/\/suislepapuhkekeskus.ee\/fi\/hinnad-ja-tingimused\/","title":{"rendered":"HINNAT JA EHDOT"},"content":{"rendered":"<div data-elementor-type=\"wp-page\" data-elementor-id=\"50405\" class=\"elementor elementor-50405\" data-elementor-post-type=\"page\">\n\t\t\t\t<div class=\"elementor-element elementor-element-4df65c7 e-flex e-con-boxed e-con e-parent\" data-id=\"4df65c7\" data-element_type=\"container\" data-e-type=\"container\" data-settings=\"{&quot;background_background&quot;:&quot;classic&quot;}\">\n\t\t\t\t\t<div class=\"e-con-inner\">\n\t\t\t\t\t<\/div>\n\t\t\t\t<\/div>\n\t\t<div class=\"elementor-element elementor-element-e929ba1 e-flex e-con-boxed e-con e-parent\" data-id=\"e929ba1\" data-element_type=\"container\" data-e-type=\"container\">\n\t\t\t\t\t<div class=\"e-con-inner\">\n\t\t\t\t<div class=\"elementor-element elementor-element-e23781a elementor-widget elementor-widget-heading\" data-id=\"e23781a\" data-element_type=\"widget\" data-e-type=\"widget\" data-widget_type=\"heading.default\">\n\t\t\t\t<div class=\"elementor-widget-container\">\n\t\t\t\t\t<h2 class=\"elementor-heading-title elementor-size-default\"><br>Hinnat ja ehdot<\/h2>\t\t\t\t<\/div>\n\t\t\t\t<\/div>\n\t\t\t\t\t<\/div>\n\t\t\t\t<\/div>\n\t\t<div class=\"elementor-element elementor-element-f718aa7 e-flex e-con-boxed e-con e-parent\" data-id=\"f718aa7\" data-element_type=\"container\" data-e-type=\"container\" data-settings=\"{&quot;background_background&quot;:&quot;classic&quot;}\">\n\t\t\t\t\t<div class=\"e-con-inner\">\n\t\t\t\t<div class=\"elementor-element elementor-element-066a798 elementor-widget elementor-widget-text-editor\" data-id=\"066a798\" data-element_type=\"widget\" data-e-type=\"widget\" data-widget_type=\"text-editor.default\">\n\t\t\t\t<div class=\"elementor-widget-container\">\n\t\t\t\t\t\t\t\t\t<p><span style=\"color: #000000;\">Pyrimme aina l\u00f6yt\u00e4m\u00e4\u00e4n parhaan mahdollisen ratkaisun rentoutumiseen ja tapahtumien j\u00e4rjest\u00e4miseen kanssamme!<\/span><\/p>\t\t\t\t\t\t\t\t<\/div>\n\t\t\t\t<\/div>\n\t\t\t\t\t<\/div>\n\t\t\t\t<\/div>\n\t\t<div class=\"elementor-element elementor-element-1b9335d e-flex e-con-boxed e-con e-parent\" data-id=\"1b9335d\" data-element_type=\"container\" data-e-type=\"container\" data-settings=\"{&quot;background_background&quot;:&quot;classic&quot;}\">\n\t\t\t\t\t<div class=\"e-con-inner\">\n\t\t\t\t<div class=\"elementor-element elementor-element-61aadb5 elementor-widget elementor-widget-text-editor\" data-id=\"61aadb5\" data-element_type=\"widget\" data-e-type=\"widget\" data-widget_type=\"text-editor.default\">\n\t\t\t\t<div class=\"elementor-widget-container\">\n\t\t\t\t\t\t\t\t\t<p><strong>Suislepan lomakeskus<\/strong>\u00a0on loistava paikka j\u00e4rjest\u00e4\u00e4 yritystapahtumia (seminaareja, koulutuksia, kes\u00e4p\u00e4ivi\u00e4, tiimip\u00e4ivi\u00e4 ja muita tiimitapahtumia), tavata ja juhlia perheen ja yst\u00e4vien kanssa (syntym\u00e4p\u00e4ivi\u00e4, h\u00e4it\u00e4, tapaamisia ja muita t\u00e4rkeit\u00e4 tapahtumia)\u00a0<\/p><p>Lomakeskuksen majoitusrakennus on k\u00e4ytett\u00e4viss\u00e4si joko kokonaisuudessaan (40 vuodepaikkaa) tai osittain (20 vuodepaikkaa).<br \/>Osavaraus sis\u00e4lt\u00e4\u00e4 rakennuksen 1. ja 2. kerroksen k\u00e4yt\u00f6n (katso kerroskuvaukset \u201dMajoitus\u201d-sivulta). Jos majoitusta ei tarvita, rakennuksen 1. kerroksen seminaaritila ja sauna voidaan varata my\u00f6s erikseen.\u00a0<\/p><p>Mahdollisuus varata laululava vierailija-alueineen konsertteihin, kes\u00e4esityksiin tai muihin ulkoilmatapahtumiin.\u00a0<\/p><p><strong>Lis\u00e4palvelut:<\/strong>\u00a0ruokailu, seminaariv\u00e4lineiden vuokraus, saunan k\u00e4ytt\u00f6, ulkokalusteiden ja juhlatelttojen vuokraus, erilaiset vaellukset (katso \u201dVaellukset\u201d)<\/p>\t\t\t\t\t\t\t\t<\/div>\n\t\t\t\t<\/div>\n\t\t\t\t\t<\/div>\n\t\t\t\t<\/div>\n\t\t<div class=\"elementor-element elementor-element-e673e33 e-grid e-con-boxed e-con e-parent\" data-id=\"e673e33\" data-element_type=\"container\" data-e-type=\"container\" data-settings=\"{&quot;background_background&quot;:&quot;classic&quot;}\">\n\t\t\t\t\t<div class=\"e-con-inner\">\n\t\t<div class=\"elementor-element elementor-element-89b8739 e-con-full e-flex e-con e-child\" data-id=\"89b8739\" data-element_type=\"container\" data-e-type=\"container\">\n\t\t\t\t<div class=\"elementor-element elementor-element-ceb8f48 elementor-widget elementor-widget-heading\" data-id=\"ceb8f48\" data-element_type=\"widget\" data-e-type=\"widget\" data-widget_type=\"heading.default\">\n\t\t\t\t<div class=\"elementor-widget-container\">\n\t\t\t\t\t<h3 class=\"elementor-heading-title elementor-size-default\">Kausi\n<\/h3>\t\t\t\t<\/div>\n\t\t\t\t<\/div>\n\t\t\t\t<div class=\"elementor-element elementor-element-2f17f33 elementor-widget elementor-widget-text-editor\" data-id=\"2f17f33\" data-element_type=\"widget\" data-e-type=\"widget\" data-widget_type=\"text-editor.default\">\n\t\t\t\t<div class=\"elementor-widget-container\">\n\t\t\t\t\t\t\t\t\t<p><strong>Suislepan lomakeskus<\/strong> on avoinna ymp\u00e4ri vuoden<br \/><br \/>Sis\u00e4\u00e4nkirjautuminen klo 15.00 alkaen<br \/>Uloskirjautuminen klo 12.00 asti<\/p>\t\t\t\t\t\t\t\t<\/div>\n\t\t\t\t<\/div>\n\t\t\t\t<\/div>\n\t\t<div class=\"elementor-element elementor-element-aea7321 e-con-full e-flex e-con e-child\" data-id=\"aea7321\" data-element_type=\"container\" data-e-type=\"container\">\n\t\t\t\t<div class=\"elementor-element elementor-element-e8d7ccb elementor-widget elementor-widget-heading\" data-id=\"e8d7ccb\" data-element_type=\"widget\" data-e-type=\"widget\" data-widget_type=\"heading.default\">\n\t\t\t\t<div class=\"elementor-widget-container\">\n\t\t\t\t\t<h3 class=\"elementor-heading-title elementor-size-default\">Hinnat<\/h3>\t\t\t\t<\/div>\n\t\t\t\t<\/div>\n\t\t\t\t<div class=\"elementor-element elementor-element-b2532fe elementor-widget elementor-widget-text-editor\" data-id=\"b2532fe\" data-element_type=\"widget\" data-e-type=\"widget\" data-widget_type=\"text-editor.default\">\n\t\t\t\t<div class=\"elementor-widget-container\">\n\t\t\t\t\t\t\t\t\t<p>Koko talon vuokra alkaen 900 \u20ac\/vrk <br \/>Osavuokraus alkaen 750 \u20ac\/vrk<\/p><p>Hintoihin lis\u00e4t\u00e4\u00e4n 250 \u20ac\/kerta siivousmaksu.<\/p><p>Yhden hengen huoneiden hinnat arkip\u00e4ivisin l\u00f6yd\u00e4t t\u00e4\u00e4lt\u00e4:<br data-start=\"261\" data-end=\"264\" \/><a class=\"\" href=\"https:\/\/www.booking.com\/hotel\/ee\/suislepa-puhkekeskus.html\" target=\"_new\" rel=\"noopener\" data-start=\"267\" data-end=\"323\">Tarkista hinnat Booking.comista<\/a><\/p><p>Palveluihin lis\u00e4t\u00e4\u00e4n arvonlis\u00e4vero.<\/p>\t\t\t\t\t\t\t\t<\/div>\n\t\t\t\t<\/div>\n\t\t\t\t<\/div>\n\t\t<div class=\"elementor-element elementor-element-7386bd7 e-con-full e-flex e-con e-child\" data-id=\"7386bd7\" data-element_type=\"container\" data-e-type=\"container\">\n\t\t\t\t<div class=\"elementor-element elementor-element-73e6e8f elementor-widget elementor-widget-heading\" data-id=\"73e6e8f\" data-element_type=\"widget\" data-e-type=\"widget\" data-widget_type=\"heading.default\">\n\t\t\t\t<div class=\"elementor-widget-container\">\n\t\t\t\t\t<h3 class=\"elementor-heading-title elementor-size-default\">Lavavaraus<\/h3>\t\t\t\t<\/div>\n\t\t\t\t<\/div>\n\t\t\t\t<div class=\"elementor-element elementor-element-5798c4a elementor-widget elementor-widget-text-editor\" data-id=\"5798c4a\" data-element_type=\"widget\" data-e-type=\"widget\" data-widget_type=\"text-editor.default\">\n\t\t\t\t<div class=\"elementor-widget-container\">\n\t\t\t\t\t\t\t\t\t<p>Suislepan laululava tarjoaa loistavan tilaisuuden konserttien, kes\u00e4esitysten ja muiden ulkoilmatapahtumien j\u00e4rjest\u00e4miseen! Lavan koko on noin 170 m\u00b2 ja rinteell\u00e4 oleville penkeille ja piknikvilteille mahtuu noin 800 katsojaa.<br \/><br \/>Lavan ja vierailija-alueen varaus 500 \u20ac (sis. alv)<\/p>\t\t\t\t\t\t\t\t<\/div>\n\t\t\t\t<\/div>\n\t\t\t\t<\/div>\n\t\t\t\t\t<\/div>\n\t\t\t\t<\/div>\n\t\t<div class=\"elementor-element elementor-element-d2d5815 e-flex e-con-boxed e-con e-parent\" data-id=\"d2d5815\" data-element_type=\"container\" data-e-type=\"container\" data-settings=\"{&quot;background_background&quot;:&quot;classic&quot;}\">\n\t\t\t\t\t<div class=\"e-con-inner\">\n\t\t\t\t<div class=\"elementor-element elementor-element-77208e7 elementor-widget elementor-widget-button\" data-id=\"77208e7\" data-element_type=\"widget\" data-e-type=\"widget\" data-widget_type=\"button.default\">\n\t\t\t\t<div class=\"elementor-widget-container\">\n\t\t\t\t\t\t\t\t\t<div class=\"elementor-button-wrapper\">\n\t\t\t\t\t<a class=\"elementor-button elementor-button-link elementor-size-sm\" href=\"mailto:info@suislepapuhkekeskus.ee\">\n\t\t\t\t\t\t<span class=\"elementor-button-content-wrapper\">\n\t\t\t\t\t\t<span class=\"elementor-button-icon\">\n\t\t\t\t<svg aria-hidden=\"true\" class=\"e-font-icon-svg e-fas-mail-bulk\" viewbox=\"0 0 576 512\" xmlns=\"http:\/\/www.w3.org\/2000\/svg\"><path d=\"M160 448c-25.6 0-51.2-22.4-64-32-64-44.8-83.2-60.8-96-70.4V480c0 17.67 14.33 32 32 32h256c17.67 0 32-14.33 32-32V345.6c-12.8 9.6-32 25.6-96 70.4-12.8 9.6-38.4 32-64 32zm128-192H32c-17.67 0-32 14.33-32 32v16c25.6 19.2 22.4 19.2 115.2 86.4 9.6 6.4 28.8 25.6 44.8 25.6s35.2-19.2 44.8-22.4c92.8-67.2 89.6-67.2 115.2-86.4V288c0-17.67-14.33-32-32-32zm256-96H224c-17.67 0-32 14.33-32 32v32h96c33.21 0 60.59 25.42 63.71 57.82l.29-.22V416h192c17.67 0 32-14.33 32-32V192c0-17.67-14.33-32-32-32zm-32 128h-64v-64h64v64zm-352-96c0-35.29 28.71-64 64-64h224V32c0-17.67-14.33-32-32-32H96C78.33 0 64 14.33 64 32v192h96v-32z\"><\/path><\/svg>\t\t\t<\/span>\n\t\t\t\t\t\t\t\t\t<span class=\"elementor-button-text\">PYYD\u00c4 TARJOUS<\/span>\n\t\t\t\t\t<\/span>\n\t\t\t\t\t<\/a>\n\t\t\t\t<\/div>\n\t\t\t\t\t\t\t\t<\/div>\n\t\t\t\t<\/div>\n\t\t\t\t\t<\/div>\n\t\t\t\t<\/div>\n\t\t\t\t<\/div>","protected":false},"excerpt":{"rendered":"<p>Hinnad ja tingimused P\u00fc\u00fcame alati leida Teile parima v\u00f5imaliku lahenduse meie juures puhkamiseks ning \u00fcrituste l\u00e4biviimiseks! Suislepa Puhkekeskus\u00a0on suurep\u00e4rane koht firma\u00fcrituste l\u00e4biviimiseks (seminarid, koolitused, suvep\u00e4evad, tiimip\u00e4evad ja teised meeskonna\u00fcritused), pere ja s\u00f5pradega kohtumiseks ja t\u00e4histamiseks (s\u00fcnnip\u00e4evad, pulmad, kokkutulekud ja teised t\u00e4hts\u00fcndmused)\u00a0 Puhkekeskuse majutushoone antakse Teie k\u00e4sutusse kas terves ulatuses (40 voodikohta) v\u00f5i osaliselt (20 voodikohta)\u200bOsaline &#8230; <a title=\"HINNAT JA EHDOT\" class=\"read-more\" href=\"https:\/\/suislepapuhkekeskus.ee\/fi\/hinnad-ja-tingimused\/\" aria-label=\"Lue lis\u00e4\u00e4 aiheesta HINNAD JA TINGIMUSED\">Lue lis\u00e4\u00e4<\/a><\/p>","protected":false},"author":1,"featured_media":0,"parent":0,"menu_order":0,"comment_status":"closed","ping_status":"closed","template":"elementor_header_footer","meta":{"footnotes":""},"class_list":["post-50405","page","type-page","status-publish"],"_links":{"self":[{"href":"https:\/\/suislepapuhkekeskus.ee\/fi\/wp-json\/wp\/v2\/pages\/50405","targetHints":{"allow":["GET"]}}],"collection":[{"href":"https:\/\/suislepapuhkekeskus.ee\/fi\/wp-json\/wp\/v2\/pages"}],"about":[{"href":"https:\/\/suislepapuhkekeskus.ee\/fi\/wp-json\/wp\/v2\/types\/page"}],"author":[{"embeddable":true,"href":"https:\/\/suislepapuhkekeskus.ee\/fi\/wp-json\/wp\/v2\/users\/1"}],"replies":[{"embeddable":true,"href":"https:\/\/suislepapuhkekeskus.ee\/fi\/wp-json\/wp\/v2\/comments?post=50405"}],"version-history":[{"count":3,"href":"https:\/\/suislepapuhkekeskus.ee\/fi\/wp-json\/wp\/v2\/pages\/50405\/revisions"}],"predecessor-version":[{"id":51549,"href":"https:\/\/suislepapuhkekeskus.ee\/fi\/wp-json\/wp\/v2\/pages\/50405\/revisions\/51549"}],"wp:attachment":[{"href":"https:\/\/suislepapuhkekeskus.ee\/fi\/wp-json\/wp\/v2\/media?parent=50405"}],"curies":[{"name":"wp","href":"https:\/\/api.w.org\/{rel}","templated":true}]}}