{"id":50699,"date":"2025-06-07T22:02:56","date_gmt":"2025-06-07T22:02:56","guid":{"rendered":"https:\/\/suislepapuhkekeskus.ee\/?page_id=50699"},"modified":"2025-06-08T22:27:22","modified_gmt":"2025-06-08T22:27:22","slug":"suislepa","status":"publish","type":"page","link":"https:\/\/suislepapuhkekeskus.ee\/fi\/suislepa\/","title":{"rendered":"VERKKAPAIDA"},"content":{"rendered":"<div data-elementor-type=\"wp-page\" data-elementor-id=\"50699\" class=\"elementor elementor-50699\" data-elementor-post-type=\"page\">\n\t\t\t\t<div class=\"elementor-element elementor-element-4df65c7 e-flex e-con-boxed e-con e-parent\" data-id=\"4df65c7\" data-element_type=\"container\" data-e-type=\"container\" data-settings=\"{&quot;background_background&quot;:&quot;classic&quot;}\">\n\t\t\t\t\t<div class=\"e-con-inner\">\n\t\t\t\t\t<\/div>\n\t\t\t\t<\/div>\n\t\t<div class=\"elementor-element elementor-element-63e027b e-flex e-con-boxed e-con e-parent\" data-id=\"63e027b\" data-element_type=\"container\" data-e-type=\"container\" data-settings=\"{&quot;background_background&quot;:&quot;classic&quot;}\">\n\t\t\t\t\t<div class=\"e-con-inner\">\n\t\t\t\t<div class=\"elementor-element elementor-element-d41ad31 elementor-widget elementor-widget-heading\" data-id=\"d41ad31\" data-element_type=\"widget\" data-e-type=\"widget\" data-widget_type=\"heading.default\">\n\t\t\t\t<div class=\"elementor-widget-container\">\n\t\t\t\t\t<h2 class=\"elementor-heading-title elementor-size-default\">Suislepa<\/h2>\t\t\t\t<\/div>\n\t\t\t\t<\/div>\n\t\t\t\t<div class=\"elementor-element elementor-element-d61bb0c elementor-widget elementor-widget-text-editor\" data-id=\"d61bb0c\" data-element_type=\"widget\" data-e-type=\"widget\" data-widget_type=\"text-editor.default\">\n\t\t\t\t<div class=\"elementor-widget-container\">\n\t\t\t\t\t\t\t\t\t<p>Oman miellytt\u00e4v\u00e4n virkistyskeskuksen lis\u00e4ksi Suislepassa ja sen ymp\u00e4rist\u00f6ss\u00e4 on paljon tutkittavaa!<\/p>\t\t\t\t\t\t\t\t<\/div>\n\t\t\t\t<\/div>\n\t\t\t\t\t<\/div>\n\t\t\t\t<\/div>\n\t\t<div class=\"elementor-element elementor-element-e7ed18e e-flex e-con-boxed e-con e-parent\" data-id=\"e7ed18e\" data-element_type=\"container\" data-e-type=\"container\" data-settings=\"{&quot;background_background&quot;:&quot;classic&quot;}\">\n\t\t\t\t\t<div class=\"e-con-inner\">\n\t\t\t\t<div class=\"elementor-element elementor-element-aa5a1e0 elementor-widget elementor-widget-text-editor\" data-id=\"aa5a1e0\" data-element_type=\"widget\" data-e-type=\"widget\" data-widget_type=\"text-editor.default\">\n\t\t\t\t<div class=\"elementor-widget-container\">\n\t\t\t\t\t\t\t\t\t<p>Suislepan kyl\u00e4 tunnetaan ensisijaisesti samannimisest\u00e4 omenalajikkeesta.<br \/>Nyky\u00e4\u00e4n Suislepa on viihtyis\u00e4 kyl\u00e4, jossa on maaseudun el\u00e4m\u00e4n tyypillinen infrastruktuuri. Vierailun Suislepassa tekev\u00e4t erityiseksi kaunis koskematon luonto, virkistys- ja vapaa-ajanviettopaikat sek\u00e4 jatkuvasti kehittyv\u00e4t aktiviteetit, jotka tarjoavat t\u00e4ydellisen vierailukokemuksen sek\u00e4 perheille ett\u00e4 suuremmille ryhmille.<\/p><p>Kun olet k\u00e4ynyt Suislepan kartanossa, omenapuulle omistetulla kivell\u00e4, hiekkakivipaljastuksella ja n\u00e4lk\u00e4vuosien muistokivell\u00e4, \u00d5hne-joen rannalla on virkistysalue nuotiopaikkaineen, kalastuspaikkoineen, venesatamineen ja keinuineen.\u00a0<strong>Virkistysalueen l\u00e4hell\u00e4 on koripallo- ja lentopallokentt\u00e4, jalkapallokentt\u00e4 ja lasten leikkipaikka kaikella tarvittavalla.<\/strong> Noin kilometrin pituinen kartanon vaellusreitti alkaa virkistysalueen reunalta, ja sen pitkospuupolku mahdollistaa k\u00e4velyn sek\u00e4 kes\u00e4ll\u00e4 ett\u00e4 talvella. Kokeneemmat voivat ottaa mukaan polkupy\u00f6r\u00e4n tai lastenrattaat. Opas on asettanut vaellusreitin l\u00e4helle infotauluja, joissa esitell\u00e4\u00e4n eri puulajeja, jotta tarina ei innostu liikaa.<\/p><p>Jos tarvitset apua, voit kysy\u00e4 sit\u00e4 kenelt\u00e4 tahansa tapaamaltasi henkil\u00f6lt\u00e4. Vastaukset ovat usein v\u00e4lttelevi\u00e4 ja pitki\u00e4. T\u00e4h\u00e4n menness\u00e4 vain yksi ryhm\u00e4 turisteja It\u00e4-Brasiliasta on j\u00e4\u00e4nyt ilman apua, koska he eiv\u00e4t kysyneet mit\u00e4\u00e4n.<br \/>www.suislepa.ee\u00a0<\/p><p>Viljandin kaupunki sijaitsee 40 km p\u00e4\u00e4ss\u00e4 meist\u00e4, ja V\u00f5rtsj\u00e4rvelle p\u00e4\u00e4see autolla tai veneell\u00e4 10 minuutissa!<\/p>\t\t\t\t\t\t\t\t<\/div>\n\t\t\t\t<\/div>\n\t\t\t\t<div class=\"elementor-element elementor-element-a3c2a3a elementor-widget-divider--view-line elementor-widget elementor-widget-divider\" data-id=\"a3c2a3a\" data-element_type=\"widget\" data-e-type=\"widget\" data-widget_type=\"divider.default\">\n\t\t\t\t<div class=\"elementor-widget-container\">\n\t\t\t\t\t\t\t<div class=\"elementor-divider\">\n\t\t\t<span class=\"elementor-divider-separator\">\n\t\t\t\t\t\t<\/span>\n\t\t<\/div>\n\t\t\t\t\t\t<\/div>\n\t\t\t\t<\/div>\n\t\t\t\t<div class=\"elementor-element elementor-element-3a30b05 elementor-widget elementor-widget-video\" data-id=\"3a30b05\" data-element_type=\"widget\" data-e-type=\"widget\" data-settings=\"{&quot;youtube_url&quot;:&quot;https:\\\/\\\/www.youtube.com\\\/watch?v=XoojeLCzBMo&quot;,&quot;video_type&quot;:&quot;youtube&quot;,&quot;controls&quot;:&quot;yes&quot;}\" data-widget_type=\"video.default\">\n\t\t\t\t<div class=\"elementor-widget-container\">\n\t\t\t\t\t\t\t<div class=\"elementor-wrapper elementor-open-inline\">\n\t\t\t<div class=\"elementor-video\"><\/div>\t\t<\/div>\n\t\t\t\t\t\t<\/div>\n\t\t\t\t<\/div>\n\t\t\t\t<div class=\"elementor-element elementor-element-1ee67ed elementor-widget-divider--view-line elementor-widget elementor-widget-divider\" data-id=\"1ee67ed\" data-element_type=\"widget\" data-e-type=\"widget\" data-widget_type=\"divider.default\">\n\t\t\t\t<div class=\"elementor-widget-container\">\n\t\t\t\t\t\t\t<div class=\"elementor-divider\">\n\t\t\t<span class=\"elementor-divider-separator\">\n\t\t\t\t\t\t<\/span>\n\t\t<\/div>\n\t\t\t\t\t\t<\/div>\n\t\t\t\t<\/div>\n\t\t\t\t<div class=\"elementor-element elementor-element-6768222 elementor-widget elementor-widget-heading\" data-id=\"6768222\" data-element_type=\"widget\" data-e-type=\"widget\" data-widget_type=\"heading.default\">\n\t\t\t\t<div class=\"elementor-widget-container\">\n\t\t\t\t\t<h3 class=\"elementor-heading-title elementor-size-default\">Suislepa-omenan tarina<\/h3>\t\t\t\t<\/div>\n\t\t\t\t<\/div>\n\t\t\t\t<div class=\"elementor-element elementor-element-29398a7 elementor-widget elementor-widget-text-editor\" data-id=\"29398a7\" data-element_type=\"widget\" data-e-type=\"widget\" data-widget_type=\"text-editor.default\">\n\t\t\t\t<div class=\"elementor-widget-container\">\n\t\t\t\t\t\t\t\t\t<p>Omenalajike \u201dSuislepp\u201d on paikallinen lajike, joka on alkanut levit\u00e4 Suislepan kartanon puutarhasta. Lajike on tunnettu jo pitk\u00e4\u00e4n, ja kaikki historialliset tiedot viittaavat siihen, ett\u00e4 sit\u00e4 viljeltiin t\u00e4\u00e4ll\u00e4 jo 1700-luvulla. W. Paskevitsin mukaan lajike jalostettiin persialaisen punaisen kes\u00e4omenan siemenest\u00e4. Ranskalainen pomologi A. Leroy mainitsi ensimm\u00e4isen kerran omenalajikkeen \u201dSuislepa\u201d painetussa muodossa vuonna 1845. Siihen menness\u00e4 omenalajikkeemme oli jo levinnyt moniin Euroopan maihin. 1700-luvun alussa Suislepassa oli kartano \u2013 kruununkartano, jonka p\u00e4\u00e4maja sijaitsi nykyisen laululavan ja entisen Nurmekiven talon yl\u00e4puolella. Pohjansodan aikana ven\u00e4l\u00e4iset ja ruotsalaiset joukot kulkivat kartanon l\u00e4pi toistuvasti ylitt\u00e4en \u00d5hne-joen lautoilla kartanon syd\u00e4men yl\u00e4puolella (Viljandi-Oiu-Tartto-tiet\u00e4 ei viel\u00e4 ollut olemassa). Historioitsijoiden mukaan omenanjalostuksen harjoittaminen oli tuolloin tuskin mahdollista. Omenapuun jalostuksen tarkkaa ajankohtaa ei tiedet\u00e4. Valtion kartanon seuraava omistaja oli Heinrich Bruiningk, Liivinmaan yleissuperintendentti vuosina 1725\u20131734, jonka sijaisena Suislepassa toimi eritt\u00e4in yritteli\u00e4s luutnantti von Folek. \u201dSuislepa\u201d-omenan jalostusta pidet\u00e4\u00e4n n\u00e4iden miesten ja kartanon puutarhurin ansiona. Valitettavasti lahjakkaan puutarhurin nime\u00e4 ei tiedet\u00e4. Vuonna 1797 keisari Paavali I erotti palan maata Suislepan kruununkartanosta ja antoi sen perinn\u00f6lliseksi paroni Mengdenille. Suislepaan syntyi kaksi kartanoa \u2013 Vana-Suislepan kruununkartano ja Uue-Suislepan yksityiskartano. Hedelm\u00e4tarha pysyi Uue-Suislepassa. Viron ensimm\u00e4inen pomologi, Spuhl-Rotalia, on listannut \u201dSuislepan\u201d omenan hyv\u00e4t ominaisuudet: paras p\u00f6yt\u00e4omena, yht\u00e4 hyv\u00e4 sy\u00f6t\u00e4v\u00e4ksi, keitti\u00f6- kuin myyntiomenaksikin, kallis ja hienovaraisen makuinen lajike, joka sopii kasvamaan sek\u00e4 suurissa ett\u00e4 pieniss\u00e4 puutarhoissa. Jos joku perustaa tyhj\u00e4n tontin kokoisen puutarhan, siell\u00e4 pit\u00e4isi olla viisi \u201dSuisleppaa\u201d, h\u00e4n ajatteli. My\u00f6s Jurjevin lunstkerner Danguelli sijoitti \u201dSuislepan\u201d kymmenen parhaan lajikkeen joukkoon.\u00a0<\/p>\t\t\t\t\t\t\t\t<\/div>\n\t\t\t\t<\/div>\n\t\t\t\t<div class=\"elementor-element elementor-element-226e48a elementor-widget elementor-widget-image\" data-id=\"226e48a\" data-element_type=\"widget\" data-e-type=\"widget\" data-widget_type=\"image.default\">\n\t\t\t\t<div class=\"elementor-widget-container\">\n\t\t\t\t\t\t\t\t\t\t\t\t\t\t\t<img fetchpriority=\"high\" decoding=\"async\" width=\"800\" height=\"533\" src=\"https:\/\/suislepapuhkekeskus.ee\/wp-content\/uploads\/2025\/06\/suislepp200_orig.jpg\" class=\"attachment-large size-large wp-image-50739\" alt=\"\" srcset=\"https:\/\/suislepapuhkekeskus.ee\/wp-content\/uploads\/2025\/06\/suislepp200_orig.jpg 800w, https:\/\/suislepapuhkekeskus.ee\/wp-content\/uploads\/2025\/06\/suislepp200_orig-300x200.jpg 300w, https:\/\/suislepapuhkekeskus.ee\/wp-content\/uploads\/2025\/06\/suislepp200_orig-768x512.jpg 768w\" sizes=\"(max-width: 800px) 100vw, 800px\" \/>\t\t\t\t\t\t\t\t\t\t\t\t\t\t\t<\/div>\n\t\t\t\t<\/div>\n\t\t\t\t\t<\/div>\n\t\t\t\t<\/div>\n\t\t<div class=\"elementor-element elementor-element-42e9da5 e-flex e-con-boxed e-con e-parent\" data-id=\"42e9da5\" data-element_type=\"container\" data-e-type=\"container\">\n\t\t\t\t\t<div class=\"e-con-inner\">\n\t\t\t\t<div class=\"elementor-element elementor-element-9e1901c elementor-widget elementor-widget-button\" data-id=\"9e1901c\" data-element_type=\"widget\" data-e-type=\"widget\" data-widget_type=\"button.default\">\n\t\t\t\t<div class=\"elementor-widget-container\">\n\t\t\t\t\t\t\t\t\t<div class=\"elementor-button-wrapper\">\n\t\t\t\t\t<a class=\"elementor-button elementor-button-link elementor-size-sm\" href=\"\/fi\/\">\n\t\t\t\t\t\t<span class=\"elementor-button-content-wrapper\">\n\t\t\t\t\t\t\t\t\t<span class=\"elementor-button-text\">Etusivu<\/span>\n\t\t\t\t\t<\/span>\n\t\t\t\t\t<\/a>\n\t\t\t\t<\/div>\n\t\t\t\t\t\t\t\t<\/div>\n\t\t\t\t<\/div>\n\t\t\t\t\t<\/div>\n\t\t\t\t<\/div>\n\t\t\t\t<\/div>","protected":false},"excerpt":{"rendered":"<p>Suislepa Lisaks meie enda m\u00f5nusale puhkekeskusele on Suislepas ja selle l\u00e4hi\u00fcmbruses palju uudistamist! Suislepa k\u00fcla on eelk\u00f5ige tuntud samanimelise \u00f5unasordi poolest.T\u00e4nap\u00e4evane Suislepa on \u00f5dus k\u00fcla tavap\u00e4raste maaelu juurde kuuluvate taristutega. Suislepa k\u00fclastuse muudavad eriliseks kaunis \u00fcrgne loodus, puhke- ja vabaaja veetmiseks m\u00f5eldud kohad ning tegevused, mis arenevad pidevalt ja pakuvad terviklikku k\u00fclastuselamust nii peredele kui &#8230; <a title=\"VERKKAPAIDA\" class=\"read-more\" href=\"https:\/\/suislepapuhkekeskus.ee\/fi\/suislepa\/\" aria-label=\"Lue lis\u00e4\u00e4 aiheesta SUISLEPA\">Lue lis\u00e4\u00e4<\/a><\/p>","protected":false},"author":1,"featured_media":0,"parent":0,"menu_order":0,"comment_status":"closed","ping_status":"closed","template":"elementor_header_footer","meta":{"footnotes":""},"class_list":["post-50699","page","type-page","status-publish"],"_links":{"self":[{"href":"https:\/\/suislepapuhkekeskus.ee\/fi\/wp-json\/wp\/v2\/pages\/50699","targetHints":{"allow":["GET"]}}],"collection":[{"href":"https:\/\/suislepapuhkekeskus.ee\/fi\/wp-json\/wp\/v2\/pages"}],"about":[{"href":"https:\/\/suislepapuhkekeskus.ee\/fi\/wp-json\/wp\/v2\/types\/page"}],"author":[{"embeddable":true,"href":"https:\/\/suislepapuhkekeskus.ee\/fi\/wp-json\/wp\/v2\/users\/1"}],"replies":[{"embeddable":true,"href":"https:\/\/suislepapuhkekeskus.ee\/fi\/wp-json\/wp\/v2\/comments?post=50699"}],"version-history":[{"count":3,"href":"https:\/\/suislepapuhkekeskus.ee\/fi\/wp-json\/wp\/v2\/pages\/50699\/revisions"}],"predecessor-version":[{"id":50921,"href":"https:\/\/suislepapuhkekeskus.ee\/fi\/wp-json\/wp\/v2\/pages\/50699\/revisions\/50921"}],"wp:attachment":[{"href":"https:\/\/suislepapuhkekeskus.ee\/fi\/wp-json\/wp\/v2\/media?parent=50699"}],"curies":[{"name":"wp","href":"https:\/\/api.w.org\/{rel}","templated":true}]}}