{"id":51039,"date":"2025-06-15T18:47:34","date_gmt":"2025-06-15T18:47:34","guid":{"rendered":"https:\/\/suislepapuhkekeskus.ee\/cookie-policy-eu\/"},"modified":"2025-06-15T20:02:02","modified_gmt":"2025-06-15T20:02:02","slug":"cookie-policy-eu","status":"publish","type":"page","link":"https:\/\/suislepapuhkekeskus.ee\/fi\/cookie-policy-eu\/","title":{"rendered":"Ev\u00e4stek\u00e4yt\u00e4nt\u00f6 (EU)"},"content":{"rendered":"<!-- Legal document generated by Complianz | GDPR\/CCPA Cookie Consent https:\/\/wordpress.org\/plugins\/complianz-gdpr -->\n<div id=\"cmplz-document\" class=\"cmplz-document cookie-statement cmplz-document-eu\"><p><i>T\u00e4t\u00e4 k\u00e4yt\u00e4nt\u00f6\u00e4 on viimeksi p\u00e4ivitetty 15.06.2025, ja se koskee Euroopan talousalueen kansalaisia ja Sveitsin pysyvi\u00e4 asukkaita.<\/i><br><\/p><h2>1. Esitys<\/h2><p>Verkkosivustomme, <a href=\"https:\/\/suislepapuhkekeskus.ee\/fi\">https:\/\/suislepapuhkekeskus.ee\/fi<\/a> (j\u00e4ljemp\u00e4n\u00e4: &quot;verkkosivusto&quot;) k\u00e4ytt\u00e4\u00e4 ev\u00e4steit\u00e4 ja muita niihin liittyvi\u00e4 tekniikoita (p\u00e4\u00e4k\u00e4llisist\u00e4 syist\u00e4 p\u00e4y\u00e4y\u00e4mme k\u00e4ss\u00e4mi tekn\u00e4kihin &quot;ev\u00e4stein\u00e4&quot;). Ev\u00e4stet\u00e4\u00e4 sijoittaa my\u00f6s kolmansia osapuolia, joiden kanssa teemme yhteisty\u00f6t\u00e4. Alla olevassa asiakirjassa kuvataan verkkosivustollamme k\u00e4ytetyt ev\u00e4steet.<\/p><h2>2. Mit\u00e4 ev\u00e4steet ovat?<\/h2><p>Ev\u00e4steet ovat pieni\u00e4, yksinkertaisia tiedostoja, jotka l\u00e4hetet\u00e4\u00e4n verkkosivujen mukana ja joiden sis\u00e4lt\u00f6 tallennetaan tietokoneesi tai muun ohjelmiston kiintolevylle. Niille tallennetut tiedot voidaan palauttaa verkkosivustollemme tai asiaankuuluville kolmansille osapuolille seuraavan verkkosivustovierailun yhteydess\u00e4.<\/p><h2>3. Mit\u00e4 ovat skriptit?<\/h2><p>Skripti on ohjelmointikoodia, joka saa verkkosivustomme toimimaan oikein ja vuorovaikutteisesti. T\u00e4t\u00e4 koodia suoritetaan sek\u00e4 palvelimilla ett\u00e4 laitteilla.<\/p><h2>4. Mik\u00e4 on verkkojalanj\u00e4lki?<\/h2><p>Verkkoj\u00e4ljet ovat verkkosivustolla olevia pieni\u00e4, n\u00e4kym\u00e4tt\u00f6mi\u00e4 tekstielementtej\u00e4, joita k\u00e4ytet\u00e4\u00e4n verkkosivuston liikenteen seuraamiseen. T\u00e4m\u00e4 tehd\u00e4\u00e4n tallentamalla tiettyj\u00e4 tietoja sinusta verkkoseurantalaitteiden avulla.<\/p><h2>5. Ev\u00e4ste<\/h2><p class=\"cmplz-subtitle\">5.1 Tekniset ja toiminnalliset laitteet<\/p><p>Jotkut ev\u00e4steet varmistavat, ett\u00e4 tietyt verkkosivuston osat toimivat oikein ja ett\u00e4 k\u00e4ytt\u00e4j\u00e4asetukset ovat voimassa. Asettamalla toiminnallisia elementtej\u00e4 autamme parantamaan verkkosivustomme k\u00e4vij\u00e4m\u00e4\u00e4r\u00e4\u00e4. T\u00e4ll\u00e4 tavoin sinun ei tarvitse sy\u00f6tt\u00e4\u00e4 samoja tietoja toistuvasti verkkosivustolla vieraillessasi, ja esimerkiksi tuotteet pysyv\u00e4t ostoskorissa, kunnes olet maksanut. Voimme asettaa n\u00e4it\u00e4 ev\u00e4steit\u00e4 ilman suostumustasi.<\/p><p class=\"cmplz-subtitle\">5.2 Tilastotukeev\u00e4ste<\/p><p>K\u00e4yt\u00e4mme tilastollisia ev\u00e4steit\u00e4 k\u00e4ytt\u00e4jiemme verkkosivustokokemuksen optimoimiseksi. N\u00e4iden tilastojen avulla saamme tietoa verkkosivustomme k\u00e4yt\u00f6st\u00e4. Pyyd\u00e4mme lupaa tilastotietojen sijoittamiseen.<\/p><p class=\"cmplz-subtitle\">5.3 Markkinointi-\/seurantatiedot<\/p><p>Markkinointi-\/seurantaev\u00e4steet ovat ev\u00e4steit\u00e4 tai muita paikallisia tallennusmuotoja, joita k\u00e4ytet\u00e4\u00e4n k\u00e4ytt\u00e4j\u00e4profiilien luomiseen, mainosten n\u00e4ytt\u00e4miseen tai k\u00e4ytt\u00e4jien seuraamiseen t\u00e4ll\u00e4 verkkosivustolla tai muilla verkkosivustoilla vastaavissa markkinointitarkoituksissa.<\/p><p class=\"cmplz-subtitle\">5.4 Sosiaalinen media<\/p><p>Olemme sis\u00e4llytt\u00e4neet verkkosivustollamme sis\u00e4lt\u00f6\u00e4 Facebook, TikTok ja Instagram:lt\u00e4 verkkosivujen mainostamiseksi (esim. \"tykk\u00e4\u00e4\", \"kiinnit\u00e4\") tai jakamiseksi (esim. \"twiittaa\") sosiaalisissa verkostoissa, kuten Facebook, TikTok ja Instagram. T\u00e4m\u00e4 sis\u00e4lt\u00f6 on upotettu Facebook, TikTok ja Instagram:st\u00e4 per\u00e4isin olevalla koodilla ja se asettaa ev\u00e4steit\u00e4. T\u00e4m\u00e4 sis\u00e4lt\u00f6 saattaa tallentaa ja k\u00e4sitell\u00e4 tiettyj\u00e4 tietoja henkil\u00f6kohtaista mainontaa varten.<\/p><p>Lue n\u00e4iden sosiaalisten verkostojen tietosuojalausunto (joka voi muuttua s\u00e4\u00e4nn\u00f6llisesti) lukeaksesi, mit\u00e4 he tekev\u00e4t (henkil\u00f6kohtaisilla) tiedoillasi, joita he k\u00e4sittelev\u00e4t n\u00e4iden ev\u00e4steiden avulla. Haettavat tiedot anonymisoidaan mahdollisimman paljon. Facebook, TikTok ja Instagram sijaitsevat Yhdysvalloissa.<\/p><h2>6. Asetetut ev\u00e4steet<\/h2><div id=\"cmplz-cookies-overview\"><details class=\"cmplz-dropdown cmplz-service-desc cmplz-dropdown-cookiepolicy\">\n\t<summary class=\"cmplz-service-header\"><div>\n\t\t<h3>Sekalaista<\/h3>\n\t\t<p>K\u00e4ytt\u00f6tarkoitus selvityksess\u00e4<\/p>\n\t\t<label for=\"cmplz_service_sekalaista\" class=\"cmplz_consent_per_service_label\"><span class=\"screen-reader-text\">Consent to service sekalaista<\/span><\/label>\n\t\t<input type=\"checkbox\" id=\"cmplz_service_sekalaista\" class=\"cmplz-accept-service cmplz-hidden\" data-service=\"sekalaista\" data-category=\"functional\"><\/div>\n\t<\/summary>\n\t<div class=\"cmplz-service-description\">\n\t\t<h4>K\u00e4ytt\u00f6<\/h4>\n\t\t<p><\/p>\n\t<\/div>\n\t<div class=\"cmplz-sharing-data\">\n\t\t<h4>Tietojen jakaminen<\/h4>\n\t\t<p>Tietojen jakaminen odottaa tutkintaa<\/p>\n\t<\/div>\n\t<div class=\"cookies-per-purpose\">\n    <div class=\"purpose\"><h4>K\u00e4ytt\u00f6tarkoitus selvityksess\u00e4<\/h4><\/div>\n    <div class=\"name-header\">\n\t<h5>Nimi<\/h5>\n<\/div>\n<div class=\"name\">mp_150605b3b9f979922f2ac5a52e2dcfe9_mixpanel<\/div>\n<div class=\"retention-header\">\n\t<h5>Vanheneminen<\/h5>\n<\/div>\n<div class=\"retention\"><\/div>\n<div class=\"function-header\">\n\t<h5>Toiminto<\/h5>\n<\/div>\n<div class=\"function\"><\/div>\n<div class=\"name-header\">\n\t<h5>Nimi<\/h5>\n<\/div>\n<div class=\"name\">mp_gen_new_tab_id_mixpanel_150605b3b9f979922f2ac5a52e2dcfe9<\/div>\n<div class=\"retention-header\">\n\t<h5>Vanheneminen<\/h5>\n<\/div>\n<div class=\"retention\"><\/div>\n<div class=\"function-header\">\n\t<h5>Toiminto<\/h5>\n<\/div>\n<div class=\"function\"><\/div>\n<div class=\"name-header\">\n\t<h5>Nimi<\/h5>\n<\/div>\n<div class=\"name\">wpEmojiSettingsTukee<\/div>\n<div class=\"retention-header\">\n\t<h5>Vanheneminen<\/h5>\n<\/div>\n<div class=\"retention\"><\/div>\n<div class=\"function-header\">\n\t<h5>Toiminto<\/h5>\n<\/div>\n<div class=\"function\"><\/div>\n<div class=\"name-header\">\n\t<h5>Nimi<\/h5>\n<\/div>\n<div class=\"name\">mp_tab_id_mixpanel_150605b3b9f979922f2ac5a52e2dcfe9<\/div>\n<div class=\"retention-header\">\n\t<h5>Vanheneminen<\/h5>\n<\/div>\n<div class=\"retention\"><\/div>\n<div class=\"function-header\">\n\t<h5>Toiminto<\/h5>\n<\/div>\n<div class=\"function\"><\/div>\n<div class=\"name-header\">\n\t<h5>Nimi<\/h5>\n<\/div>\n<div class=\"name\">wp-asetukset-1<\/div>\n<div class=\"retention-header\">\n\t<h5>Vanheneminen<\/h5>\n<\/div>\n<div class=\"retention\"><\/div>\n<div class=\"function-header\">\n\t<h5>Toiminto<\/h5>\n<\/div>\n<div class=\"function\"><\/div>\n<div class=\"name-header\">\n\t<h5>Nimi<\/h5>\n<\/div>\n<div class=\"name\">wp-asetukset-aika-1<\/div>\n<div class=\"retention-header\">\n\t<h5>Vanheneminen<\/h5>\n<\/div>\n<div class=\"retention\"><\/div>\n<div class=\"function-header\">\n\t<h5>Toiminto<\/h5>\n<\/div>\n<div class=\"function\"><\/div>\n<div class=\"name-header\">\n\t<h5>Nimi<\/h5>\n<\/div>\n<div class=\"name\">wordpress_test_cookie<\/div>\n<div class=\"retention-header\">\n\t<h5>Vanheneminen<\/h5>\n<\/div>\n<div class=\"retention\"><\/div>\n<div class=\"function-header\">\n\t<h5>Toiminto<\/h5>\n<\/div>\n<div class=\"function\"><\/div>\n<div class=\"name-header\">\n\t<h5>Nimi<\/h5>\n<\/div>\n<div class=\"name\">wordpress_kirjautunut_sis\u00e4\u00e4n_0ab2b25fb0f769161ff9b59ec24325e2<\/div>\n<div class=\"retention-header\">\n\t<h5>Vanheneminen<\/h5>\n<\/div>\n<div class=\"retention\"><\/div>\n<div class=\"function-header\">\n\t<h5>Toiminto<\/h5>\n<\/div>\n<div class=\"function\"><\/div>\n<div class=\"name-header\">\n\t<h5>Nimi<\/h5>\n<\/div>\n<div class=\"name\">cmplz_k\u00e4ytt\u00e4j\u00e4tiedot<\/div>\n<div class=\"retention-header\">\n\t<h5>Vanheneminen<\/h5>\n<\/div>\n<div class=\"retention\">365 p\u00e4iv\u00e4\u00e4<\/div>\n<div class=\"function-header\">\n\t<h5>Toiminto<\/h5>\n<\/div>\n<div class=\"function\"><\/div>\n<div class=\"name-header\">\n\t<h5>Nimi<\/h5>\n<\/div>\n<div class=\"name\">cmplz_id<\/div>\n<div class=\"retention-header\">\n\t<h5>Vanheneminen<\/h5>\n<\/div>\n<div class=\"retention\">365 p\u00e4iv\u00e4\u00e4<\/div>\n<div class=\"function-header\">\n\t<h5>Toiminto<\/h5>\n<\/div>\n<div class=\"function\"><\/div>\n<div class=\"name-header\">\n\t<h5>Nimi<\/h5>\n<\/div>\n<div class=\"name\">cmplz_tallennetut_palvelut<\/div>\n<div class=\"retention-header\">\n\t<h5>Vanheneminen<\/h5>\n<\/div>\n<div class=\"retention\">365 p\u00e4iv\u00e4\u00e4<\/div>\n<div class=\"function-header\">\n\t<h5>Toiminto<\/h5>\n<\/div>\n<div class=\"function\"><\/div>\n<div class=\"name-header\">\n\t<h5>Nimi<\/h5>\n<\/div>\n<div class=\"name\">cmplz_suostumuksen_palvelut<\/div>\n<div class=\"retention-header\">\n\t<h5>Vanheneminen<\/h5>\n<\/div>\n<div class=\"retention\">365 p\u00e4iv\u00e4\u00e4<\/div>\n<div class=\"function-header\">\n\t<h5>Toiminto<\/h5>\n<\/div>\n<div class=\"function\"><\/div>\n<div class=\"name-header\">\n\t<h5>Nimi<\/h5>\n<\/div>\n<div class=\"name\">cmplz_k\u00e4yt\u00e4nt\u00f6tunnus<\/div>\n<div class=\"retention-header\">\n\t<h5>Vanheneminen<\/h5>\n<\/div>\n<div class=\"retention\">365 p\u00e4iv\u00e4\u00e4<\/div>\n<div class=\"function-header\">\n\t<h5>Toiminto<\/h5>\n<\/div>\n<div class=\"function\"><\/div>\n<div class=\"name-header\">\n\t<h5>Nimi<\/h5>\n<\/div>\n<div class=\"name\">cmplz_markkinointi<\/div>\n<div class=\"retention-header\">\n\t<h5>Vanheneminen<\/h5>\n<\/div>\n<div class=\"retention\">365 p\u00e4iv\u00e4\u00e4<\/div>\n<div class=\"function-header\">\n\t<h5>Toiminto<\/h5>\n<\/div>\n<div class=\"function\"><\/div>\n<div class=\"name-header\">\n\t<h5>Nimi<\/h5>\n<\/div>\n<div class=\"name\">cmplz_tilastot<\/div>\n<div class=\"retention-header\">\n\t<h5>Vanheneminen<\/h5>\n<\/div>\n<div class=\"retention\">365 p\u00e4iv\u00e4\u00e4<\/div>\n<div class=\"function-header\">\n\t<h5>Toiminto<\/h5>\n<\/div>\n<div class=\"function\"><\/div>\n<div class=\"name-header\">\n\t<h5>Nimi<\/h5>\n<\/div>\n<div class=\"name\">cmplz_asetukset<\/div>\n<div class=\"retention-header\">\n\t<h5>Vanheneminen<\/h5>\n<\/div>\n<div class=\"retention\">365 p\u00e4iv\u00e4\u00e4<\/div>\n<div class=\"function-header\">\n\t<h5>Toiminto<\/h5>\n<\/div>\n<div class=\"function\"><\/div>\n<div class=\"name-header\">\n\t<h5>Nimi<\/h5>\n<\/div>\n<div class=\"name\">cmplz_funktionaalinen<\/div>\n<div class=\"retention-header\">\n\t<h5>Vanheneminen<\/h5>\n<\/div>\n<div class=\"retention\">365 p\u00e4iv\u00e4\u00e4<\/div>\n<div class=\"function-header\">\n\t<h5>Toiminto<\/h5>\n<\/div>\n<div class=\"function\"><\/div>\n<div class=\"name-header\">\n\t<h5>Nimi<\/h5>\n<\/div>\n<div class=\"name\">cmplz_banner-status<\/div>\n<div class=\"retention-header\">\n\t<h5>Vanheneminen<\/h5>\n<\/div>\n<div class=\"retention\">365 p\u00e4iv\u00e4\u00e4<\/div>\n<div class=\"function-header\">\n\t<h5>Toiminto<\/h5>\n<\/div>\n<div class=\"function\"><\/div>\n<div class=\"name-header\">\n\t<h5>Nimi<\/h5>\n<\/div>\n<div class=\"name\">cmplz_tallennetut_luokat<\/div>\n<div class=\"retention-header\">\n\t<h5>Vanheneminen<\/h5>\n<\/div>\n<div class=\"retention\">365 p\u00e4iv\u00e4\u00e4<\/div>\n<div class=\"function-header\">\n\t<h5>Toiminto<\/h5>\n<\/div>\n<div class=\"function\"><\/div>\n<div class=\"name-header\">\n\t<h5>Nimi<\/h5>\n<\/div>\n<div class=\"name\">wp_lang<\/div>\n<div class=\"retention-header\">\n\t<h5>Vanheneminen<\/h5>\n<\/div>\n<div class=\"retention\"><\/div>\n<div class=\"function-header\">\n\t<h5>Toiminto<\/h5>\n<\/div>\n<div class=\"function\"><\/div>\n\n<\/div>\n<\/details>\n<\/div><h2>7. Suostumus<\/h2><p>Kun vierailet verkkosivustollamme ensimm\u00e4ist\u00e4 kertaa, n\u00e4yt\u00e4mme sinulle ponnahdusikkunan, jossa on selitys tietosuojak\u00e4yt\u00e4nn\u00f6st\u00e4. Heti kun napsautat &quot;Hyv\u00e4ksy&quot;, hyv\u00e4ksyt, ett\u00e4 k\u00e4yt\u00e4mme kaikkia ev\u00e4steit\u00e4 ja laajennuksia ponnahdusikkunassa ja t\u00e4ss\u00e4 ev\u00e4stek\u00e4yt\u00e4nn\u00f6ss\u00e4 kuvatulla tavalla. Voit est\u00e4\u00e4 ev\u00e4steiden k\u00e4yt\u00f6n selaimesi kautta, mutta huomaa, ett\u00e4 verkkosivustomme ei v\u00e4ltt\u00e4m\u00e4tt\u00e4 en\u00e4\u00e4 toimi oikein.<\/p><p class=\"cmplz-subtitle\">7.1 Hallinnoin suostumustiedot<\/p><div id=\"cmplz-manage-consent-container-nojavascript\">Olet ladannut ev\u00e4stek\u00e4yt\u00e4nn\u00f6n ilman JavaScript-tukea.&nbsp;AMP:ssa voit k\u00e4ytt\u00e4\u00e4 hallinnoida suostumuspainiketta sivun alareunassa.<\/div><div id=\"cmplz-manage-consent-container\" class=\"cmplz-manage-consent-container\"><\/div><h2>8. Ev\u00e4steiden salliminen\/hylk\u00e4\u00e4minen ja poistaminen<\/h2><p>Voit k\u00e4ytt\u00e4\u00e4 internetselaimia ev\u00e4steiden automaattiseen tai manuaaliseen poistamiseen. Voit my\u00f6s m\u00e4\u00e4ritt\u00e4\u00e4, ett\u00e4 tiettyj\u00e4 ev\u00e4steit\u00e4 ei voida asettaa. Toinen vaihtoehto on muuttaa internetselaimesi asetuksia niin, ett\u00e4 saat ilmoituksen aina, kun ev\u00e4ste asetetaan. Lis\u00e4tietoja n\u00e4ist\u00e4 asetuksista on Ohje-osion-k\u00e4ytt\u00f6oppaassa.<\/p><p>Huomaa, ett\u00e4 verkkosivustomme ei v\u00e4ltt\u00e4m\u00e4tt\u00e4 toimi kunnolla, jos kaikki ev\u00e4steet on poistettu k\u00e4yt\u00f6st\u00e4. Jos kompensaatiota tarvitseet saapuesta, ne sijoitats reitret\u00e4tts\u00e4 \u00e4chteren achterten kun vierailet reittre webz\u00e4ll\u00e4llamme.<\/p><h2>9. Henkil\u00f6tietoihin liittyv\u00e4t oikeudet<\/h2><p>Sinulla on seuraavat oikeudet henkil\u00f6n tietoihin:<\/p><ul>\n                    <li>Sinulla on oikeus tiet\u00e4\u00e4, mit\u00e4 henkil\u00f6tietoja tarvitaan, mit\u00e4 niille tapahtuu ja kuinka kauan niit\u00e4 s\u00e4ilytet\u00e4\u00e4n.<\/li>\n                    <li>P\u00e4\u00e4syoikeus: Sinulla on oikeus saada p\u00e4\u00e4sy tietoihimme.<\/li>\n                    <li>Oikeus oikaisuun: Sinulla on oikeus milloin tahansa t\u00e4ydent\u00e4\u00e4, poimia, poistaa tai est\u00e4\u00e4 kenen tahansa henkil\u00f6n tietoja.<\/li>\n                    <li>Jos annat meille suostumuksesi tietojesi k\u00e4sittelyyn, sinulla on oikeus peruuttaa suostumuksesi ja pyyt\u00e4\u00e4 henkil\u00f6tietojesi poistamista.<\/li>\n                    <li>Oikeus siirt\u00e4\u00e4 tietosi: Sinulla on oikeus pyyt\u00e4\u00e4 kaikki tiedot rekisterinpit\u00e4j\u00e4lt\u00e4 ja siirt\u00e4\u00e4 ne toiselle rekisterinpit\u00e4j\u00e4lle.<\/li>\n                    <li>Vastustamisoikeus: voit vastustaa tietojesi k\u00e4sittely\u00e4. Noudatamme t\u00e4t\u00e4 oikeutta, ellei k\u00e4sittelylle ole perusteltua syyt\u00e4.<\/li>\n                <\/ul><p>Jos haluat k\u00e4ytt\u00e4\u00e4 n\u00e4it\u00e4 oikeuksia, ota meihin yhteytt\u00e4. Katso yhteystiedot t\u00e4m\u00e4n hakemuksen alaosasta. Jos sinulla on valitus siit\u00e4, miten k\u00e4sittelemme tietojasi, haluaisimme kuulla sinusta, mutta sinulla on my\u00f6s oikeus tehd\u00e4 valitus valvontaviranomaiselle.<\/p><h2>10. Yhteystiedot<\/h2><p>Jos sinulla on kysytt\u00e4v\u00e4\u00e4 ja\/tai kommentteja k\u00e4yt\u00e4nn\u00f6ist\u00e4mme ja t\u00e4st\u00e4 lausunnosta, ota meihin yhteytt\u00e4 seuraavien yhteystietojen avulla:<\/p><p><span class=\"cmplz-contact-organisation\">Rafael O\u00dc<\/span><br>\n                      <span class=\"cmplz-contact-address\">Mooni st 60-110, Tallinna, 10619<\/span><br>\n                      <span class=\"cmplz-contact-country\">Viro<\/span><br>\n                    Verkkosivusto: <span class=\"cmplz-contact-domain\"><a href=\"https:\/\/suislepapuhkekeskus.ee\/fi\">https:\/\/suislepapuhkekeskus.ee\/fi<\/a><\/span><br>\n                    S\u00e4hk\u00f6posti: <span class=\"cmplz-contact-email\"><span class=\"cmplz-obfuscate\">i&#110;f&#111;@<span class=\"cmplz-fmail-domain\">esim.com<\/span>&#115;&#117;&#105;&#115;&#108;epa&#112;uh&#107;e&#107;esk&#117;&#115;.&#101;e<\/span><\/span><br>\n                    <span class=\"cmplz-contact-telephone\">Puhelinnumero: +37258669580<\/span><\/p><p>N\u00e4m\u00e4 ev\u00e4steet on synkronoitu <a href=\"https:\/\/cookiedatabase.org\/\" target=\"_blank\">ev\u00e4stetietokanta.org<\/a>-verkkosivusto 26.04.2026.<\/p><\/div>","protected":false},"excerpt":{"rendered":"","protected":false},"author":1,"featured_media":0,"parent":0,"menu_order":0,"comment_status":"closed","ping_status":"closed","template":"","meta":{"footnotes":""},"class_list":["post-51039","page","type-page","status-publish"],"_links":{"self":[{"href":"https:\/\/suislepapuhkekeskus.ee\/fi\/wp-json\/wp\/v2\/pages\/51039","targetHints":{"allow":["GET"]}}],"collection":[{"href":"https:\/\/suislepapuhkekeskus.ee\/fi\/wp-json\/wp\/v2\/pages"}],"about":[{"href":"https:\/\/suislepapuhkekeskus.ee\/fi\/wp-json\/wp\/v2\/types\/page"}],"author":[{"embeddable":true,"href":"https:\/\/suislepapuhkekeskus.ee\/fi\/wp-json\/wp\/v2\/users\/1"}],"replies":[{"embeddable":true,"href":"https:\/\/suislepapuhkekeskus.ee\/fi\/wp-json\/wp\/v2\/comments?post=51039"}],"version-history":[{"count":1,"href":"https:\/\/suislepapuhkekeskus.ee\/fi\/wp-json\/wp\/v2\/pages\/51039\/revisions"}],"predecessor-version":[{"id":51044,"href":"https:\/\/suislepapuhkekeskus.ee\/fi\/wp-json\/wp\/v2\/pages\/51039\/revisions\/51044"}],"wp:attachment":[{"href":"https:\/\/suislepapuhkekeskus.ee\/fi\/wp-json\/wp\/v2\/media?parent=51039"}],"curies":[{"name":"wp","href":"https:\/\/api.w.org\/{rel}","templated":true}]}}