{"id":49786,"date":"2025-05-25T21:16:40","date_gmt":"2025-05-25T21:16:40","guid":{"rendered":"https:\/\/suislepapuhkekeskus.ee\/?page_id=49786"},"modified":"2025-07-07T21:47:24","modified_gmt":"2025-07-07T21:47:24","slug":"majutus","status":"publish","type":"page","link":"https:\/\/suislepapuhkekeskus.ee\/ru\/majutus\/","title":{"rendered":"\u0420\u0410\u0417\u041c\u0415\u0429\u0415\u041d\u0418\u0415"},"content":{"rendered":"<div data-elementor-type=\"wp-page\" data-elementor-id=\"49786\" class=\"elementor elementor-49786\" data-elementor-post-type=\"page\">\n\t\t\t\t<div class=\"elementor-element elementor-element-4df65c7 e-flex e-con-boxed e-con e-parent\" data-id=\"4df65c7\" data-element_type=\"container\" data-e-type=\"container\" data-settings=\"{&quot;background_background&quot;:&quot;classic&quot;}\">\n\t\t\t\t\t<div class=\"e-con-inner\">\n\t\t\t\t\t<\/div>\n\t\t\t\t<\/div>\n\t\t<div class=\"elementor-element elementor-element-09ac520 e-grid e-con-boxed e-con e-parent\" data-id=\"09ac520\" data-element_type=\"container\" data-e-type=\"container\">\n\t\t\t\t\t<div class=\"e-con-inner\">\n\t\t\t\t<div class=\"elementor-element elementor-element-c4476a2 elementor-widget elementor-widget-image\" data-id=\"c4476a2\" data-element_type=\"widget\" data-e-type=\"widget\" data-widget_type=\"image.default\">\n\t\t\t\t<div class=\"elementor-widget-container\">\n\t\t\t\t\t\t\t\t\t\t\t\t\t\t\t<img fetchpriority=\"high\" decoding=\"async\" width=\"503\" height=\"442\" src=\"https:\/\/suislepapuhkekeskus.ee\/wp-content\/uploads\/2025\/05\/img-2562_2_orig.jpg\" class=\"attachment-large size-large wp-image-49889\" alt=\"\" srcset=\"https:\/\/suislepapuhkekeskus.ee\/wp-content\/uploads\/2025\/05\/img-2562_2_orig.jpg 503w, https:\/\/suislepapuhkekeskus.ee\/wp-content\/uploads\/2025\/05\/img-2562_2_orig-300x264.jpg 300w\" sizes=\"(max-width: 503px) 100vw, 503px\" \/>\t\t\t\t\t\t\t\t\t\t\t\t\t\t\t<\/div>\n\t\t\t\t<\/div>\n\t\t\t\t<div class=\"elementor-element elementor-element-07d8765 elementor-widget elementor-widget-text-editor\" data-id=\"07d8765\" data-element_type=\"widget\" data-e-type=\"widget\" data-widget_type=\"text-editor.default\">\n\t\t\t\t<div class=\"elementor-widget-container\">\n\t\t\t\t\t\t\t\t\t<h2>\u0412\u0432\u0435\u0434\u0435\u043d\u0438\u0435<\/h2><div><p>\u041d\u0430\u0448 \u0446\u0435\u043d\u0442\u0440 \u043e\u0442\u0434\u044b\u0445\u0430 \u0440\u0430\u0441\u043f\u043e\u043b\u043e\u0436\u0435\u043d \u0432 \u0440\u043e\u043c\u0430\u043d\u0442\u0438\u0447\u0435\u0441\u043a\u043e\u043c \u0443\u0441\u0430\u0434\u0435\u0431\u043d\u043e\u043c \u043f\u0430\u0440\u043a\u0435 \u0421\u0443\u0439\u0441\u043b\u0435\u043f\u0430 \u043d\u0430 \u0431\u0435\u0440\u0435\u0433\u0443 \u0440\u0435\u043a\u0438 \u042b\u0445\u043d\u0435. \u0417\u0434\u0430\u043d\u0438\u0435 \u0446\u0435\u043d\u0442\u0440\u0430 \u043e\u0442\u0434\u044b\u0445\u0430 \u0438\u043c\u0435\u0435\u0442 \u0444\u043e\u0440\u043c\u0443 \u0430\u0440\u043e\u0447\u043d\u043e\u0439 \u043f\u043e\u044e\u0449\u0435\u0439 \u0441\u0446\u0435\u043d\u044b, \u0447\u0442\u043e \u0434\u0435\u043b\u0430\u0435\u0442 \u043a\u0430\u0436\u0434\u043e\u0435 \u0432\u043d\u0443\u0442\u0440\u0435\u043d\u043d\u0435\u0435 \u043f\u0440\u043e\u0441\u0442\u0440\u0430\u043d\u0441\u0442\u0432\u043e \u0443\u043d\u0438\u043a\u0430\u043b\u044c\u043d\u044b\u043c, \u0430 \u0441\u043e \u0441\u0442\u043e\u0440\u043e\u043d\u044b \u0434\u0432\u043e\u0440\u0430 \u2013 \u043f\u0440\u043e\u0441\u0442\u043e\u0440\u043d\u043e\u0439 \u0442\u0435\u0440\u0440\u0430\u0441\u044b\/\u0441\u0446\u0435\u043d\u044b.<\/p><p>\u0422\u0435\u0440\u0440\u0430\u0441\u0430\/\u0441\u0446\u0435\u043d\u0430 \u0438\u0434\u0435\u0430\u043b\u044c\u043d\u043e \u043f\u043e\u0434\u0445\u043e\u0434\u0438\u0442 \u0434\u043b\u044f \u043f\u0440\u043e\u0432\u0435\u0434\u0435\u043d\u0438\u044f \u0440\u0430\u0437\u043b\u0438\u0447\u043d\u044b\u0445 \u043c\u0435\u0440\u043e\u043f\u0440\u0438\u044f\u0442\u0438\u0439, \u0432\u043a\u043b\u044e\u0447\u0430\u044f \u043a\u043e\u043d\u0446\u0435\u0440\u0442\u044b \u0438 \u043b\u0435\u0442\u043d\u0438\u0435 \u043f\u0440\u0435\u0434\u0441\u0442\u0430\u0432\u043b\u0435\u043d\u0438\u044f, \u0430 \u0442\u0430\u043a\u0436\u0435 \u0434\u0440\u0443\u0433\u0438\u0435 \u0441\u043e\u0431\u0440\u0430\u043d\u0438\u044f.<\/p><p>\u041f\u0440\u0438\u0433\u043b\u0430\u0448\u0430\u0435\u043c \u0412\u0430\u0441 \u043e\u0442\u043c\u0435\u0442\u0438\u0442\u044c \u0443 \u043d\u0430\u0441 \u0440\u0430\u0437\u043b\u0438\u0447\u043d\u044b\u0435 \u0441\u043e\u0431\u044b\u0442\u0438\u044f \u0438 \u0433\u043e\u0434\u043e\u0432\u0449\u0438\u043d\u044b, \u043a\u0430\u043a \u0432 \u043a\u0440\u0443\u0433\u0443 \u0441\u0435\u043c\u044c\u0438, \u0442\u0430\u043a \u0438 \u0434\u0440\u0443\u0437\u0435\u0439;<br \/>\u043f\u0440\u043e\u0432\u043e\u0434\u0438\u0442\u044c \u0440\u0430\u0437\u043b\u0438\u0447\u043d\u044b\u0435 \u043a\u043e\u0440\u043f\u043e\u0440\u0430\u0442\u0438\u0432\u043d\u044b\u0435 \u043c\u0435\u0440\u043e\u043f\u0440\u0438\u044f\u0442\u0438\u044f, \u043b\u0435\u0442\u043d\u0438\u0435 \u0438 \u0437\u0438\u043c\u043d\u0438\u0435 \u0434\u043d\u0438, \u0441\u0435\u043c\u0438\u043d\u0430\u0440\u044b \u0438 \u0442\u0440\u0435\u043d\u0438\u043d\u0433\u0438 \u0441 \u043a\u043e\u043b\u043b\u0435\u0433\u0430\u043c\u0438 \u0438\u043b\u0438 \u0434\u0435\u043b\u043e\u0432\u044b\u043c\u0438 \u043f\u0430\u0440\u0442\u043d\u0435\u0440\u0430\u043c\u0438;\u00a0<br \/>\u0438\u043b\u0438 \u043f\u0440\u043e\u0441\u0442\u043e \u043d\u0430\u0431\u0440\u0430\u0442\u044c\u0441\u044f \u0441\u0438\u043b, \u0443\u043b\u0443\u0447\u0448\u0438\u0442\u044c \u0441\u0430\u043c\u043e\u0447\u0443\u0432\u0441\u0442\u0432\u0438\u0435, \u043e\u0442\u0434\u043e\u0445\u043d\u0443\u0442\u044c \u0438\u043b\u0438 \u0437\u0430\u043d\u044f\u0442\u044c\u0441\u044f \u0441\u043f\u043e\u0440\u0442\u043e\u043c \u043d\u0430 \u043b\u043e\u043d\u0435 \u043f\u0435\u0440\u0432\u043e\u0437\u0434\u0430\u043d\u043d\u043e\u0439 \u043f\u0440\u0438\u0440\u043e\u0434\u044b!<\/p><\/div>\t\t\t\t\t\t\t\t<\/div>\n\t\t\t\t<\/div>\n\t\t\t\t<div class=\"elementor-element elementor-element-0e6b754 elementor-widget elementor-widget-text-editor\" data-id=\"0e6b754\" data-element_type=\"widget\" data-e-type=\"widget\" data-widget_type=\"text-editor.default\">\n\t\t\t\t<div class=\"elementor-widget-container\">\n\t\t\t\t\t\t\t\t\t<h2>\u0412\u0430\u0440\u0438\u0430\u043d\u0442\u044b \u0440\u0430\u0437\u043c\u0435\u0449\u0435\u043d\u0438\u044f<\/h2><p>\u0412 \u0446\u0435\u043d\u0442\u0440\u0435 \u043e\u0442\u0434\u044b\u0445\u0430 \u00abSuislepa\u00bb \u043e\u0434\u043d\u043e\u0432\u0440\u0435\u043c\u0435\u043d\u043d\u043e \u043c\u043e\u0433\u0443\u0442 \u0440\u0430\u0437\u043c\u0435\u0441\u0442\u0438\u0442\u044c\u0441\u044f \u0434\u043e 40 \u0447\u0435\u043b\u043e\u0432\u0435\u043a.<\/p><p>\u0417\u0434\u0430\u043d\u0438\u0435 \u0431\u0430\u0437\u044b \u043e\u0442\u0434\u044b\u0445\u0430 3-\u0445 \u044d\u0442\u0430\u0436\u043d\u043e\u0435.<br \/>\u041d\u0430 \u043f\u0435\u0440\u0432\u043e\u043c \u044d\u0442\u0430\u0436\u0435 \u0440\u0430\u0441\u043f\u043e\u043b\u043e\u0436\u0435\u043d\u044b \u0441\u0442\u043e\u043b\u043e\u0432\u0430\u044f, \u043a\u0443\u0445\u043d\u044f \u0438 \u0441\u0430\u0443\u043d\u0430 \u0441 \u043f\u0440\u043e\u0441\u0442\u043e\u0440\u043d\u043e\u0439 \u0434\u0443\u0448\u0435\u0432\u043e\u0439, \u0442\u0443\u0430\u043b\u0435\u0442\u043e\u043c \u0438 \u043f\u0440\u0438\u0445\u043e\u0436\u0435\u0439.<br \/>\u041d\u0430 \u0432\u0442\u043e\u0440\u043e\u043c \u044d\u0442\u0430\u0436\u0435 \u0440\u0430\u0441\u043f\u043e\u043b\u043e\u0436\u0435\u043d\u044b 6 \u0441\u043f\u0430\u043b\u0435\u043d: \u043e\u0434\u043d\u0430 \u043d\u0430 5 \u0447\u0435\u043b\u043e\u0432\u0435\u043a, \u043e\u0434\u043d\u0430 \u043d\u0430 4 \u0447\u0435\u043b\u043e\u0432\u0435\u043a\u0430, \u0442\u0440\u0438 \u043d\u0430 3 \u0447\u0435\u043b\u043e\u0432\u0435\u043a\u0430 \u0438 \u043e\u0434\u043d\u0430 \u043d\u0430 4 \u0447\u0435\u043b\u043e\u0432\u0435\u043a\u0430. \u0422\u0430\u043a\u0436\u0435 \u043d\u0430 \u0432\u0442\u043e\u0440\u043e\u043c \u044d\u0442\u0430\u0436\u0435 \u0440\u0430\u0441\u043f\u043e\u043b\u043e\u0436\u0435\u043d\u044b 4 \u0434\u0443\u0448\u0435\u0432\u044b\u0435 \u043a\u043e\u043c\u043d\u0430\u0442\u044b \u0438 4 \u0442\u0443\u0430\u043b\u0435\u0442\u0430.<br \/>\u041d\u0430 3 \u044d\u0442\u0430\u0436\u0435 \u0440\u0430\u0441\u043f\u043e\u043b\u043e\u0436\u0435\u043d\u044b 4 \u0441\u043f\u0430\u043b\u044c\u043d\u0438, \u0438\u0437 \u043a\u043e\u0442\u043e\u0440\u044b\u0445 \u043e\u0434\u043d\u0430 \u0434\u0432\u0443\u0445\u043a\u043e\u043c\u043d\u0430\u0442\u043d\u0430\u044f \u043d\u0430 5 \u0447\u0435\u043b\u043e\u0432\u0435\u043a, \u043e\u0434\u043d\u0430 \u0434\u0432\u0443\u0445\u043a\u043e\u043c\u043d\u0430\u0442\u043d\u0430\u044f \u043d\u0430 7 \u0447\u0435\u043b\u043e\u0432\u0435\u043a, \u043e\u0434\u043d\u0430 \u0447\u0435\u0442\u044b\u0440\u0435\u0445\u043c\u0435\u0441\u0442\u043d\u0430\u044f \u0441 \u0431\u0430\u043b\u043a\u043e\u043d\u043e\u043c \u0438 \u043e\u0434\u043d\u0430 \u0442\u0440\u0435\u0445\u043c\u0435\u0441\u0442\u043d\u0430\u044f \u0441 \u0431\u0430\u043b\u043a\u043e\u043d\u043e\u043c.<br \/>\u0412\u0441\u0435 \u043d\u043e\u043c\u0435\u0440\u0430 \u043d\u0430 3 \u044d\u0442\u0430\u0436\u0435 \u043e\u0431\u043e\u0440\u0443\u0434\u043e\u0432\u0430\u043d\u044b \u0442\u0443\u0430\u043b\u0435\u0442\u043e\u043c \u0438 \u0434\u0443\u0448\u0435\u0432\u043e\u0439. \u041f\u0440\u0438 \u043d\u0435\u043e\u0431\u0445\u043e\u0434\u0438\u043c\u043e\u0441\u0442\u0438 \u0432\u043e\u0437\u043c\u043e\u0436\u043d\u0430 \u0443\u0441\u0442\u0430\u043d\u043e\u0432\u043a\u0430 \u0434\u043e\u043f\u043e\u043b\u043d\u0438\u0442\u0435\u043b\u044c\u043d\u044b\u0445 \u043a\u0440\u043e\u0432\u0430\u0442\u0435\u0439.<\/p><p>\u0412 \u043d\u0435\u043f\u043e\u0441\u0440\u0435\u0434\u0441\u0442\u0432\u0435\u043d\u043d\u043e\u0439 \u0431\u043b\u0438\u0437\u043e\u0441\u0442\u0438 \u043e\u0442 \u0446\u0435\u043d\u0442\u0440\u0430 \u043e\u0442\u0434\u044b\u0445\u0430 \u043d\u0430\u0445\u043e\u0434\u0438\u0442\u0441\u044f \u043b\u043e\u0434\u043e\u0447\u043d\u0430\u044f \u043f\u0440\u0438\u0441\u0442\u0430\u043d\u044c \u043d\u0430 \u0440\u0435\u043a\u0435 \u042b\u0445\u043d\u0435, \u0433\u0434\u0435 \u043c\u043e\u0436\u043d\u043e \u043e\u0441\u0432\u0435\u0436\u0438\u0442\u044c\u0441\u044f \u043f\u043e\u0441\u043b\u0435 \u0440\u0430\u0441\u0441\u043b\u0430\u0431\u043b\u044f\u044e\u0449\u0435\u0439 \u0441\u0430\u0443\u043d\u044b. \u041f\u043e \u0437\u0430\u043f\u0440\u043e\u0441\u0443 \u043c\u044b \u0442\u0430\u043a\u0436\u0435 \u043f\u0440\u0435\u0434\u043b\u0430\u0433\u0430\u0435\u043c \u0443\u0441\u043b\u0443\u0433\u0438 \u043a\u0435\u0439\u0442\u0435\u0440\u0438\u043d\u0433\u0430.<\/p>\t\t\t\t\t\t\t\t<\/div>\n\t\t\t\t<\/div>\n\t\t<div class=\"elementor-element elementor-element-63fd381 e-con-full e-flex e-con e-child\" data-id=\"63fd381\" data-element_type=\"container\" data-e-type=\"container\">\n\t\t\t\t<div class=\"elementor-element elementor-element-1cac416 elementor-widget elementor-widget-text-editor\" data-id=\"1cac416\" data-element_type=\"widget\" data-e-type=\"widget\" data-widget_type=\"text-editor.default\">\n\t\t\t\t<div class=\"elementor-widget-container\">\n\t\t\t\t\t\t\t\t\t<h2>\u0421\u0446\u0435\u043d\u0430 \u0421\u0443\u0439\u0441\u043b\u0435\u043f\u0430<\/h2><div><p>\u0421\u0446\u0435\u043d\u0430 \u0421\u0443\u0439\u0441\u043b\u0435\u043f\u0430 \u0440\u0430\u0441\u043f\u043e\u043b\u043e\u0436\u0435\u043d\u0430 \u0432\u043e \u0434\u0432\u043e\u0440\u0435 \u0437\u0434\u0430\u043d\u0438\u044f, \u0433\u0434\u0435 \u0440\u0430\u0437\u043c\u0435\u0449\u0430\u044e\u0442\u0441\u044f \u0436\u0438\u043b\u044c\u0446\u044b, \u0430 \u043d\u0430 \u0441\u043a\u043b\u043e\u043d\u0435 \u0445\u043e\u043b\u043c\u0430 \u043f\u0435\u0440\u0435\u0434 \u043d\u0435\u0439 \u0443\u0441\u0442\u0430\u043d\u043e\u0432\u043b\u0435\u043d\u044b \u0441\u043a\u0430\u043c\u0435\u0439\u043a\u0438 \u0434\u043b\u044f \u0437\u0440\u0438\u0442\u0435\u043b\u0435\u0439.<\/p><p>\u0421\u0446\u0435\u043d\u0430 \u0421\u0443\u0439\u0441\u043b\u0435\u043f\u0430 \u0438\u0434\u0435\u0430\u043b\u044c\u043d\u043e \u043f\u043e\u0434\u0445\u043e\u0434\u0438\u0442 \u0434\u043b\u044f \u043f\u0440\u043e\u0432\u0435\u0434\u0435\u043d\u0438\u044f \u0440\u0430\u0437\u043b\u0438\u0447\u043d\u044b\u0445 \u043a\u043e\u043d\u0446\u0435\u0440\u0442\u043e\u0432, \u043b\u0435\u0442\u043d\u0438\u0445 \u043f\u0440\u0435\u0434\u0441\u0442\u0430\u0432\u043b\u0435\u043d\u0438\u0439 \u0438 \u0434\u0440\u0443\u0433\u0438\u0445 \u043c\u0435\u0440\u043e\u043f\u0440\u0438\u044f\u0442\u0438\u0439 \u043d\u0430 \u043e\u0442\u043a\u0440\u044b\u0442\u043e\u043c \u0432\u043e\u0437\u0434\u0443\u0445\u0435.\u00a0<\/p><\/div><div>\u00a0<\/div>\t\t\t\t\t\t\t\t<\/div>\n\t\t\t\t<\/div>\n\t\t\t\t<div class=\"elementor-element elementor-element-5b54cb0 elementor-widget elementor-widget-image\" data-id=\"5b54cb0\" data-element_type=\"widget\" data-e-type=\"widget\" data-widget_type=\"image.default\">\n\t\t\t\t<div class=\"elementor-widget-container\">\n\t\t\t\t\t\t\t\t\t\t\t\t\t\t\t<img decoding=\"async\" src=\"https:\/\/suislepapuhkekeskus.ee\/wp-content\/uploads\/2025\/05\/20170608-223742_1_orig.jpg\" title=\"\" alt=\"\" loading=\"lazy\" \/>\t\t\t\t\t\t\t\t\t\t\t\t\t\t\t<\/div>\n\t\t\t\t<\/div>\n\t\t\t\t<\/div>\n\t\t\t\t\t<\/div>\n\t\t\t\t<\/div>\n\t\t<div class=\"elementor-element elementor-element-42e9da5 e-flex e-con-boxed e-con e-parent\" data-id=\"42e9da5\" data-element_type=\"container\" data-e-type=\"container\">\n\t\t\t\t\t<div class=\"e-con-inner\">\n\t\t\t\t<div class=\"elementor-element elementor-element-9e1901c elementor-widget elementor-widget-button\" data-id=\"9e1901c\" data-element_type=\"widget\" data-e-type=\"widget\" data-widget_type=\"button.default\">\n\t\t\t\t<div class=\"elementor-widget-container\">\n\t\t\t\t\t\t\t\t\t<div class=\"elementor-button-wrapper\">\n\t\t\t\t\t<a class=\"elementor-button elementor-button-link elementor-size-sm\" href=\"\/ru\/galerii\/\">\n\t\t\t\t\t\t<span class=\"elementor-button-content-wrapper\">\n\t\t\t\t\t\t<span class=\"elementor-button-icon\">\n\t\t\t\t<svg aria-hidden=\"true\" class=\"e-font-icon-svg e-fas-photo-video\" viewbox=\"0 0 640 512\" xmlns=\"http:\/\/www.w3.org\/2000\/svg\"><path d=\"M608 0H160a32 32 0 0 0-32 32v96h160V64h192v320h128a32 32 0 0 0 32-32V32a32 32 0 0 0-32-32zM232 103a9 9 0 0 1-9 9h-30a9 9 0 0 1-9-9V73a9 9 0 0 1 9-9h30a9 9 0 0 1 9 9zm352 208a9 9 0 0 1-9 9h-30a9 9 0 0 1-9-9v-30a9 9 0 0 1 9-9h30a9 9 0 0 1 9 9zm0-104a9 9 0 0 1-9 9h-30a9 9 0 0 1-9-9v-30a9 9 0 0 1 9-9h30a9 9 0 0 1 9 9zm0-104a9 9 0 0 1-9 9h-30a9 9 0 0 1-9-9V73a9 9 0 0 1 9-9h30a9 9 0 0 1 9 9zm-168 57H32a32 32 0 0 0-32 32v288a32 32 0 0 0 32 32h384a32 32 0 0 0 32-32V192a32 32 0 0 0-32-32zM96 224a32 32 0 1 1-32 32 32 32 0 0 1 32-32zm288 224H64v-32l64-64 32 32 128-128 96 96z\"><\/path><\/svg>\t\t\t<\/span>\n\t\t\t\t\t\t\t\t\t<span class=\"elementor-button-text\">\u0413\u0410\u041b\u0415\u0420\u0415\u042f<\/span>\n\t\t\t\t\t<\/span>\n\t\t\t\t\t<\/a>\n\t\t\t\t<\/div>\n\t\t\t\t\t\t\t\t<\/div>\n\t\t\t\t<\/div>\n\t\t\t\t<div class=\"elementor-element elementor-element-095e51a elementor-widget elementor-widget-button\" data-id=\"095e51a\" data-element_type=\"widget\" data-e-type=\"widget\" data-widget_type=\"button.default\">\n\t\t\t\t<div class=\"elementor-widget-container\">\n\t\t\t\t\t\t\t\t\t<div class=\"elementor-button-wrapper\">\n\t\t\t\t\t<a class=\"elementor-button elementor-button-link elementor-size-sm\" href=\"\/ru\/hinnad\/\">\n\t\t\t\t\t\t<span class=\"elementor-button-content-wrapper\">\n\t\t\t\t\t\t<span class=\"elementor-button-icon\">\n\t\t\t\t<svg aria-hidden=\"true\" class=\"e-font-icon-svg e-fas-money-check\" viewbox=\"0 0 640 512\" xmlns=\"http:\/\/www.w3.org\/2000\/svg\"><path d=\"M0 448c0 17.67 14.33 32 32 32h576c17.67 0 32-14.33 32-32V128H0v320zm448-208c0-8.84 7.16-16 16-16h96c8.84 0 16 7.16 16 16v32c0 8.84-7.16 16-16 16h-96c-8.84 0-16-7.16-16-16v-32zm0 120c0-4.42 3.58-8 8-8h112c4.42 0 8 3.58 8 8v16c0 4.42-3.58 8-8 8H456c-4.42 0-8-3.58-8-8v-16zM64 264c0-4.42 3.58-8 8-8h304c4.42 0 8 3.58 8 8v16c0 4.42-3.58 8-8 8H72c-4.42 0-8-3.58-8-8v-16zm0 96c0-4.42 3.58-8 8-8h176c4.42 0 8 3.58 8 8v16c0 4.42-3.58 8-8 8H72c-4.42 0-8-3.58-8-8v-16zM624 32H16C7.16 32 0 39.16 0 48v48h640V48c0-8.84-7.16-16-16-16z\"><\/path><\/svg>\t\t\t<\/span>\n\t\t\t\t\t\t\t\t\t<span class=\"elementor-button-text\">\u0426\u0415\u041d\u042b<\/span>\n\t\t\t\t\t<\/span>\n\t\t\t\t\t<\/a>\n\t\t\t\t<\/div>\n\t\t\t\t\t\t\t\t<\/div>\n\t\t\t\t<\/div>\n\t\t\t\t\t<\/div>\n\t\t\t\t<\/div>\n\t\t\t\t<\/div>","protected":false},"excerpt":{"rendered":"<p>Tutvustus Meie puhkekeskus on rajatud romantilisse Suislepa m\u00f5isaparki \u00d5hne j\u00f5e kaldale. Puhkekeskuse majutushoone on kaarja laululava-kujuga, mis muudab iga siseruumi erip\u00e4raseks ja loob hoovipoole avara terrassi\/lava. Terrass\/lava sobib suurep\u00e4raselt erinevate \u00fcrituste &#8211; sealhulgas kontserdid ja suveetendused, l\u00e4biviimiseks ning muudeks koosviibimisteks. Olete oodatud meile t\u00e4histama nii pere kui s\u00f5pradega erinevaid s\u00fcndmusi ja t\u00e4htp\u00e4evi;kolleegide v\u00f5i \u00e4ripartneritega l\u00e4bi &#8230; <a title=\"\u0420\u0410\u0417\u041c\u0415\u0429\u0415\u041d\u0418\u0415\" class=\"read-more\" href=\"https:\/\/suislepapuhkekeskus.ee\/ru\/majutus\/\" aria-label=\"\u041f\u0440\u043e\u0447\u0438\u0442\u0430\u0442\u044c \u0431\u043e\u043b\u044c\u0448\u0435 \u043e MAJUTUS\">\u0427\u0438\u0442\u0430\u0442\u044c \u0434\u0430\u043b\u0435\u0435<\/a><\/p>","protected":false},"author":1,"featured_media":0,"parent":0,"menu_order":0,"comment_status":"closed","ping_status":"closed","template":"elementor_header_footer","meta":{"footnotes":""},"class_list":["post-49786","page","type-page","status-publish"],"_links":{"self":[{"href":"https:\/\/suislepapuhkekeskus.ee\/ru\/wp-json\/wp\/v2\/pages\/49786","targetHints":{"allow":["GET"]}}],"collection":[{"href":"https:\/\/suislepapuhkekeskus.ee\/ru\/wp-json\/wp\/v2\/pages"}],"about":[{"href":"https:\/\/suislepapuhkekeskus.ee\/ru\/wp-json\/wp\/v2\/types\/page"}],"author":[{"embeddable":true,"href":"https:\/\/suislepapuhkekeskus.ee\/ru\/wp-json\/wp\/v2\/users\/1"}],"replies":[{"embeddable":true,"href":"https:\/\/suislepapuhkekeskus.ee\/ru\/wp-json\/wp\/v2\/comments?post=49786"}],"version-history":[{"count":3,"href":"https:\/\/suislepapuhkekeskus.ee\/ru\/wp-json\/wp\/v2\/pages\/49786\/revisions"}],"predecessor-version":[{"id":51342,"href":"https:\/\/suislepapuhkekeskus.ee\/ru\/wp-json\/wp\/v2\/pages\/49786\/revisions\/51342"}],"wp:attachment":[{"href":"https:\/\/suislepapuhkekeskus.ee\/ru\/wp-json\/wp\/v2\/media?parent=49786"}],"curies":[{"name":"wp","href":"https:\/\/api.w.org\/{rel}","templated":true}]}}