{"id":50112,"date":"2025-05-31T17:20:18","date_gmt":"2025-05-31T17:20:18","guid":{"rendered":"https:\/\/suislepapuhkekeskus.ee\/?page_id=50112"},"modified":"2025-08-08T21:37:05","modified_gmt":"2025-08-08T21:37:05","slug":"seminaripaev","status":"publish","type":"page","link":"https:\/\/suislepapuhkekeskus.ee\/ru\/seminaripaev\/","title":{"rendered":"\u0414\u0415\u041d\u042c \u0421\u0415\u041c\u0418\u041d\u0410\u0420\u0410"},"content":{"rendered":"<div data-elementor-type=\"wp-page\" data-elementor-id=\"50112\" class=\"elementor elementor-50112\" data-elementor-post-type=\"page\">\n\t\t\t\t<div class=\"elementor-element elementor-element-4df65c7 e-flex e-con-boxed e-con e-parent\" data-id=\"4df65c7\" data-element_type=\"container\" data-e-type=\"container\" data-settings=\"{&quot;background_background&quot;:&quot;classic&quot;}\">\n\t\t\t\t\t<div class=\"e-con-inner\">\n\t\t\t\t\t<\/div>\n\t\t\t\t<\/div>\n\t\t<div class=\"elementor-element elementor-element-42e9da5 e-flex e-con-boxed e-con e-parent\" data-id=\"42e9da5\" data-element_type=\"container\" data-e-type=\"container\" data-settings=\"{&quot;background_background&quot;:&quot;classic&quot;}\">\n\t\t\t\t\t<div class=\"e-con-inner\">\n\t\t\t\t<div class=\"elementor-element elementor-element-1d56dc7 elementor-widget elementor-widget-text-editor\" data-id=\"1d56dc7\" data-element_type=\"widget\" data-e-type=\"widget\" data-widget_type=\"text-editor.default\">\n\t\t\t\t<div class=\"elementor-widget-container\">\n\t\t\t\t\t\t\t\t\t<h2 class=\"wsite-content-title\" style=\"overflow-wrap: break-word; margin-bottom: 0px; padding-bottom: 25px; color: #555555; letter-spacing: 1px; font-family: 'Playfair Display', serif; font-size: 27px; line-height: 1.3em; font-style: normal; text-align: center;\">\u0414\u0435\u043d\u044c \u0441\u0435\u043c\u0438\u043d\u0430\u0440\u0430 \u0432 \u0446\u0435\u043d\u0442\u0440\u0435 \u043e\u0442\u0434\u044b\u0445\u0430 Suislepa<\/h2><div class=\"paragraph\" style=\"overflow-wrap: break-word; margin: 0px; padding: 0px 0px 0.5em; color: #676767; letter-spacing: 0.02em; font-size: 16px; line-height: 1.5em; text-align: center;\">\u0426\u0435\u043d\u0442\u0440 \u043e\u0442\u0434\u044b\u0445\u0430 \u00ab\u0421\u0443\u0439\u0441\u043b\u0435\u043f\u0430\u00bb \u043f\u0440\u0435\u0434\u043b\u0430\u0433\u0430\u0435\u0442 \u043f\u0440\u0435\u043a\u0440\u0430\u0441\u043d\u0443\u044e \u0432\u043e\u0437\u043c\u043e\u0436\u043d\u043e\u0441\u0442\u044c \u0434\u043b\u044f \u043f\u0440\u043e\u0432\u0435\u0434\u0435\u043d\u0438\u044f \u0441\u0435\u043c\u0438\u043d\u0430\u0440\u043e\u0432 \u0438 \u0442\u0440\u0435\u043d\u0438\u043d\u0433\u043e\u0432, \u043c\u0430\u0441\u0442\u0435\u0440-\u043a\u043b\u0430\u0441\u0441\u043e\u0432, \u0434\u043d\u0435\u0439 \u0432\u0434\u043e\u0445\u043d\u043e\u0432\u0435\u043d\u0438\u044f \u0438 \u043a\u043e\u043c\u0430\u043d\u0434\u043d\u044b\u0445 \u0432\u0441\u0442\u0440\u0435\u0447.<br \/>\u0414\u043b\u044f \u044d\u0442\u043e\u0439 \u0446\u0435\u043b\u0438 \u0443 \u043d\u0430\u0441 \u0435\u0441\u0442\u044c \u043a\u043e\u043d\u0444\u0435\u0440\u0435\u043d\u0446-\u0437\u0430\u043b\/\u0441\u0442\u043e\u043b\u043e\u0432\u0430\u044f, \u0432\u043c\u0435\u0449\u0430\u044e\u0449\u0430\u044f \u043e\u043a\u043e\u043b\u043e 30 \u0447\u0435\u043b\u043e\u0432\u0435\u043a, \u043f\u0440\u0435\u0437\u0435\u043d\u0442\u0430\u0446\u0438\u043e\u043d\u043d\u043e\u0435 \u043e\u0431\u043e\u0440\u0443\u0434\u043e\u0432\u0430\u043d\u0438\u0435 \u0438 \u044d\u043a\u0440\u0430\u043d.<br \/>\u0444\u043b\u0438\u043f\u0447\u0430\u0440\u0442 \u0438 \u043e\u0444\u0438\u0441\u043d\u044b\u0435 \u043f\u0440\u0438\u043d\u0430\u0434\u043b\u0435\u0436\u043d\u043e\u0441\u0442\u0438, \u0441\u0432\u0435\u0442\u043e\u043d\u0435\u043f\u0440\u043e\u043d\u0438\u0446\u0430\u0435\u043c\u044b\u0435 \u0448\u0442\u043e\u0440\u044b.\u00a0<br \/>\u0414\u043b\u044f \u043e\u0431\u0435\u0441\u043f\u0435\u0447\u0435\u043d\u0438\u044f \u0443\u0441\u043f\u0435\u0445\u0430 \u0441\u0435\u043c\u0438\u043d\u0430\u0440\u0441\u043a\u043e\u0433\u043e \u0434\u043d\u044f \u043c\u044b \u043f\u0440\u0435\u0434\u043b\u0430\u0433\u0430\u0435\u043c \u043a\u043e\u0444\u0435-\u0431\u0440\u0435\u0439\u043a\u0438 \u0438 \u043a\u0435\u0439\u0442\u0435\u0440\u0438\u043d\u0433 \u043f\u043e \u0441\u043e\u0433\u043b\u0430\u0441\u043e\u0432\u0430\u043d\u043d\u043e\u043c\u0443 \u0441 \u0432\u0430\u043c\u0438 \u043c\u0435\u043d\u044e.<br \/>\u041d\u0435 \u0441\u0442\u0435\u0441\u043d\u044f\u0439\u0442\u0435\u0441\u044c \u0441\u043e\u043e\u0431\u0449\u0438\u0442\u044c \u043d\u0430\u043c \u0432\u0430\u0448\u0438 \u043f\u043e\u0436\u0435\u043b\u0430\u043d\u0438\u044f \u0438 \u043f\u043e\u0442\u0440\u0435\u0431\u043d\u043e\u0441\u0442\u0438, \u0438 \u043c\u044b \u043e\u0440\u0433\u0430\u043d\u0438\u0437\u0443\u0435\u043c \u043c\u0435\u0440\u043e\u043f\u0440\u0438\u044f\u0442\u0438\u0435, \u043a\u043e\u0442\u043e\u0440\u043e\u0435 \u0431\u0443\u0434\u0435\u0442 \u0441\u043e\u043e\u0442\u0432\u0435\u0442\u0441\u0442\u0432\u043e\u0432\u0430\u0442\u044c \u0432\u0430\u0448\u0438\u043c \u043e\u0436\u0438\u0434\u0430\u043d\u0438\u044f\u043c!<\/div>\t\t\t\t\t\t\t\t<\/div>\n\t\t\t\t<\/div>\n\t\t\t\t\t<\/div>\n\t\t\t\t<\/div>\n\t\t<div class=\"elementor-element elementor-element-e235d8b e-flex e-con-boxed e-con e-parent\" data-id=\"e235d8b\" data-element_type=\"container\" data-e-type=\"container\" data-settings=\"{&quot;background_background&quot;:&quot;classic&quot;}\">\n\t\t\t\t\t<div class=\"e-con-inner\">\n\t\t\t\t<div class=\"elementor-element elementor-element-7db1850 elementor-widget-divider--view-line elementor-widget elementor-widget-divider\" data-id=\"7db1850\" data-element_type=\"widget\" data-e-type=\"widget\" data-widget_type=\"divider.default\">\n\t\t\t\t<div class=\"elementor-widget-container\">\n\t\t\t\t\t\t\t<div class=\"elementor-divider\">\n\t\t\t<span class=\"elementor-divider-separator\">\n\t\t\t\t\t\t<\/span>\n\t\t<\/div>\n\t\t\t\t\t\t<\/div>\n\t\t\t\t<\/div>\n\t\t\t\t<div class=\"elementor-element elementor-element-612408b elementor-widget elementor-widget-text-editor\" data-id=\"612408b\" data-element_type=\"widget\" data-e-type=\"widget\" data-widget_type=\"text-editor.default\">\n\t\t\t\t<div class=\"elementor-widget-container\">\n\t\t\t\t\t\t\t\t\t<p style=\"text-align: center;\"><strong style=\"color: #676767; font-size: 16px; letter-spacing: 0.32px; text-align: center;\">\u0414\u0435\u043d\u044c \u0441\u0435\u043c\u0438\u043d\u0430\u0440\u0430 \u0432\u043a\u043b\u044e\u0447\u0430\u0435\u0442 \u0432 \u0441\u0435\u0431\u044f:<\/strong><span style=\"color: #676767; font-size: 16px; letter-spacing: 0.32px; text-align: center;\">\u00a0<\/span><br style=\"color: #676767; font-size: 16px; letter-spacing: 0.32px; text-align: center;\" \/><span style=\"color: #676767; font-size: 16px; letter-spacing: 0.32px; text-align: center;\">\u0410\u0440\u0435\u043d\u0434\u0430 \u0437\u0430\u043b\u0430 \u0434\u043b\u044f \u0441\u0435\u043c\u0438\u043d\u0430\u0440\u043e\u0432 \u0441 9:00 \u0434\u043e 18:00<\/span><br style=\"color: #676767; font-size: 16px; letter-spacing: 0.32px; text-align: center;\" \/><span style=\"color: #676767; font-size: 16px; letter-spacing: 0.32px; text-align: center;\">\u041f\u0440\u0435\u0437\u0435\u043d\u0442\u0430\u0446\u0438\u043e\u043d\u043d\u043e\u0435 \u043e\u0431\u043e\u0440\u0443\u0434\u043e\u0432\u0430\u043d\u0438\u0435 \u0441 \u043a\u0430\u043d\u0446\u0435\u043b\u044f\u0440\u0441\u043a\u0438\u043c\u0438 \u043f\u0440\u0438\u043d\u0430\u0434\u043b\u0435\u0436\u043d\u043e\u0441\u0442\u044f\u043c\u0438 \u0438 \u0444\u043b\u0438\u043f\u0447\u0430\u0440\u0442\u043e\u043c<\/span><br style=\"color: #676767; font-size: 16px; letter-spacing: 0.32px; text-align: center;\" \/><span style=\"color: #676767; font-size: 16px; letter-spacing: 0.32px; text-align: center;\">\u0423\u0442\u0440\u0435\u043d\u043d\u0438\u0439 \u043a\u043e\u0444\u0435 \u0441 \u043f\u0438\u0440\u043e\u0433\u0430\u043c\u0438\u00a0<\/span><br style=\"color: #676767; font-size: 16px; letter-spacing: 0.32px; text-align: center;\" \/><span style=\"color: #676767; font-size: 16px; letter-spacing: 0.32px; text-align: center;\">\u041e\u0441\u0432\u0435\u0436\u0430\u044e\u0449\u0438\u0439 \u043e\u0431\u0435\u0434 \u0441 \u0434\u0435\u0441\u0435\u0440\u0442\u043e\u043c<\/span><br style=\"color: #676767; font-size: 16px; letter-spacing: 0.32px; text-align: center;\" \/><span style=\"color: #676767; font-size: 16px; letter-spacing: 0.32px; text-align: center;\">\u041a\u043e\u0444\u0435-\u0431\u0440\u0435\u0439\u043a \u0441 \u0437\u0430\u043a\u0443\u0441\u043a\u0430\u043c\u0438<\/span><br style=\"color: #676767; font-size: 16px; letter-spacing: 0.32px; text-align: center;\" \/><span style=\"color: #676767; font-size: 16px; letter-spacing: 0.32px; text-align: center;\">\u0420\u0430\u0441\u0441\u043b\u0430\u0431\u043b\u044f\u044e\u0449\u0430\u044f \u0441\u0430\u0443\u043d\u0430 \u043f\u043e\u0441\u043b\u0435 \u0440\u0430\u0431\u043e\u0442\u044b \u043f\u043e \u0436\u0435\u043b\u0430\u043d\u0438\u044e<\/span><\/p>\t\t\t\t\t\t\t\t<\/div>\n\t\t\t\t<\/div>\n\t\t\t\t<div class=\"elementor-element elementor-element-4a3fb86 elementor-widget-divider--view-line elementor-widget elementor-widget-divider\" data-id=\"4a3fb86\" data-element_type=\"widget\" data-e-type=\"widget\" data-widget_type=\"divider.default\">\n\t\t\t\t<div class=\"elementor-widget-container\">\n\t\t\t\t\t\t\t<div class=\"elementor-divider\">\n\t\t\t<span class=\"elementor-divider-separator\">\n\t\t\t\t\t\t<\/span>\n\t\t<\/div>\n\t\t\t\t\t\t<\/div>\n\t\t\t\t<\/div>\n\t\t\t\t<div class=\"elementor-element elementor-element-51ad70d elementor-widget elementor-widget-text-editor\" data-id=\"51ad70d\" data-element_type=\"widget\" data-e-type=\"widget\" data-widget_type=\"text-editor.default\">\n\t\t\t\t<div class=\"elementor-widget-container\">\n\t\t\t\t\t\t\t\t\t<p style=\"text-align: center;\"><em style=\"position: relative; color: #676767; font-size: 16px; letter-spacing: 0.32px; text-align: center;\"><strong>\u00ab\u0415\u0441\u043b\u0438 \u0443 \u0442\u0435\u0431\u044f \u0435\u0441\u0442\u044c \u044f\u0431\u043b\u043e\u043a\u043e, \u0438 \u0443 \u043c\u0435\u043d\u044f \u0435\u0441\u0442\u044c \u044f\u0431\u043b\u043e\u043a\u043e, \u0438 \u043c\u044b \u043e\u0431\u043c\u0435\u043d\u044f\u0435\u043c\u0441\u044f \u044d\u0442\u0438\u043c\u0438 \u044f\u0431\u043b\u043e\u043a\u0430\u043c\u0438,<br \/>\u0442\u043e\u0433\u0434\u0430 \u0443 \u043d\u0430\u0441 \u0441 \u0442\u043e\u0431\u043e\u0439 \u043e\u0441\u0442\u0430\u043d\u0435\u0442\u0441\u044f \u043f\u043e \u043e\u0434\u043d\u043e\u043c\u0443 \u044f\u0431\u043b\u043e\u043a\u0443 \u043d\u0430 \u0434\u0432\u043e\u0438\u0445.<br \/>\u041d\u043e \u0435\u0441\u043b\u0438 \u0443 \u0432\u0430\u0441 \u0435\u0441\u0442\u044c \u0438\u0434\u0435\u044f, \u0438 \u0443 \u043c\u0435\u043d\u044f \u0435\u0441\u0442\u044c \u0438\u0434\u0435\u044f, \u0438 \u043c\u044b \u043e\u0431\u043c\u0435\u043d\u044f\u0435\u043c\u0441\u044f \u044d\u0442\u0438\u043c\u0438 \u0438\u0434\u0435\u044f\u043c\u0438,<br \/>\u00ab\u0422\u043e\u0433\u0434\u0430 \u0443 \u043d\u0430\u0441 \u043e\u0431\u043e\u0438\u0445 \u0435\u0441\u0442\u044c \u0434\u0432\u0435 \u0438\u0434\u0435\u0438\u00bb.<\/strong><\/em><br style=\"color: #676767; font-size: 16px; letter-spacing: 0.32px; text-align: center;\" \/><br style=\"color: #676767; font-size: 16px; letter-spacing: 0.32px; text-align: center;\" \/><span style=\"color: #676767; font-size: 16px; letter-spacing: 0.32px; text-align: center;\">\u0414\u0436\u043e\u0440\u0434\u0436 \u0411\u0435\u0440\u043d\u0430\u0440\u0434 \u0428\u043e\u0443<\/span><\/p>\t\t\t\t\t\t\t\t<\/div>\n\t\t\t\t<\/div>\n\t\t\t\t\t<\/div>\n\t\t\t\t<\/div>\n\t\t<div class=\"elementor-element elementor-element-9947c26 e-con-full e-flex e-con e-parent\" data-id=\"9947c26\" data-element_type=\"container\" data-e-type=\"container\" data-settings=\"{&quot;background_background&quot;:&quot;classic&quot;}\">\n\t\t\t\t<div class=\"elementor-element elementor-element-8ad6410 elementor-align-center elementor-widget elementor-widget-button\" data-id=\"8ad6410\" data-element_type=\"widget\" data-e-type=\"widget\" data-widget_type=\"button.default\">\n\t\t\t\t<div class=\"elementor-widget-container\">\n\t\t\t\t\t\t\t\t\t<div class=\"elementor-button-wrapper\">\n\t\t\t\t\t<a class=\"elementor-button elementor-button-link elementor-size-sm\" href=\"mailto:info@suislepapuhkekeskus.ee?subject=Seminarip\u00e4evad\">\n\t\t\t\t\t\t<span class=\"elementor-button-content-wrapper\">\n\t\t\t\t\t\t<span class=\"elementor-button-icon\">\n\t\t\t\t<svg aria-hidden=\"true\" class=\"e-font-icon-svg e-fas-mail-bulk\" viewbox=\"0 0 576 512\" xmlns=\"http:\/\/www.w3.org\/2000\/svg\"><path d=\"M160 448c-25.6 0-51.2-22.4-64-32-64-44.8-83.2-60.8-96-70.4V480c0 17.67 14.33 32 32 32h256c17.67 0 32-14.33 32-32V345.6c-12.8 9.6-32 25.6-96 70.4-12.8 9.6-38.4 32-64 32zm128-192H32c-17.67 0-32 14.33-32 32v16c25.6 19.2 22.4 19.2 115.2 86.4 9.6 6.4 28.8 25.6 44.8 25.6s35.2-19.2 44.8-22.4c92.8-67.2 89.6-67.2 115.2-86.4V288c0-17.67-14.33-32-32-32zm256-96H224c-17.67 0-32 14.33-32 32v32h96c33.21 0 60.59 25.42 63.71 57.82l.29-.22V416h192c17.67 0 32-14.33 32-32V192c0-17.67-14.33-32-32-32zm-32 128h-64v-64h64v64zm-352-96c0-35.29 28.71-64 64-64h224V32c0-17.67-14.33-32-32-32H96C78.33 0 64 14.33 64 32v192h96v-32z\"><\/path><\/svg>\t\t\t<\/span>\n\t\t\t\t\t\t\t\t\t<span class=\"elementor-button-text\">\u041f\u0420\u0418\u0425\u041e\u0414\u0418\u0422\u0415 \u0418 \u041e\u0411\u041c\u0415\u041d\u042f\u0419\u0422\u0415\u0421\u042c \u0418\u0414\u0415\u042f\u041c\u0418<\/span>\n\t\t\t\t\t<\/span>\n\t\t\t\t\t<\/a>\n\t\t\t\t<\/div>\n\t\t\t\t\t\t\t\t<\/div>\n\t\t\t\t<\/div>\n\t\t\t\t<\/div>\n\t\t\t\t<\/div>","protected":false},"excerpt":{"rendered":"<p>Seminarip\u00e4ev Suislepa Puhkekeskuses Suislepa Puhkekeskus pakub suurep\u00e4rast v\u00f5imalust viia l\u00e4bi seminare ja koolitusi, workshop-e, inspiratsiooni- ja tiimip\u00e4evi.Selleks on meil olemas ca 30 inimest mahutav seminariruum\/s\u00f6\u00f6gisaal, esitlustehnika ja ekraan,pabertahvel ja kontoritarbed, pimendavad kardinad.\u00a0Seminarip\u00e4eva edukaks kulgemiseks pakume kohvipause ja toitlustust teiega koosk\u00f5lastatud men\u00fc\u00fc j\u00e4rgi.Andke meile julgelt oma soovidest ja vajadustest teada ning korraldame just teie ootustele vastava &#8230; <a title=\"\u0414\u0415\u041d\u042c \u0421\u0415\u041c\u0418\u041d\u0410\u0420\u0410\" class=\"read-more\" href=\"https:\/\/suislepapuhkekeskus.ee\/ru\/seminaripaev\/\" aria-label=\"\u041f\u0440\u043e\u0447\u0438\u0442\u0430\u0442\u044c \u0431\u043e\u043b\u044c\u0448\u0435 \u043e SEMINARIP\u00c4EV\">\u0427\u0438\u0442\u0430\u0442\u044c \u0434\u0430\u043b\u0435\u0435<\/a><\/p>","protected":false},"author":1,"featured_media":0,"parent":0,"menu_order":0,"comment_status":"closed","ping_status":"closed","template":"elementor_header_footer","meta":{"footnotes":""},"class_list":["post-50112","page","type-page","status-publish"],"_links":{"self":[{"href":"https:\/\/suislepapuhkekeskus.ee\/ru\/wp-json\/wp\/v2\/pages\/50112","targetHints":{"allow":["GET"]}}],"collection":[{"href":"https:\/\/suislepapuhkekeskus.ee\/ru\/wp-json\/wp\/v2\/pages"}],"about":[{"href":"https:\/\/suislepapuhkekeskus.ee\/ru\/wp-json\/wp\/v2\/types\/page"}],"author":[{"embeddable":true,"href":"https:\/\/suislepapuhkekeskus.ee\/ru\/wp-json\/wp\/v2\/users\/1"}],"replies":[{"embeddable":true,"href":"https:\/\/suislepapuhkekeskus.ee\/ru\/wp-json\/wp\/v2\/comments?post=50112"}],"version-history":[{"count":3,"href":"https:\/\/suislepapuhkekeskus.ee\/ru\/wp-json\/wp\/v2\/pages\/50112\/revisions"}],"predecessor-version":[{"id":51463,"href":"https:\/\/suislepapuhkekeskus.ee\/ru\/wp-json\/wp\/v2\/pages\/50112\/revisions\/51463"}],"wp:attachment":[{"href":"https:\/\/suislepapuhkekeskus.ee\/ru\/wp-json\/wp\/v2\/media?parent=50112"}],"curies":[{"name":"wp","href":"https:\/\/api.w.org\/{rel}","templated":true}]}}