{"id":50186,"date":"2025-06-01T12:58:24","date_gmt":"2025-06-01T12:58:24","guid":{"rendered":"https:\/\/suislepapuhkekeskus.ee\/?page_id=50186"},"modified":"2025-07-13T17:59:14","modified_gmt":"2025-07-13T17:59:14","slug":"pulmad","status":"publish","type":"page","link":"https:\/\/suislepapuhkekeskus.ee\/ru\/pulmad\/","title":{"rendered":"\u0421\u0412\u0410\u0414\u042c\u0411\u042b"},"content":{"rendered":"<div data-elementor-type=\"wp-page\" data-elementor-id=\"50186\" class=\"elementor elementor-50186\" data-elementor-post-type=\"page\">\n\t\t\t\t<div class=\"elementor-element elementor-element-4df65c7 e-flex e-con-boxed e-con e-parent\" data-id=\"4df65c7\" data-element_type=\"container\" data-e-type=\"container\" data-settings=\"{&quot;background_background&quot;:&quot;classic&quot;}\">\n\t\t\t\t\t<div class=\"e-con-inner\">\n\t\t\t\t\t<\/div>\n\t\t\t\t<\/div>\n\t\t<div class=\"elementor-element elementor-element-f718aa7 e-flex e-con-boxed e-con e-parent\" data-id=\"f718aa7\" data-element_type=\"container\" data-e-type=\"container\" data-settings=\"{&quot;background_background&quot;:&quot;classic&quot;}\">\n\t\t\t\t\t<div class=\"e-con-inner\">\n\t\t\t\t<div class=\"elementor-element elementor-element-066a798 elementor-widget elementor-widget-text-editor\" data-id=\"066a798\" data-element_type=\"widget\" data-e-type=\"widget\" data-widget_type=\"text-editor.default\">\n\t\t\t\t<div class=\"elementor-widget-container\">\n\t\t\t\t\t\t\t\t\t<div class=\"banner-wrap\"><div class=\"wsite-elements wsite-not-footer wsite-header-elements\"><div class=\"wsite-section-wrap\"><div class=\"wsite-section wsite-header-section\"><div class=\"wsite-section-content\"><div class=\"container\"><div class=\"banner\"><div class=\"wsite-section-elements\"><h2 class=\"wsite-content-title\"><span style=\"color: #8c7777;\">\u0421\u0430\u043c\u0430\u044f \u0440\u043e\u043c\u0430\u043d\u0442\u0438\u0447\u0435\u0441\u043a\u0430\u044f \u0432\u0435\u0447\u0435\u0440\u0438\u043d\u043a\u0430 \u0432 \u0432\u0430\u0448\u0435\u0439 \u0436\u0438\u0437\u043d\u0438 \u0432 Suislepa Holiday Center<\/span><\/h2><\/div><\/div><\/div><\/div><\/div><\/div><\/div><\/div>\t\t\t\t\t\t\t\t<\/div>\n\t\t\t\t<\/div>\n\t\t\t\t\t<\/div>\n\t\t\t\t<\/div>\n\t\t<div class=\"elementor-element elementor-element-d2d5815 e-flex e-con-boxed e-con e-parent\" data-id=\"d2d5815\" data-element_type=\"container\" data-e-type=\"container\" data-settings=\"{&quot;background_background&quot;:&quot;classic&quot;}\">\n\t\t\t\t\t<div class=\"e-con-inner\">\n\t\t\t\t<div class=\"elementor-element elementor-element-89538e3 elementor-widget elementor-widget-text-editor\" data-id=\"89538e3\" data-element_type=\"widget\" data-e-type=\"widget\" data-widget_type=\"text-editor.default\">\n\t\t\t\t<div class=\"elementor-widget-container\">\n\t\t\t\t\t\t\t\t\t<p style=\"text-align: center;\"><span style=\"color: #676767;\">\u0426\u0435\u043d\u0442\u0440 \u043e\u0442\u0434\u044b\u0445\u0430 Suislepa \u2014 \u044d\u0442\u043e \u043f\u0440\u0435\u043a\u0440\u0430\u0441\u043d\u043e\u0435 \u043c\u0435\u0441\u0442\u043e, \u0447\u0442\u043e\u0431\u044b \u043d\u0430\u043a\u043e\u043d\u0435\u0446-\u0442\u043e \u043e\u0442\u043f\u0440\u0430\u0437\u0434\u043d\u043e\u0432\u0430\u0442\u044c \u0441\u0430\u043c\u043e\u0435 \u043f\u0430\u043c\u044f\u0442\u043d\u043e\u0435 \u0441\u043e\u0431\u044b\u0442\u0438\u0435 \u0432 \u0432\u0430\u0448\u0435\u0439 \u0436\u0438\u0437\u043d\u0438 \u2014 \u0432\u0430\u0448\u0443 \u0421\u0412\u0410\u0414\u042c\u0411\u0423! \u0420\u043e\u043c\u0430\u043d\u0442\u0438\u0447\u0435\u0441\u043a\u043e\u0435 \u0440\u0430\u0441\u043f\u043e\u043b\u043e\u0436\u0435\u043d\u0438\u0435 \u043d\u0430 \u0431\u0435\u0440\u0435\u0433\u0443 \u0440\u0435\u043a\u0438 \u0438 \u043e\u043a\u0440\u0443\u0436\u0430\u044e\u0449\u0430\u044f \u043f\u0435\u0440\u0432\u043e\u0437\u0434\u0430\u043d\u043d\u0430\u044f \u043f\u0440\u0438\u0440\u043e\u0434\u0430 \u0441\u043e\u0437\u0434\u0430\u044e\u0442 \u0432\u043e\u043b\u0448\u0435\u0431\u043d\u0443\u044e \u0430\u0442\u043c\u043e\u0441\u0444\u0435\u0440\u0443, \u0432 \u043a\u043e\u0442\u043e\u0440\u043e\u0439 \u043c\u043e\u0436\u043d\u043e \u043e\u0442\u043f\u0440\u0430\u0437\u0434\u043d\u043e\u0432\u0430\u0442\u044c \u0441\u043e\u044e\u0437 \u043b\u044e\u0431\u0432\u0438 \u0441 \u043b\u044e\u0431\u0438\u043c\u044b\u043c\u0438 \u0438 \u0434\u0440\u0443\u0437\u044c\u044f\u043c\u0438.\u00a0<\/span><\/p><p style=\"text-align: center;\"><span style=\"color: #676767;\">\u0414\u043b\u044f \u0441\u0432\u0430\u0434\u0435\u0431\u043d\u043e\u0433\u043e \u0442\u043e\u0440\u0436\u0435\u0441\u0442\u0432\u0430 \u043c\u044b \u043f\u0440\u0435\u0434\u043b\u0430\u0433\u0430\u0435\u043c \u0431\u0430\u043d\u043a\u0435\u0442\u043d\u044b\u0439 \u0437\u0430\u043b \u043d\u0430 40 \u0433\u043e\u0441\u0442\u0435\u0439, \u0430 \u0432 \u0445\u043e\u0440\u043e\u0448\u0443\u044e \u043f\u043e\u0433\u043e\u0434\u0443 \u043c\u043e\u0436\u043d\u043e \u043f\u0440\u043e\u0432\u0435\u0441\u0442\u0438 \u0441\u0432\u0430\u0434\u044c\u0431\u0443 \u043d\u0430 \u043e\u0442\u043a\u0440\u044b\u0442\u043e\u0439 \u0442\u0435\u0440\u0440\u0430\u0441\u0435 \u043f\u043b\u043e\u0449\u0430\u0434\u044c\u044e \u043e\u043a\u043e\u043b\u043e 170 \u043c\u00b2. \u041c\u044b \u043f\u043e\u043c\u043e\u0436\u0435\u043c \u0432\u0430\u043c \u0441\u043e \u0432\u0441\u0435\u043c \u043d\u0435\u043e\u0431\u0445\u043e\u0434\u0438\u043c\u044b\u043c, \u0447\u0442\u043e\u0431\u044b \u0432\u0430\u0448\u0430 \u0441\u0432\u0430\u0434\u044c\u0431\u0430 \u0441\u0442\u0430\u043b\u0430 \u0438\u043c\u0435\u043d\u043d\u043e \u0442\u0435\u043c \u0441\u043e\u0431\u044b\u0442\u0438\u0435\u043c \u0432\u0430\u0448\u0435\u0439 \u043c\u0435\u0447\u0442\u044b! <\/span><\/p><p style=\"text-align: center;\"><span style=\"color: #676767;\">\u041d\u0435 \u0441\u0442\u0435\u0441\u043d\u044f\u0439\u0442\u0435\u0441\u044c \u043e\u0431\u0440\u0430\u0449\u0430\u0442\u044c\u0441\u044f \u043a \u043d\u0430\u043c, \u043f\u0440\u0438\u0435\u0437\u0436\u0430\u0439\u0442\u0435 \u0438 \u043e\u0437\u043d\u0430\u043a\u043e\u043c\u044c\u0442\u0435\u0441\u044c \u0441 \u043d\u0430\u0448\u0438\u043c\u0438 \u0432\u0430\u0440\u0438\u0430\u043d\u0442\u0430\u043c\u0438, \u0447\u0442\u043e\u0431\u044b \u043c\u044b \u043c\u043e\u0433\u043b\u0438 \u043e\u0440\u0433\u0430\u043d\u0438\u0437\u043e\u0432\u0430\u0442\u044c \u0441\u0432\u0430\u0434\u0435\u0431\u043d\u0443\u044e \u0432\u0435\u0447\u0435\u0440\u0438\u043d\u043a\u0443, \u043f\u0440\u043e\u0434\u0443\u043c\u0430\u043d\u043d\u0443\u044e \u0434\u043e \u043c\u0435\u043b\u044c\u0447\u0430\u0439\u0448\u0438\u0445 \u0434\u0435\u0442\u0430\u043b\u0435\u0439 \u0438 \u0441\u043e\u043e\u0442\u0432\u0435\u0442\u0441\u0442\u0432\u0443\u044e\u0449\u0443\u044e \u0432\u0430\u0448\u0438\u043c \u043e\u0436\u0438\u0434\u0430\u043d\u0438\u044f\u043c!\u00a0<\/span><\/p>\t\t\t\t\t\t\t\t<\/div>\n\t\t\t\t<\/div>\n\t\t\t\t<div class=\"elementor-element elementor-element-77208e7 elementor-widget elementor-widget-button\" data-id=\"77208e7\" data-element_type=\"widget\" data-e-type=\"widget\" data-widget_type=\"button.default\">\n\t\t\t\t<div class=\"elementor-widget-container\">\n\t\t\t\t\t\t\t\t\t<div class=\"elementor-button-wrapper\">\n\t\t\t\t\t<a class=\"elementor-button elementor-button-link elementor-size-sm\" href=\"mailto:info@suislepapuhkekeskus.ee\">\n\t\t\t\t\t\t<span class=\"elementor-button-content-wrapper\">\n\t\t\t\t\t\t<span class=\"elementor-button-icon\">\n\t\t\t\t<svg aria-hidden=\"true\" class=\"e-font-icon-svg e-fas-mail-bulk\" viewbox=\"0 0 576 512\" xmlns=\"http:\/\/www.w3.org\/2000\/svg\"><path d=\"M160 448c-25.6 0-51.2-22.4-64-32-64-44.8-83.2-60.8-96-70.4V480c0 17.67 14.33 32 32 32h256c17.67 0 32-14.33 32-32V345.6c-12.8 9.6-32 25.6-96 70.4-12.8 9.6-38.4 32-64 32zm128-192H32c-17.67 0-32 14.33-32 32v16c25.6 19.2 22.4 19.2 115.2 86.4 9.6 6.4 28.8 25.6 44.8 25.6s35.2-19.2 44.8-22.4c92.8-67.2 89.6-67.2 115.2-86.4V288c0-17.67-14.33-32-32-32zm256-96H224c-17.67 0-32 14.33-32 32v32h96c33.21 0 60.59 25.42 63.71 57.82l.29-.22V416h192c17.67 0 32-14.33 32-32V192c0-17.67-14.33-32-32-32zm-32 128h-64v-64h64v64zm-352-96c0-35.29 28.71-64 64-64h224V32c0-17.67-14.33-32-32-32H96C78.33 0 64 14.33 64 32v192h96v-32z\"><\/path><\/svg>\t\t\t<\/span>\n\t\t\t\t\t\t\t\t\t<span class=\"elementor-button-text\">\u0417\u0410\u041f\u0420\u041e\u0421\u0418\u0422\u042c \u0426\u0415\u041d\u0423<\/span>\n\t\t\t\t\t<\/span>\n\t\t\t\t\t<\/a>\n\t\t\t\t<\/div>\n\t\t\t\t\t\t\t\t<\/div>\n\t\t\t\t<\/div>\n\t\t\t\t\t<\/div>\n\t\t\t\t<\/div>\n\t\t\t\t<\/div>","protected":false},"excerpt":{"rendered":"<p>Teie elu romantilisim pidu Suislepa Puhkekeskuses Suislepa Puhkekeskus on suurep\u00e4rane koht viimaks l\u00e4bi teie elu meeldej\u00e4\u00e4vaimat pidu \u2013 PULMAPIDU! Romantiline j\u00f5e\u00e4\u00e4rne asukoht ning \u00fcmbritsev \u00fcrgloodus loovad maagilise atmosf\u00e4\u00e4ri, kus oma l\u00e4hedaste ja s\u00f5pradega armastuse liitu t\u00e4histada.\u00a0 Pulmapeo jaoks pakume 40-le k\u00fclalisele sobivat peosaali, samuti on v\u00f5imalik ilusa ilma korral viia pulmad l\u00e4bi c.a 170 m2-sel &#8230; <a title=\"\u0421\u0412\u0410\u0414\u042c\u0411\u042b\" class=\"read-more\" href=\"https:\/\/suislepapuhkekeskus.ee\/ru\/pulmad\/\" aria-label=\"\u041f\u0440\u043e\u0447\u0438\u0442\u0430\u0442\u044c \u0431\u043e\u043b\u044c\u0448\u0435 \u043e PULMAD\">\u0427\u0438\u0442\u0430\u0442\u044c \u0434\u0430\u043b\u0435\u0435<\/a><\/p>","protected":false},"author":1,"featured_media":0,"parent":0,"menu_order":0,"comment_status":"closed","ping_status":"closed","template":"elementor_header_footer","meta":{"footnotes":""},"class_list":["post-50186","page","type-page","status-publish"],"_links":{"self":[{"href":"https:\/\/suislepapuhkekeskus.ee\/ru\/wp-json\/wp\/v2\/pages\/50186","targetHints":{"allow":["GET"]}}],"collection":[{"href":"https:\/\/suislepapuhkekeskus.ee\/ru\/wp-json\/wp\/v2\/pages"}],"about":[{"href":"https:\/\/suislepapuhkekeskus.ee\/ru\/wp-json\/wp\/v2\/types\/page"}],"author":[{"embeddable":true,"href":"https:\/\/suislepapuhkekeskus.ee\/ru\/wp-json\/wp\/v2\/users\/1"}],"replies":[{"embeddable":true,"href":"https:\/\/suislepapuhkekeskus.ee\/ru\/wp-json\/wp\/v2\/comments?post=50186"}],"version-history":[{"count":3,"href":"https:\/\/suislepapuhkekeskus.ee\/ru\/wp-json\/wp\/v2\/pages\/50186\/revisions"}],"predecessor-version":[{"id":51399,"href":"https:\/\/suislepapuhkekeskus.ee\/ru\/wp-json\/wp\/v2\/pages\/50186\/revisions\/51399"}],"wp:attachment":[{"href":"https:\/\/suislepapuhkekeskus.ee\/ru\/wp-json\/wp\/v2\/media?parent=50186"}],"curies":[{"name":"wp","href":"https:\/\/api.w.org\/{rel}","templated":true}]}}