{"id":50405,"date":"2025-06-01T19:43:58","date_gmt":"2025-06-01T19:43:58","guid":{"rendered":"https:\/\/suislepapuhkekeskus.ee\/?page_id=50405"},"modified":"2025-09-24T19:06:03","modified_gmt":"2025-09-24T19:06:03","slug":"hinnad-ja-tingimused","status":"publish","type":"page","link":"https:\/\/suislepapuhkekeskus.ee\/ru\/hinnad-ja-tingimused\/","title":{"rendered":"\u0426\u0415\u041d\u042b \u0418 \u0423\u0421\u041b\u041e\u0412\u0418\u042f"},"content":{"rendered":"<div data-elementor-type=\"wp-page\" data-elementor-id=\"50405\" class=\"elementor elementor-50405\" data-elementor-post-type=\"page\">\n\t\t\t\t<div class=\"elementor-element elementor-element-4df65c7 e-flex e-con-boxed e-con e-parent\" data-id=\"4df65c7\" data-element_type=\"container\" data-e-type=\"container\" data-settings=\"{&quot;background_background&quot;:&quot;classic&quot;}\">\n\t\t\t\t\t<div class=\"e-con-inner\">\n\t\t\t\t\t<\/div>\n\t\t\t\t<\/div>\n\t\t<div class=\"elementor-element elementor-element-e929ba1 e-flex e-con-boxed e-con e-parent\" data-id=\"e929ba1\" data-element_type=\"container\" data-e-type=\"container\">\n\t\t\t\t\t<div class=\"e-con-inner\">\n\t\t\t\t<div class=\"elementor-element elementor-element-e23781a elementor-widget elementor-widget-heading\" data-id=\"e23781a\" data-element_type=\"widget\" data-e-type=\"widget\" data-widget_type=\"heading.default\">\n\t\t\t\t<div class=\"elementor-widget-container\">\n\t\t\t\t\t<h2 class=\"elementor-heading-title elementor-size-default\"><br>\u0426\u0435\u043d\u044b \u0438 \u0443\u0441\u043b\u043e\u0432\u0438\u044f<\/h2>\t\t\t\t<\/div>\n\t\t\t\t<\/div>\n\t\t\t\t\t<\/div>\n\t\t\t\t<\/div>\n\t\t<div class=\"elementor-element elementor-element-f718aa7 e-flex e-con-boxed e-con e-parent\" data-id=\"f718aa7\" data-element_type=\"container\" data-e-type=\"container\" data-settings=\"{&quot;background_background&quot;:&quot;classic&quot;}\">\n\t\t\t\t\t<div class=\"e-con-inner\">\n\t\t\t\t<div class=\"elementor-element elementor-element-066a798 elementor-widget elementor-widget-text-editor\" data-id=\"066a798\" data-element_type=\"widget\" data-e-type=\"widget\" data-widget_type=\"text-editor.default\">\n\t\t\t\t<div class=\"elementor-widget-container\">\n\t\t\t\t\t\t\t\t\t<p><span style=\"color: #000000;\">\u041c\u044b \u0432\u0441\u0435\u0433\u0434\u0430 \u0441\u0442\u0430\u0440\u0430\u0435\u043c\u0441\u044f \u043d\u0430\u0439\u0442\u0438 \u0434\u043b\u044f \u0412\u0430\u0441 \u043d\u0430\u0438\u043b\u0443\u0447\u0448\u0435\u0435 \u0440\u0435\u0448\u0435\u043d\u0438\u0435 \u0434\u043b\u044f \u043e\u0442\u0434\u044b\u0445\u0430 \u0438 \u043f\u0440\u043e\u0432\u0435\u0434\u0435\u043d\u0438\u044f \u043c\u0435\u0440\u043e\u043f\u0440\u0438\u044f\u0442\u0438\u0439 \u0443 \u043d\u0430\u0441!<\/span><\/p>\t\t\t\t\t\t\t\t<\/div>\n\t\t\t\t<\/div>\n\t\t\t\t\t<\/div>\n\t\t\t\t<\/div>\n\t\t<div class=\"elementor-element elementor-element-1b9335d e-flex e-con-boxed e-con e-parent\" data-id=\"1b9335d\" data-element_type=\"container\" data-e-type=\"container\" data-settings=\"{&quot;background_background&quot;:&quot;classic&quot;}\">\n\t\t\t\t\t<div class=\"e-con-inner\">\n\t\t\t\t<div class=\"elementor-element elementor-element-61aadb5 elementor-widget elementor-widget-text-editor\" data-id=\"61aadb5\" data-element_type=\"widget\" data-e-type=\"widget\" data-widget_type=\"text-editor.default\">\n\t\t\t\t<div class=\"elementor-widget-container\">\n\t\t\t\t\t\t\t\t\t<p><strong>\u0426\u0435\u043d\u0442\u0440 \u043e\u0442\u0434\u044b\u0445\u0430 Suislepa<\/strong>\u00a0\u043f\u0440\u0435\u043a\u0440\u0430\u0441\u043d\u043e\u0435 \u043c\u0435\u0441\u0442\u043e \u0434\u043b\u044f \u043f\u0440\u043e\u0432\u0435\u0434\u0435\u043d\u0438\u044f \u043a\u043e\u0440\u043f\u043e\u0440\u0430\u0442\u0438\u0432\u043d\u044b\u0445 \u043c\u0435\u0440\u043e\u043f\u0440\u0438\u044f\u0442\u0438\u0439 (\u0441\u0435\u043c\u0438\u043d\u0430\u0440\u043e\u0432, \u0442\u0440\u0435\u043d\u0438\u043d\u0433\u043e\u0432, \u043b\u0435\u0442\u043d\u0438\u0445 \u0434\u043d\u0435\u0439, \u0434\u043d\u0435\u0439 \u043a\u043e\u043c\u0430\u043d\u0434\u044b \u0438 \u0434\u0440\u0443\u0433\u0438\u0445 \u043c\u0435\u0440\u043e\u043f\u0440\u0438\u044f\u0442\u0438\u0439), \u0432\u0441\u0442\u0440\u0435\u0447 \u0438 \u043f\u0440\u0430\u0437\u0434\u043d\u0438\u043a\u043e\u0432 \u0441 \u0441\u0435\u043c\u044c\u0435\u0439 \u0438 \u0434\u0440\u0443\u0437\u044c\u044f\u043c\u0438 (\u0434\u043d\u0435\u0439 \u0440\u043e\u0436\u0434\u0435\u043d\u0438\u044f, \u0441\u0432\u0430\u0434\u0435\u0431, \u0432\u0441\u0442\u0440\u0435\u0447 \u0432\u044b\u043f\u0443\u0441\u043a\u043d\u0438\u043a\u043e\u0432 \u0438 \u0434\u0440\u0443\u0433\u0438\u0445 \u0432\u0430\u0436\u043d\u044b\u0445 \u0441\u043e\u0431\u044b\u0442\u0438\u0439)\u00a0<\/p><p>\u0416\u0438\u043b\u043e\u0439 \u043a\u043e\u0440\u043f\u0443\u0441 \u0431\u0430\u0437\u044b \u043e\u0442\u0434\u044b\u0445\u0430 \u0431\u0443\u0434\u0435\u0442 \u043f\u0440\u0435\u0434\u043e\u0441\u0442\u0430\u0432\u043b\u0435\u043d \u0432 \u0432\u0430\u0448\u0435 \u0440\u0430\u0441\u043f\u043e\u0440\u044f\u0436\u0435\u043d\u0438\u0435 \u043b\u0438\u0431\u043e \u043f\u043e\u043b\u043d\u043e\u0441\u0442\u044c\u044e (40 \u043c\u0435\u0441\u0442), \u043b\u0438\u0431\u043e \u0447\u0430\u0441\u0442\u0438\u0447\u043d\u043e (20 \u043c\u0435\u0441\u0442).<br \/>\u0427\u0430\u0441\u0442\u0438\u0447\u043d\u043e\u0435 \u0431\u0440\u043e\u043d\u0438\u0440\u043e\u0432\u0430\u043d\u0438\u0435 \u0432\u043a\u043b\u044e\u0447\u0430\u0435\u0442 \u0432 \u0441\u0435\u0431\u044f \u0438\u0441\u043f\u043e\u043b\u044c\u0437\u043e\u0432\u0430\u043d\u0438\u0435 \u043f\u0435\u0440\u0432\u043e\u0433\u043e \u0438 \u0432\u0442\u043e\u0440\u043e\u0433\u043e \u044d\u0442\u0430\u0436\u0435\u0439 \u0437\u0434\u0430\u043d\u0438\u044f (\u043e\u043f\u0438\u0441\u0430\u043d\u0438\u0435 \u044d\u0442\u0430\u0436\u0435\u0439 \u0441\u043c. \u043d\u0430 \u0441\u0442\u0440\u0430\u043d\u0438\u0446\u0435 \u00ab\u0420\u0430\u0437\u043c\u0435\u0449\u0435\u043d\u0438\u0435\u00bb). \u0415\u0441\u043b\u0438 \u0440\u0430\u0437\u043c\u0435\u0449\u0435\u043d\u0438\u0435 \u043d\u0435 \u0442\u0440\u0435\u0431\u0443\u0435\u0442\u0441\u044f, \u043c\u043e\u0436\u043d\u043e \u043e\u0442\u0434\u0435\u043b\u044c\u043d\u043e \u0437\u0430\u0431\u0440\u043e\u043d\u0438\u0440\u043e\u0432\u0430\u0442\u044c \u043a\u043e\u043d\u0444\u0435\u0440\u0435\u043d\u0446-\u0437\u0430\u043b \u0438 \u0441\u0430\u0443\u043d\u0443 \u043d\u0430 \u043f\u0435\u0440\u0432\u043e\u043c \u044d\u0442\u0430\u0436\u0435 \u0437\u0434\u0430\u043d\u0438\u044f.\u00a0<\/p><p>\u0412\u043e\u0437\u043c\u043e\u0436\u043d\u043e\u0441\u0442\u044c \u0437\u0430\u0431\u0440\u043e\u043d\u0438\u0440\u043e\u0432\u0430\u0442\u044c \u043f\u0435\u0432\u0447\u0435\u0441\u043a\u0443\u044e \u0441\u0446\u0435\u043d\u0443 \u0441 \u0433\u043e\u0441\u0442\u0435\u0432\u043e\u0439 \u0437\u043e\u043d\u043e\u0439 \u0434\u043b\u044f \u043f\u0440\u043e\u0432\u0435\u0434\u0435\u043d\u0438\u044f \u043a\u043e\u043d\u0446\u0435\u0440\u0442\u043e\u0432, \u043b\u0435\u0442\u043d\u0438\u0445 \u043f\u0440\u0435\u0434\u0441\u0442\u0430\u0432\u043b\u0435\u043d\u0438\u0439 \u0438\u043b\u0438 \u0434\u0440\u0443\u0433\u0438\u0445 \u043c\u0435\u0440\u043e\u043f\u0440\u0438\u044f\u0442\u0438\u0439 \u043d\u0430 \u043e\u0442\u043a\u0440\u044b\u0442\u043e\u043c \u0432\u043e\u0437\u0434\u0443\u0445\u0435.\u00a0<\/p><p><strong>\u0414\u043e\u043f\u043e\u043b\u043d\u0438\u0442\u0435\u043b\u044c\u043d\u044b\u0435 \u0443\u0441\u043b\u0443\u0433\u0438:<\/strong>\u00a0\u043a\u0435\u0439\u0442\u0435\u0440\u0438\u043d\u0433, \u0430\u0440\u0435\u043d\u0434\u0430 \u043e\u0431\u043e\u0440\u0443\u0434\u043e\u0432\u0430\u043d\u0438\u044f \u0434\u043b\u044f \u0441\u0435\u043c\u0438\u043d\u0430\u0440\u043e\u0432, \u043f\u043e\u043b\u044c\u0437\u043e\u0432\u0430\u043d\u0438\u0435 \u0441\u0430\u0443\u043d\u043e\u0439, \u0430\u0440\u0435\u043d\u0434\u0430 \u0443\u043b\u0438\u0447\u043d\u043e\u0439 \u043c\u0435\u0431\u0435\u043b\u0438 \u0438 \u043f\u0430\u043b\u0430\u0442\u043e\u043a \u0434\u043b\u044f \u0432\u0435\u0447\u0435\u0440\u0438\u043d\u043e\u043a, \u0440\u0430\u0437\u043b\u0438\u0447\u043d\u044b\u0435 \u043f\u043e\u0445\u043e\u0434\u044b (\u0441\u043c. \u00ab\u041f\u043e\u0445\u043e\u0434\u044b\u00bb)<\/p>\t\t\t\t\t\t\t\t<\/div>\n\t\t\t\t<\/div>\n\t\t\t\t\t<\/div>\n\t\t\t\t<\/div>\n\t\t<div class=\"elementor-element elementor-element-e673e33 e-grid e-con-boxed e-con e-parent\" data-id=\"e673e33\" data-element_type=\"container\" data-e-type=\"container\" data-settings=\"{&quot;background_background&quot;:&quot;classic&quot;}\">\n\t\t\t\t\t<div class=\"e-con-inner\">\n\t\t<div class=\"elementor-element elementor-element-89b8739 e-con-full e-flex e-con e-child\" data-id=\"89b8739\" data-element_type=\"container\" data-e-type=\"container\">\n\t\t\t\t<div class=\"elementor-element elementor-element-ceb8f48 elementor-widget elementor-widget-heading\" data-id=\"ceb8f48\" data-element_type=\"widget\" data-e-type=\"widget\" data-widget_type=\"heading.default\">\n\t\t\t\t<div class=\"elementor-widget-container\">\n\t\t\t\t\t<h3 class=\"elementor-heading-title elementor-size-default\">\u0421\u0435\u0437\u043e\u043d\n<\/h3>\t\t\t\t<\/div>\n\t\t\t\t<\/div>\n\t\t\t\t<div class=\"elementor-element elementor-element-2f17f33 elementor-widget elementor-widget-text-editor\" data-id=\"2f17f33\" data-element_type=\"widget\" data-e-type=\"widget\" data-widget_type=\"text-editor.default\">\n\t\t\t\t<div class=\"elementor-widget-container\">\n\t\t\t\t\t\t\t\t\t<p><strong>\u0426\u0435\u043d\u0442\u0440 \u043e\u0442\u0434\u044b\u0445\u0430 Suislepa<\/strong> \u043e\u0442\u043a\u0440\u044b\u0442 \u043a\u0440\u0443\u0433\u043b\u044b\u0439 \u0433\u043e\u0434<br \/><br \/>\u0417\u0430\u0435\u0437\u0434 \u0441 15:00<br \/>\u0412\u044b\u0435\u0437\u0434 \u0434\u043e 12:00<\/p>\t\t\t\t\t\t\t\t<\/div>\n\t\t\t\t<\/div>\n\t\t\t\t<\/div>\n\t\t<div class=\"elementor-element elementor-element-aea7321 e-con-full e-flex e-con e-child\" data-id=\"aea7321\" data-element_type=\"container\" data-e-type=\"container\">\n\t\t\t\t<div class=\"elementor-element elementor-element-e8d7ccb elementor-widget elementor-widget-heading\" data-id=\"e8d7ccb\" data-element_type=\"widget\" data-e-type=\"widget\" data-widget_type=\"heading.default\">\n\t\t\t\t<div class=\"elementor-widget-container\">\n\t\t\t\t\t<h3 class=\"elementor-heading-title elementor-size-default\">\u0426\u0435\u043d\u044b<\/h3>\t\t\t\t<\/div>\n\t\t\t\t<\/div>\n\t\t\t\t<div class=\"elementor-element elementor-element-b2532fe elementor-widget elementor-widget-text-editor\" data-id=\"b2532fe\" data-element_type=\"widget\" data-e-type=\"widget\" data-widget_type=\"text-editor.default\">\n\t\t\t\t<div class=\"elementor-widget-container\">\n\t\t\t\t\t\t\t\t\t<p>\u0421\u0442\u043e\u0438\u043c\u043e\u0441\u0442\u044c \u0430\u0440\u0435\u043d\u0434\u044b \u0432\u0441\u0435\u0433\u043e \u0434\u043e\u043c\u0430 \u043e\u0442 900 \u0435\u0432\u0440\u043e\/\u0441\u0443\u0442\u043a\u0438 <br \/>\u0421\u0442\u043e\u0438\u043c\u043e\u0441\u0442\u044c \u0430\u0440\u0435\u043d\u0434\u044b \u0447\u0430\u0441\u0442\u0438 \u0434\u043e\u043c\u0430 \u043e\u0442 750 \u0435\u0432\u0440\u043e\/\u0441\u0443\u0442\u043a\u0438<\/p><p>\u041a \u0446\u0435\u043d\u0430\u043c \u0434\u043e\u0431\u0430\u0432\u043b\u0435\u043d\u0430 \u043f\u043b\u0430\u0442\u0430 \u0437\u0430 \u0443\u0431\u043e\u0440\u043a\u0443 \u0432 \u0440\u0430\u0437\u043c\u0435\u0440\u0435 250 \u0435\u0432\u0440\u043e\/\u0440\u0430\u0437.<\/p><p>\u0426\u0435\u043d\u044b \u043d\u0430 \u043e\u0434\u043d\u043e\u043c\u0435\u0441\u0442\u043d\u044b\u0435 \u043d\u043e\u043c\u0435\u0440\u0430 \u0432 \u0431\u0443\u0434\u043d\u0438\u0435 \u0434\u043d\u0438 \u043c\u043e\u0436\u043d\u043e \u0443\u0437\u043d\u0430\u0442\u044c \u0437\u0434\u0435\u0441\u044c:<br data-start=\"261\" data-end=\"264\" \/><a class=\"\" href=\"https:\/\/www.booking.com\/hotel\/ee\/suislepa-puhkekeskus.html\" target=\"_new\" rel=\"noopener\" data-start=\"267\" data-end=\"323\">\u041f\u0440\u043e\u0432\u0435\u0440\u0438\u0442\u044c \u0446\u0435\u043d\u044b \u043d\u0430 Booking.com<\/a><\/p><p>\u041d\u0414\u0421 \u0434\u043e\u0431\u0430\u0432\u043b\u044f\u0435\u0442\u0441\u044f \u043a \u0443\u0441\u043b\u0443\u0433\u0430\u043c.<\/p>\t\t\t\t\t\t\t\t<\/div>\n\t\t\t\t<\/div>\n\t\t\t\t<\/div>\n\t\t<div class=\"elementor-element elementor-element-7386bd7 e-con-full e-flex e-con e-child\" data-id=\"7386bd7\" data-element_type=\"container\" data-e-type=\"container\">\n\t\t\t\t<div class=\"elementor-element elementor-element-73e6e8f elementor-widget elementor-widget-heading\" data-id=\"73e6e8f\" data-element_type=\"widget\" data-e-type=\"widget\" data-widget_type=\"heading.default\">\n\t\t\t\t<div class=\"elementor-widget-container\">\n\t\t\t\t\t<h3 class=\"elementor-heading-title elementor-size-default\">\u0411\u0440\u043e\u043d\u0438\u0440\u043e\u0432\u0430\u043d\u0438\u0435 \u0441\u0446\u0435\u043d\u044b<\/h3>\t\t\t\t<\/div>\n\t\t\t\t<\/div>\n\t\t\t\t<div class=\"elementor-element elementor-element-5798c4a elementor-widget elementor-widget-text-editor\" data-id=\"5798c4a\" data-element_type=\"widget\" data-e-type=\"widget\" data-widget_type=\"text-editor.default\">\n\t\t\t\t<div class=\"elementor-widget-container\">\n\t\t\t\t\t\t\t\t\t<p>\u041f\u0435\u0432\u0447\u0435\u0441\u043a\u0430\u044f \u0441\u0446\u0435\u043d\u0430 \u0421\u0443\u0439\u0441\u043b\u0435\u043f\u0430 \u043f\u0440\u0435\u0434\u043b\u0430\u0433\u0430\u0435\u0442 \u043f\u0440\u0435\u043a\u0440\u0430\u0441\u043d\u0443\u044e \u0432\u043e\u0437\u043c\u043e\u0436\u043d\u043e\u0441\u0442\u044c \u0434\u043b\u044f \u043f\u0440\u043e\u0432\u0435\u0434\u0435\u043d\u0438\u044f \u043a\u043e\u043d\u0446\u0435\u0440\u0442\u043e\u0432, \u043b\u0435\u0442\u043d\u0438\u0445 \u043f\u0440\u0435\u0434\u0441\u0442\u0430\u0432\u043b\u0435\u043d\u0438\u0439 \u0438 \u0434\u0440\u0443\u0433\u0438\u0445 \u043c\u0435\u0440\u043e\u043f\u0440\u0438\u044f\u0442\u0438\u0439 \u043d\u0430 \u043e\u0442\u043a\u0440\u044b\u0442\u043e\u043c \u0432\u043e\u0437\u0434\u0443\u0445\u0435! \u041f\u043b\u043e\u0449\u0430\u0434\u044c \u0441\u0446\u0435\u043d\u044b \u0441\u043e\u0441\u0442\u0430\u0432\u043b\u044f\u0435\u0442 \u043e\u043a\u043e\u043b\u043e 170 \u043c\u00b2, \u0430 \u0441\u043a\u0430\u043c\u0435\u0439\u043a\u0438 \u0438 \u043f\u0438\u043a\u043d\u0438\u043a\u043e\u0432\u044b\u0435 \u043f\u043b\u0435\u0434\u044b \u043d\u0430 \u0441\u043a\u043b\u043e\u043d\u0435 \u0445\u043e\u043b\u043c\u0430 \u0432\u043c\u0435\u0449\u0430\u044e\u0442 \u043e\u043a\u043e\u043b\u043e 800 \u0437\u0440\u0438\u0442\u0435\u043b\u0435\u0439.<br \/><br \/>\u0411\u0440\u043e\u043d\u0438\u0440\u043e\u0432\u0430\u043d\u0438\u0435 \u0441\u0446\u0435\u043d\u044b \u0438 \u0437\u043e\u043d\u044b \u0434\u043b\u044f \u043f\u043e\u0441\u0435\u0442\u0438\u0442\u0435\u043b\u0435\u0439 \u2014 500 \u0435\u0432\u0440\u043e (\u0432\u043a\u043b\u044e\u0447\u0430\u044f \u041d\u0414\u0421)<\/p>\t\t\t\t\t\t\t\t<\/div>\n\t\t\t\t<\/div>\n\t\t\t\t<\/div>\n\t\t\t\t\t<\/div>\n\t\t\t\t<\/div>\n\t\t<div class=\"elementor-element elementor-element-d2d5815 e-flex e-con-boxed e-con e-parent\" data-id=\"d2d5815\" data-element_type=\"container\" data-e-type=\"container\" data-settings=\"{&quot;background_background&quot;:&quot;classic&quot;}\">\n\t\t\t\t\t<div class=\"e-con-inner\">\n\t\t\t\t<div class=\"elementor-element elementor-element-77208e7 elementor-widget elementor-widget-button\" data-id=\"77208e7\" data-element_type=\"widget\" data-e-type=\"widget\" data-widget_type=\"button.default\">\n\t\t\t\t<div class=\"elementor-widget-container\">\n\t\t\t\t\t\t\t\t\t<div class=\"elementor-button-wrapper\">\n\t\t\t\t\t<a class=\"elementor-button elementor-button-link elementor-size-sm\" href=\"mailto:info@suislepapuhkekeskus.ee\">\n\t\t\t\t\t\t<span class=\"elementor-button-content-wrapper\">\n\t\t\t\t\t\t<span class=\"elementor-button-icon\">\n\t\t\t\t<svg aria-hidden=\"true\" class=\"e-font-icon-svg e-fas-mail-bulk\" viewbox=\"0 0 576 512\" xmlns=\"http:\/\/www.w3.org\/2000\/svg\"><path d=\"M160 448c-25.6 0-51.2-22.4-64-32-64-44.8-83.2-60.8-96-70.4V480c0 17.67 14.33 32 32 32h256c17.67 0 32-14.33 32-32V345.6c-12.8 9.6-32 25.6-96 70.4-12.8 9.6-38.4 32-64 32zm128-192H32c-17.67 0-32 14.33-32 32v16c25.6 19.2 22.4 19.2 115.2 86.4 9.6 6.4 28.8 25.6 44.8 25.6s35.2-19.2 44.8-22.4c92.8-67.2 89.6-67.2 115.2-86.4V288c0-17.67-14.33-32-32-32zm256-96H224c-17.67 0-32 14.33-32 32v32h96c33.21 0 60.59 25.42 63.71 57.82l.29-.22V416h192c17.67 0 32-14.33 32-32V192c0-17.67-14.33-32-32-32zm-32 128h-64v-64h64v64zm-352-96c0-35.29 28.71-64 64-64h224V32c0-17.67-14.33-32-32-32H96C78.33 0 64 14.33 64 32v192h96v-32z\"><\/path><\/svg>\t\t\t<\/span>\n\t\t\t\t\t\t\t\t\t<span class=\"elementor-button-text\">\u0417\u0410\u041f\u0420\u041e\u0421\u0418\u0422\u042c \u0426\u0415\u041d\u0423<\/span>\n\t\t\t\t\t<\/span>\n\t\t\t\t\t<\/a>\n\t\t\t\t<\/div>\n\t\t\t\t\t\t\t\t<\/div>\n\t\t\t\t<\/div>\n\t\t\t\t\t<\/div>\n\t\t\t\t<\/div>\n\t\t\t\t<\/div>","protected":false},"excerpt":{"rendered":"<p>Hinnad ja tingimused P\u00fc\u00fcame alati leida Teile parima v\u00f5imaliku lahenduse meie juures puhkamiseks ning \u00fcrituste l\u00e4biviimiseks! Suislepa Puhkekeskus\u00a0on suurep\u00e4rane koht firma\u00fcrituste l\u00e4biviimiseks (seminarid, koolitused, suvep\u00e4evad, tiimip\u00e4evad ja teised meeskonna\u00fcritused), pere ja s\u00f5pradega kohtumiseks ja t\u00e4histamiseks (s\u00fcnnip\u00e4evad, pulmad, kokkutulekud ja teised t\u00e4hts\u00fcndmused)\u00a0 Puhkekeskuse majutushoone antakse Teie k\u00e4sutusse kas terves ulatuses (40 voodikohta) v\u00f5i osaliselt (20 voodikohta)\u200bOsaline &#8230; <a title=\"\u0426\u0415\u041d\u042b \u0418 \u0423\u0421\u041b\u041e\u0412\u0418\u042f\" class=\"read-more\" href=\"https:\/\/suislepapuhkekeskus.ee\/ru\/hinnad-ja-tingimused\/\" aria-label=\"\u041f\u0440\u043e\u0447\u0438\u0442\u0430\u0442\u044c \u0431\u043e\u043b\u044c\u0448\u0435 \u043e HINNAD JA TINGIMUSED\">\u0427\u0438\u0442\u0430\u0442\u044c \u0434\u0430\u043b\u0435\u0435<\/a><\/p>","protected":false},"author":1,"featured_media":0,"parent":0,"menu_order":0,"comment_status":"closed","ping_status":"closed","template":"elementor_header_footer","meta":{"footnotes":""},"class_list":["post-50405","page","type-page","status-publish"],"_links":{"self":[{"href":"https:\/\/suislepapuhkekeskus.ee\/ru\/wp-json\/wp\/v2\/pages\/50405","targetHints":{"allow":["GET"]}}],"collection":[{"href":"https:\/\/suislepapuhkekeskus.ee\/ru\/wp-json\/wp\/v2\/pages"}],"about":[{"href":"https:\/\/suislepapuhkekeskus.ee\/ru\/wp-json\/wp\/v2\/types\/page"}],"author":[{"embeddable":true,"href":"https:\/\/suislepapuhkekeskus.ee\/ru\/wp-json\/wp\/v2\/users\/1"}],"replies":[{"embeddable":true,"href":"https:\/\/suislepapuhkekeskus.ee\/ru\/wp-json\/wp\/v2\/comments?post=50405"}],"version-history":[{"count":3,"href":"https:\/\/suislepapuhkekeskus.ee\/ru\/wp-json\/wp\/v2\/pages\/50405\/revisions"}],"predecessor-version":[{"id":51549,"href":"https:\/\/suislepapuhkekeskus.ee\/ru\/wp-json\/wp\/v2\/pages\/50405\/revisions\/51549"}],"wp:attachment":[{"href":"https:\/\/suislepapuhkekeskus.ee\/ru\/wp-json\/wp\/v2\/media?parent=50405"}],"curies":[{"name":"wp","href":"https:\/\/api.w.org\/{rel}","templated":true}]}}