{"id":50572,"date":"2025-06-07T00:13:44","date_gmt":"2025-06-07T00:13:44","guid":{"rendered":"https:\/\/suislepapuhkekeskus.ee\/?page_id=50572"},"modified":"2025-07-07T21:57:27","modified_gmt":"2025-07-07T21:57:27","slug":"avaleht","status":"publish","type":"page","link":"https:\/\/suislepapuhkekeskus.ee\/ru\/","title":{"rendered":"\u0414\u041e\u041c\u0410\u0428\u041d\u042f\u042f \u0421\u0422\u0420\u0410\u041d\u0418\u0426\u0410"},"content":{"rendered":"<div data-elementor-type=\"wp-page\" data-elementor-id=\"50572\" class=\"elementor elementor-50572\" data-elementor-post-type=\"page\">\n\t\t\t\t<div class=\"elementor-element elementor-element-4df65c7 e-flex e-con-boxed e-con e-parent\" data-id=\"4df65c7\" data-element_type=\"container\" data-e-type=\"container\" data-settings=\"{&quot;background_background&quot;:&quot;classic&quot;}\">\n\t\t\t\t\t<div class=\"e-con-inner\">\n\t\t\t\t\t<\/div>\n\t\t\t\t<\/div>\n\t\t<div class=\"elementor-element elementor-element-d923da0 e-flex e-con-boxed e-con e-parent\" data-id=\"d923da0\" data-element_type=\"container\" data-e-type=\"container\">\n\t\t\t\t\t<div class=\"e-con-inner\">\n\t\t\t\t<div class=\"elementor-element elementor-element-8f04b79 elementor-widget elementor-widget-heading\" data-id=\"8f04b79\" data-element_type=\"widget\" data-e-type=\"widget\" data-widget_type=\"heading.default\">\n\t\t\t\t<div class=\"elementor-widget-container\">\n\t\t\t\t\t<h2 class=\"elementor-heading-title elementor-size-default\"><h2 style=\"margin-bottom: 0px;padding-bottom: 25px;letter-spacing: 1px;, serif;font-size: 27px;line-height: 1.3em;font-style: normal;text-align: center\">\u0426\u0435\u043d\u0442\u0440 \u043e\u0442\u0434\u044b\u0445\u0430 Suislepa<span style=\"font-family: Roboto, sans-serif;font-size: clamp(1.625rem, 0.958rem + 1.389vw, 2rem);font-style: inherit;text-align: start\"><\/span><\/h2><\/h2>\t\t\t\t<\/div>\n\t\t\t\t<\/div>\n\t\t\t\t<div class=\"elementor-element elementor-element-c6d5a5c elementor-widget elementor-widget-text-editor\" data-id=\"c6d5a5c\" data-element_type=\"widget\" data-e-type=\"widget\" data-widget_type=\"text-editor.default\">\n\t\t\t\t<div class=\"elementor-widget-container\">\n\t\t\t\t\t\t\t\t\t<p>\u041f\u0440\u0435\u043a\u0440\u0430\u0441\u043d\u0430\u044f \u0437\u043e\u043d\u0430 \u043e\u0442\u0434\u044b\u0445\u0430 \u0421\u0443\u0439\u0441\u043b\u0435\u043f\u0430 \u0436\u0434\u0435\u0442 \u0432\u0430\u0441 \u0432 \u0443\u0441\u0430\u0434\u0435\u0431\u043d\u043e\u043c \u043f\u0430\u0440\u043a\u0435 \u043d\u0430 \u0431\u0435\u0440\u0435\u0433\u0443 \u0440\u0435\u043a\u0438 \u042b\u0445\u043d\u0435 \u0432 \u0412\u0438\u043b\u044c\u044f\u043d\u0434\u0438\u043c\u0430\u0430.<\/p><p>\u0421\u0435\u043c\u0435\u0439\u043d\u044b\u0435 \u043c\u0435\u0440\u043e\u043f\u0440\u0438\u044f\u0442\u0438\u044f \u0438 \u043e\u0431\u0449\u0435\u0441\u0442\u0432\u0435\u043d\u043d\u044b\u0435 \u0432\u0441\u0442\u0440\u0435\u0447\u0438 \u2013 \u0434\u043d\u0438 \u0440\u043e\u0436\u0434\u0435\u043d\u0438\u044f, \u0441\u0432\u0430\u0434\u044c\u0431\u044b, \u0433\u043e\u0434\u043e\u0432\u0449\u0438\u043d\u044b, \u0432\u0441\u0442\u0440\u0435\u0447\u0438 \u0432\u044b\u043f\u0443\u0441\u043a\u043d\u0438\u043a\u043e\u0432<\/p><p>\u041a\u043e\u0440\u043f\u043e\u0440\u0430\u0442\u0438\u0432\u043d\u044b\u0435 \u043c\u0435\u0440\u043e\u043f\u0440\u0438\u044f\u0442\u0438\u044f \u2013 \u0441\u0435\u043c\u0438\u043d\u0430\u0440\u044b, \u0442\u0440\u0435\u043d\u0438\u043d\u0433\u0438, \u043a\u043e\u043c\u0430\u043d\u0434\u043d\u044b\u0435 \u0434\u043d\u0438, \u043c\u043e\u0442\u0438\u0432\u0430\u0446\u0438\u043e\u043d\u043d\u044b\u0435 \u0438 \u0432\u0434\u043e\u0445\u043d\u043e\u0432\u043b\u044f\u044e\u0449\u0438\u0435 \u043c\u0435\u0440\u043e\u043f\u0440\u0438\u044f\u0442\u0438\u044f,<br \/>\u043b\u0435\u0442\u043d\u0438\u0435 \u0434\u043d\u0438, \u0437\u0438\u043c\u043d\u0438\u0435 \u0434\u043d\u0438, \u043b\u0430\u0433\u0435\u0440\u044f, \u044e\u0431\u0438\u043b\u0435\u0438<\/p><p>\u0412\u044b\u0441\u0442\u0443\u043f\u043b\u0435\u043d\u0438\u044f \u0438 \u043a\u043e\u043d\u0446\u0435\u0440\u0442\u044b \u043f\u043e\u0434 \u043e\u0442\u043a\u0440\u044b\u0442\u044b\u043c \u043d\u0435\u0431\u043e\u043c<\/p>\t\t\t\t\t\t\t\t<\/div>\n\t\t\t\t<\/div>\n\t\t\t\t<div class=\"elementor-element elementor-element-0273848 elementor-align-center elementor-widget elementor-widget-button\" data-id=\"0273848\" data-element_type=\"widget\" data-e-type=\"widget\" data-widget_type=\"button.default\">\n\t\t\t\t<div class=\"elementor-widget-container\">\n\t\t\t\t\t\t\t\t\t<div class=\"elementor-button-wrapper\">\n\t\t\t\t\t<a class=\"elementor-button elementor-button-link elementor-size-sm\" href=\"mailto:info@suislepapuhkekeskus.ee\">\n\t\t\t\t\t\t<span class=\"elementor-button-content-wrapper\">\n\t\t\t\t\t\t\t\t\t<span class=\"elementor-button-text\">\u0417\u0410\u041f\u0420\u041e\u0421\u0418\u0422\u042c \u0426\u0415\u041d\u0423<\/span>\n\t\t\t\t\t<\/span>\n\t\t\t\t\t<\/a>\n\t\t\t\t<\/div>\n\t\t\t\t\t\t\t\t<\/div>\n\t\t\t\t<\/div>\n\t\t\t\t\t<\/div>\n\t\t\t\t<\/div>\n\t\t\t\t<\/div>","protected":false},"excerpt":{"rendered":"<p>Suislepa Puhkekeskus Ootab Sind looduskauni Suislepa puhkeala m\u00f5isapargis \u00d5hne j\u00f5e kaldal Viljandimaal Peres\u00fcndmused ja seltskonna\u00fcritused &#8211; s\u00fcnnip\u00e4evad, pulmad, t\u00e4htp\u00e4evad, kokkutulekud Firma\u00fcritused &#8211; seminarid, koolitused, tiimip\u00e4evad, motivatsiooni- ja inspiratsiooni\u00fcritused,suvep\u00e4evad, talvep\u00e4evad, laagrid, t\u00e4htp\u00e4evad Vaba\u00f5huetendused ja kontserdid K\u00dcS PAKKUMIST<\/p>","protected":false},"author":1,"featured_media":0,"parent":0,"menu_order":0,"comment_status":"closed","ping_status":"closed","template":"elementor_header_footer","meta":{"footnotes":""},"class_list":["post-50572","page","type-page","status-publish"],"_links":{"self":[{"href":"https:\/\/suislepapuhkekeskus.ee\/ru\/wp-json\/wp\/v2\/pages\/50572","targetHints":{"allow":["GET"]}}],"collection":[{"href":"https:\/\/suislepapuhkekeskus.ee\/ru\/wp-json\/wp\/v2\/pages"}],"about":[{"href":"https:\/\/suislepapuhkekeskus.ee\/ru\/wp-json\/wp\/v2\/types\/page"}],"author":[{"embeddable":true,"href":"https:\/\/suislepapuhkekeskus.ee\/ru\/wp-json\/wp\/v2\/users\/1"}],"replies":[{"embeddable":true,"href":"https:\/\/suislepapuhkekeskus.ee\/ru\/wp-json\/wp\/v2\/comments?post=50572"}],"version-history":[{"count":3,"href":"https:\/\/suislepapuhkekeskus.ee\/ru\/wp-json\/wp\/v2\/pages\/50572\/revisions"}],"predecessor-version":[{"id":51363,"href":"https:\/\/suislepapuhkekeskus.ee\/ru\/wp-json\/wp\/v2\/pages\/50572\/revisions\/51363"}],"wp:attachment":[{"href":"https:\/\/suislepapuhkekeskus.ee\/ru\/wp-json\/wp\/v2\/media?parent=50572"}],"curies":[{"name":"wp","href":"https:\/\/api.w.org\/{rel}","templated":true}]}}