{"id":50699,"date":"2025-06-07T22:02:56","date_gmt":"2025-06-07T22:02:56","guid":{"rendered":"https:\/\/suislepapuhkekeskus.ee\/?page_id=50699"},"modified":"2025-06-08T22:27:22","modified_gmt":"2025-06-08T22:27:22","slug":"suislepa","status":"publish","type":"page","link":"https:\/\/suislepapuhkekeskus.ee\/ru\/suislepa\/","title":{"rendered":"\u0422\u041e\u041b\u0421\u0422\u041e\u0412\u041a\u0410"},"content":{"rendered":"<div data-elementor-type=\"wp-page\" data-elementor-id=\"50699\" class=\"elementor elementor-50699\" data-elementor-post-type=\"page\">\n\t\t\t\t<div class=\"elementor-element elementor-element-4df65c7 e-flex e-con-boxed e-con e-parent\" data-id=\"4df65c7\" data-element_type=\"container\" data-e-type=\"container\" data-settings=\"{&quot;background_background&quot;:&quot;classic&quot;}\">\n\t\t\t\t\t<div class=\"e-con-inner\">\n\t\t\t\t\t<\/div>\n\t\t\t\t<\/div>\n\t\t<div class=\"elementor-element elementor-element-63e027b e-flex e-con-boxed e-con e-parent\" data-id=\"63e027b\" data-element_type=\"container\" data-e-type=\"container\" data-settings=\"{&quot;background_background&quot;:&quot;classic&quot;}\">\n\t\t\t\t\t<div class=\"e-con-inner\">\n\t\t\t\t<div class=\"elementor-element elementor-element-d41ad31 elementor-widget elementor-widget-heading\" data-id=\"d41ad31\" data-element_type=\"widget\" data-e-type=\"widget\" data-widget_type=\"heading.default\">\n\t\t\t\t<div class=\"elementor-widget-container\">\n\t\t\t\t\t<h2 class=\"elementor-heading-title elementor-size-default\">\u0421\u0443\u0439\u0441\u043b\u0435\u043f\u0430<\/h2>\t\t\t\t<\/div>\n\t\t\t\t<\/div>\n\t\t\t\t<div class=\"elementor-element elementor-element-d61bb0c elementor-widget elementor-widget-text-editor\" data-id=\"d61bb0c\" data-element_type=\"widget\" data-e-type=\"widget\" data-widget_type=\"text-editor.default\">\n\t\t\t\t<div class=\"elementor-widget-container\">\n\t\t\t\t\t\t\t\t\t<p>\u041f\u043e\u043c\u0438\u043c\u043e \u043d\u0430\u0448\u0435\u0433\u043e \u0441\u043e\u0431\u0441\u0442\u0432\u0435\u043d\u043d\u043e\u0433\u043e \u043f\u0440\u0438\u044f\u0442\u043d\u043e\u0433\u043e \u0446\u0435\u043d\u0442\u0440\u0430 \u043e\u0442\u0434\u044b\u0445\u0430, \u0432 \u0421\u0443\u0439\u0441\u043b\u0435\u043f\u0435 \u0438 \u0435\u0435 \u043e\u043a\u0440\u0435\u0441\u0442\u043d\u043e\u0441\u0442\u044f\u0445 \u0435\u0441\u0442\u044c \u043c\u043d\u043e\u0433\u043e \u0438\u043d\u0442\u0435\u0440\u0435\u0441\u043d\u043e\u0433\u043e \u0434\u043b\u044f \u0438\u0441\u0441\u043b\u0435\u0434\u043e\u0432\u0430\u043d\u0438\u044f!<\/p>\t\t\t\t\t\t\t\t<\/div>\n\t\t\t\t<\/div>\n\t\t\t\t\t<\/div>\n\t\t\t\t<\/div>\n\t\t<div class=\"elementor-element elementor-element-e7ed18e e-flex e-con-boxed e-con e-parent\" data-id=\"e7ed18e\" data-element_type=\"container\" data-e-type=\"container\" data-settings=\"{&quot;background_background&quot;:&quot;classic&quot;}\">\n\t\t\t\t\t<div class=\"e-con-inner\">\n\t\t\t\t<div class=\"elementor-element elementor-element-aa5a1e0 elementor-widget elementor-widget-text-editor\" data-id=\"aa5a1e0\" data-element_type=\"widget\" data-e-type=\"widget\" data-widget_type=\"text-editor.default\">\n\t\t\t\t<div class=\"elementor-widget-container\">\n\t\t\t\t\t\t\t\t\t<p>\u0414\u0435\u0440\u0435\u0432\u043d\u044f \u0421\u0443\u0439\u0441\u043b\u0435\u043f\u0430 \u0438\u0437\u0432\u0435\u0441\u0442\u043d\u0430 \u043f\u0440\u0435\u0436\u0434\u0435 \u0432\u0441\u0435\u0433\u043e \u043e\u0434\u043d\u043e\u0438\u043c\u0435\u043d\u043d\u044b\u043c \u0441\u043e\u0440\u0442\u043e\u043c \u044f\u0431\u043b\u043e\u043a.<br \/>\u0421\u0435\u0433\u043e\u0434\u043d\u044f \u0421\u0443\u0439\u0441\u043b\u0435\u043f\u0430 \u2014 \u044d\u0442\u043e \u0443\u044e\u0442\u043d\u0430\u044f \u0434\u0435\u0440\u0435\u0432\u043d\u044f \u0441 \u043f\u0440\u0438\u0432\u044b\u0447\u043d\u043e\u0439 \u0438\u043d\u0444\u0440\u0430\u0441\u0442\u0440\u0443\u043a\u0442\u0443\u0440\u043e\u0439 \u0441\u0435\u043b\u044c\u0441\u043a\u043e\u0439 \u0436\u0438\u0437\u043d\u0438. \u0412\u0438\u0437\u0438\u0442 \u0432 \u0421\u0443\u0439\u0441\u043b\u0435\u043f\u0443 \u0434\u0435\u043b\u0430\u0435\u0442 \u043e\u0441\u043e\u0431\u0435\u043d\u043d\u044b\u043c \u043f\u0440\u0435\u043a\u0440\u0430\u0441\u043d\u0430\u044f \u043d\u0435\u0442\u0440\u043e\u043d\u0443\u0442\u0430\u044f \u043f\u0440\u0438\u0440\u043e\u0434\u0430, \u043c\u0435\u0441\u0442\u0430 \u0434\u043b\u044f \u043e\u0442\u0434\u044b\u0445\u0430 \u0438 \u0434\u043e\u0441\u0443\u0433\u0430, \u0430 \u0442\u0430\u043a\u0436\u0435 \u043f\u043e\u0441\u0442\u043e\u044f\u043d\u043d\u043e \u0440\u0430\u0437\u0432\u0438\u0432\u0430\u044e\u0449\u0438\u0435\u0441\u044f \u043c\u0435\u0440\u043e\u043f\u0440\u0438\u044f\u0442\u0438\u044f, \u043f\u0440\u0435\u0434\u043b\u0430\u0433\u0430\u044e\u0449\u0438\u0435 \u043f\u043e\u043b\u043d\u043e\u0446\u0435\u043d\u043d\u044b\u0439 \u043e\u0442\u0434\u044b\u0445 \u043a\u0430\u043a \u0434\u043b\u044f \u0441\u0435\u043c\u0435\u0439, \u0442\u0430\u043a \u0438 \u0434\u043b\u044f \u0431\u043e\u043b\u044c\u0448\u0438\u0445 \u0433\u0440\u0443\u043f\u043f.<\/p><p>\u041f\u043e\u0441\u043b\u0435 \u043f\u043e\u0441\u0435\u0449\u0435\u043d\u0438\u044f \u0443\u0441\u0430\u0434\u044c\u0431\u044b \u0421\u0443\u0439\u0441\u043b\u0435\u043f\u0430, \u043a\u0430\u043c\u043d\u044f, \u043f\u043e\u0441\u0432\u044f\u0449\u0435\u043d\u043d\u043e\u0433\u043e \u044f\u0431\u043b\u043e\u043d\u0435, \u043e\u0431\u043d\u0430\u0436\u0435\u043d\u0438\u044f \u043f\u0435\u0441\u0447\u0430\u043d\u0438\u043a\u0430 \u0438 \u043f\u0430\u043c\u044f\u0442\u043d\u043e\u0433\u043e \u043a\u0430\u043c\u043d\u044f, \u043f\u043e\u0441\u0432\u044f\u0449\u0435\u043d\u043d\u043e\u0433\u043e \u0433\u043e\u043b\u043e\u0434\u043d\u044b\u043c \u0433\u043e\u0434\u0430\u043c, \u043d\u0430 \u0431\u0435\u0440\u0435\u0433\u0443 \u0440\u0435\u043a\u0438 \u042b\u0445\u043d\u0435 \u043d\u0430\u0445\u043e\u0434\u0438\u0442\u0441\u044f \u0437\u043e\u043d\u0430 \u043e\u0442\u0434\u044b\u0445\u0430 \u0441 \u043c\u0435\u0441\u0442\u043e\u043c \u0434\u043b\u044f \u043a\u043e\u0441\u0442\u0440\u0430, \u043c\u0435\u0441\u0442\u043e\u043c \u0434\u043b\u044f \u0440\u044b\u0431\u0430\u043b\u043a\u0438, \u043b\u043e\u0434\u043e\u0447\u043d\u043e\u0439 \u043f\u0440\u0438\u0441\u0442\u0430\u043d\u044c\u044e \u0438 \u043a\u0430\u0447\u0435\u043b\u044f\u043c\u0438.\u00a0<strong>\u0420\u044f\u0434\u043e\u043c \u0441 \u0437\u043e\u043d\u043e\u0439 \u043e\u0442\u0434\u044b\u0445\u0430 \u0435\u0441\u0442\u044c \u0431\u0430\u0441\u043a\u0435\u0442\u0431\u043e\u043b\u044c\u043d\u0430\u044f \u0438 \u0432\u043e\u043b\u0435\u0439\u0431\u043e\u043b\u044c\u043d\u0430\u044f \u043f\u043b\u043e\u0449\u0430\u0434\u043a\u0438, \u0444\u0443\u0442\u0431\u043e\u043b\u044c\u043d\u043e\u0435 \u043f\u043e\u043b\u0435, \u0430 \u0442\u0430\u043a\u0436\u0435 \u0434\u0435\u0442\u0441\u043a\u0430\u044f \u043f\u043b\u043e\u0449\u0430\u0434\u043a\u0430 \u0441\u043e \u0432\u0441\u0435\u043c \u043d\u0435\u043e\u0431\u0445\u043e\u0434\u0438\u043c\u044b\u043c.<\/strong> \u041f\u0435\u0448\u0438\u0439 \u043c\u0430\u0440\u0448\u0440\u0443\u0442 \u00ab\u0423\u0441\u0430\u0434\u044c\u0431\u0430\u00bb \u0434\u043b\u0438\u043d\u043e\u0439 \u043e\u043a\u043e\u043b\u043e \u043a\u0438\u043b\u043e\u043c\u0435\u0442\u0440\u0430 \u043d\u0430\u0447\u0438\u043d\u0430\u0435\u0442\u0441\u044f \u0443 \u0433\u0440\u0430\u043d\u0438\u0446\u044b \u0437\u043e\u043d\u044b \u043e\u0442\u0434\u044b\u0445\u0430 \u0441 \u0434\u043e\u0449\u0430\u0442\u044b\u043c \u043d\u0430\u0441\u0442\u0438\u043b\u043e\u043c, \u043f\u043e \u043a\u043e\u0442\u043e\u0440\u043e\u043c\u0443 \u043c\u043e\u0436\u043d\u043e \u0433\u0443\u043b\u044f\u0442\u044c \u043a\u0430\u043a \u043b\u0435\u0442\u043e\u043c, \u0442\u0430\u043a \u0438 \u0437\u0438\u043c\u043e\u0439. \u0411\u043e\u043b\u0435\u0435 \u043e\u043f\u044b\u0442\u043d\u044b\u0435 \u043f\u0443\u0442\u0435\u0448\u0435\u0441\u0442\u0432\u0435\u043d\u043d\u0438\u043a\u0438 \u043c\u043e\u0433\u0443\u0442 \u0432\u0437\u044f\u0442\u044c \u0441 \u0441\u043e\u0431\u043e\u0439 \u0432\u0435\u043b\u043e\u0441\u0438\u043f\u0435\u0434 \u0438\u043b\u0438 \u043a\u043e\u043b\u044f\u0441\u043a\u0443. \u0427\u0442\u043e\u0431\u044b \u0432\u044b \u043d\u0435 \u0443\u0432\u043b\u0435\u043a\u043b\u0438\u0441\u044c \u0435\u0433\u043e \u0440\u0430\u0441\u0441\u043a\u0430\u0437\u043e\u043c, \u0433\u0438\u0434 \u0443\u0441\u0442\u0430\u043d\u043e\u0432\u0438\u043b \u0438\u043d\u0444\u043e\u0440\u043c\u0430\u0446\u0438\u043e\u043d\u043d\u044b\u0435 \u0441\u0442\u0435\u043d\u0434\u044b \u0440\u044f\u0434\u043e\u043c \u0441 \u0442\u0440\u043e\u043f\u043e\u0439 \u0441 \u043e\u043f\u0438\u0441\u0430\u043d\u0438\u0435\u043c \u0440\u0430\u0437\u043b\u0438\u0447\u043d\u044b\u0445 \u0432\u0438\u0434\u043e\u0432 \u0434\u0435\u0440\u0435\u0432\u044c\u0435\u0432.<\/p><p>\u0415\u0441\u043b\u0438 \u0432\u0430\u043c \u043d\u0443\u0436\u043d\u0430 \u043f\u043e\u043c\u043e\u0449\u044c, \u0432\u044b \u043c\u043e\u0436\u0435\u0442\u0435 \u043e\u0431\u0440\u0430\u0442\u0438\u0442\u044c\u0441\u044f \u043a \u043b\u044e\u0431\u043e\u043c\u0443 \u0432\u0441\u0442\u0440\u0435\u0447\u043d\u043e\u043c\u0443. \u041e\u0442\u0432\u0435\u0442\u044b \u0447\u0430\u0441\u0442\u043e \u0443\u043a\u043b\u043e\u043d\u0447\u0438\u0432\u044b\u0435 \u0438 \u0434\u043b\u0438\u043d\u043d\u044b\u0435. \u041f\u043e\u043a\u0430 \u0447\u0442\u043e \u0442\u043e\u043b\u044c\u043a\u043e \u043e\u0434\u043d\u0430 \u0433\u0440\u0443\u043f\u043f\u0430 \u0442\u0443\u0440\u0438\u0441\u0442\u043e\u0432 \u0438\u0437 \u0432\u043e\u0441\u0442\u043e\u0447\u043d\u043e\u0439 \u0411\u0440\u0430\u0437\u0438\u043b\u0438\u0438 \u043e\u0441\u0442\u0430\u043b\u0430\u0441\u044c \u0431\u0435\u0437 \u043f\u043e\u043c\u043e\u0449\u0438, \u043f\u043e\u0442\u043e\u043c\u0443 \u0447\u0442\u043e \u043e\u043d\u0438 \u043d\u0438 \u043e \u0447\u0451\u043c \u043d\u0435 \u0441\u043f\u0440\u0430\u0448\u0438\u0432\u0430\u043b\u0438.<br \/>\u200bwww.suislepa.ee\u00a0<\/p><p>\u0413\u043e\u0440\u043e\u0434 \u0412\u0438\u043b\u044c\u044f\u043d\u0434\u0438 \u043d\u0430\u0445\u043e\u0434\u0438\u0442\u0441\u044f \u0432 40 \u043a\u043c \u043e\u0442 \u043d\u0430\u0441, \u0430 \u0434\u043e \u043e\u0437\u0435\u0440\u0430 \u0412\u044b\u0440\u0442\u0441\u044a\u044f\u0440\u0432 \u043c\u043e\u0436\u043d\u043e \u0434\u043e\u0431\u0440\u0430\u0442\u044c\u0441\u044f \u0437\u0430 10 \u043c\u0438\u043d\u0443\u0442 \u043d\u0430 \u043c\u0430\u0448\u0438\u043d\u0435 \u0438\u043b\u0438 \u043b\u043e\u0434\u043a\u0435!<\/p>\t\t\t\t\t\t\t\t<\/div>\n\t\t\t\t<\/div>\n\t\t\t\t<div class=\"elementor-element elementor-element-a3c2a3a elementor-widget-divider--view-line elementor-widget elementor-widget-divider\" data-id=\"a3c2a3a\" data-element_type=\"widget\" data-e-type=\"widget\" data-widget_type=\"divider.default\">\n\t\t\t\t<div class=\"elementor-widget-container\">\n\t\t\t\t\t\t\t<div class=\"elementor-divider\">\n\t\t\t<span class=\"elementor-divider-separator\">\n\t\t\t\t\t\t<\/span>\n\t\t<\/div>\n\t\t\t\t\t\t<\/div>\n\t\t\t\t<\/div>\n\t\t\t\t<div class=\"elementor-element elementor-element-3a30b05 elementor-widget elementor-widget-video\" data-id=\"3a30b05\" data-element_type=\"widget\" data-e-type=\"widget\" data-settings=\"{&quot;youtube_url&quot;:&quot;https:\\\/\\\/www.youtube.com\\\/watch?v=XoojeLCzBMo&quot;,&quot;video_type&quot;:&quot;youtube&quot;,&quot;controls&quot;:&quot;yes&quot;}\" data-widget_type=\"video.default\">\n\t\t\t\t<div class=\"elementor-widget-container\">\n\t\t\t\t\t\t\t<div class=\"elementor-wrapper elementor-open-inline\">\n\t\t\t<div class=\"elementor-video\"><\/div>\t\t<\/div>\n\t\t\t\t\t\t<\/div>\n\t\t\t\t<\/div>\n\t\t\t\t<div class=\"elementor-element elementor-element-1ee67ed elementor-widget-divider--view-line elementor-widget elementor-widget-divider\" data-id=\"1ee67ed\" data-element_type=\"widget\" data-e-type=\"widget\" data-widget_type=\"divider.default\">\n\t\t\t\t<div class=\"elementor-widget-container\">\n\t\t\t\t\t\t\t<div class=\"elementor-divider\">\n\t\t\t<span class=\"elementor-divider-separator\">\n\t\t\t\t\t\t<\/span>\n\t\t<\/div>\n\t\t\t\t\t\t<\/div>\n\t\t\t\t<\/div>\n\t\t\t\t<div class=\"elementor-element elementor-element-6768222 elementor-widget elementor-widget-heading\" data-id=\"6768222\" data-element_type=\"widget\" data-e-type=\"widget\" data-widget_type=\"heading.default\">\n\t\t\t\t<div class=\"elementor-widget-container\">\n\t\t\t\t\t<h3 class=\"elementor-heading-title elementor-size-default\">\u0418\u0441\u0442\u043e\u0440\u0438\u044f \u044f\u0431\u043b\u043e\u043a\u0430 \u0421\u0443\u0438\u0441\u043b\u0435\u043f\u0430<\/h3>\t\t\t\t<\/div>\n\t\t\t\t<\/div>\n\t\t\t\t<div class=\"elementor-element elementor-element-29398a7 elementor-widget elementor-widget-text-editor\" data-id=\"29398a7\" data-element_type=\"widget\" data-e-type=\"widget\" data-widget_type=\"text-editor.default\">\n\t\t\t\t<div class=\"elementor-widget-container\">\n\t\t\t\t\t\t\t\t\t<p>\u0421\u043e\u0440\u0442 \u044f\u0431\u043b\u043e\u043a \u00ab\u0421\u0443\u0439\u0441\u043b\u0435\u043f\u00bb \u2013 \u043c\u0435\u0441\u0442\u043d\u044b\u0439 \u0441\u043e\u0440\u0442, \u043d\u0430\u0447\u0430\u0432\u0448\u0438\u0439 \u0440\u0430\u0441\u043f\u0440\u043e\u0441\u0442\u0440\u0430\u043d\u044f\u0442\u044c\u0441\u044f \u0438\u0437 \u0441\u0430\u0434\u0430 \u0443\u0441\u0430\u0434\u044c\u0431\u044b \u0421\u0443\u0439\u0441\u043b\u0435\u043f\u0430. \u042d\u0442\u043e\u0442 \u0441\u043e\u0440\u0442 \u0438\u0437\u0432\u0435\u0441\u0442\u0435\u043d \u0434\u0430\u0432\u043d\u043e, \u0438 \u0432\u0441\u0435 \u0438\u0441\u0442\u043e\u0440\u0438\u0447\u0435\u0441\u043a\u0438\u0435 \u0434\u0430\u043d\u043d\u044b\u0435 \u0443\u043a\u0430\u0437\u044b\u0432\u0430\u044e\u0442 \u043d\u0430 \u0442\u043e, \u0447\u0442\u043e \u0435\u0433\u043e \u0432\u044b\u0440\u0430\u0449\u0438\u0432\u0430\u043b\u0438 \u0437\u0434\u0435\u0441\u044c \u0435\u0449\u0451 \u0432 XVIII \u0432\u0435\u043a\u0435. \u041f\u043e \u043c\u043d\u0435\u043d\u0438\u044e \u0412. \u041f\u0430\u0441\u043a\u0435\u0432\u0438\u0446\u0430, \u0441\u043e\u0440\u0442 \u0431\u044b\u043b \u0432\u044b\u0432\u0435\u0434\u0435\u043d \u0438\u0437 \u0441\u0435\u043c\u044f\u043d \u043f\u0435\u0440\u0441\u0438\u0434\u0441\u043a\u043e\u0439 \u043a\u0440\u0430\u0441\u043d\u043e\u0439 \u043b\u0435\u0442\u043d\u0435\u0439 \u044f\u0431\u043b\u043e\u043d\u0438. \u0424\u0440\u0430\u043d\u0446\u0443\u0437\u0441\u043a\u0438\u0439 \u043f\u043e\u043c\u043e\u043b\u043e\u0433 \u0410. \u041b\u0435\u0440\u0443\u0430 \u0432\u043f\u0435\u0440\u0432\u044b\u0435 \u0443\u043f\u043e\u043c\u044f\u043d\u0443\u043b \u0441\u043e\u0440\u0442 \u044f\u0431\u043b\u043e\u043a \u00ab\u0421\u0443\u0439\u0441\u043b\u0435\u043f\u0430\u00bb \u0432 \u043f\u0435\u0447\u0430\u0442\u0438 \u0432 1845 \u0433\u043e\u0434\u0443. \u041a \u0442\u043e\u043c\u0443 \u0432\u0440\u0435\u043c\u0435\u043d\u0438 \u043d\u0430\u0448 \u0441\u043e\u0440\u0442 \u044f\u0431\u043b\u043e\u043a \u0443\u0436\u0435 \u0440\u0430\u0441\u043f\u0440\u043e\u0441\u0442\u0440\u0430\u043d\u0438\u043b\u0441\u044f \u0432\u043e \u043c\u043d\u043e\u0433\u0438\u0445 \u0435\u0432\u0440\u043e\u043f\u0435\u0439\u0441\u043a\u0438\u0445 \u0441\u0442\u0440\u0430\u043d\u0430\u0445. \u0412 \u043d\u0430\u0447\u0430\u043b\u0435 XVIII \u0432\u0435\u043a\u0430 \u0432 \u0421\u0443\u0439\u0441\u043b\u0435\u043f\u0430 \u043d\u0430\u0445\u043e\u0434\u0438\u043b\u0430\u0441\u044c \u0443\u0441\u0430\u0434\u044c\u0431\u0430 \u2013 \u043a\u043e\u0440\u043e\u043d\u043d\u0430\u044f, \u0440\u0435\u0437\u0438\u0434\u0435\u043d\u0446\u0438\u044f \u043a\u043e\u0442\u043e\u0440\u043e\u0439 \u0440\u0430\u0441\u043f\u043e\u043b\u0430\u0433\u0430\u043b\u0430\u0441\u044c \u043d\u0430\u0434 \u043d\u044b\u043d\u0435\u0448\u043d\u0435\u0439 \u044d\u0441\u0442\u0440\u0430\u0434\u043e\u0439 \u0438 \u0431\u044b\u0432\u0448\u0438\u043c \u0434\u043e\u043c\u043e\u043c \u041d\u0443\u0440\u043c\u0435\u043a\u0438\u0432\u0438. \u0412\u043e \u0432\u0440\u0435\u043c\u044f \u0421\u0435\u0432\u0435\u0440\u043d\u043e\u0439 \u0432\u043e\u0439\u043d\u044b \u0440\u0443\u0441\u0441\u043a\u0438\u0435 \u0438 \u0448\u0432\u0435\u0434\u0441\u043a\u0438\u0435 \u0432\u043e\u0439\u0441\u043a\u0430 \u043d\u0435\u043e\u0434\u043d\u043e\u043a\u0440\u0430\u0442\u043d\u043e \u043f\u0440\u043e\u0445\u043e\u0434\u0438\u043b\u0438 \u0447\u0435\u0440\u0435\u0437 \u0443\u0441\u0430\u0434\u044c\u0431\u0443, \u043f\u0435\u0440\u0435\u043f\u0440\u0430\u0432\u043b\u044f\u044f\u0441\u044c \u0447\u0435\u0440\u0435\u0437 \u0440\u0435\u043a\u0443 \u042b\u0445\u043d\u0435 \u043d\u0430 \u043f\u043b\u043e\u0442\u0430\u0445 \u043d\u0430\u0434 \u0446\u0435\u043d\u0442\u0440\u043e\u043c \u0443\u0441\u0430\u0434\u044c\u0431\u044b (\u0434\u043e\u0440\u043e\u0433\u0438 \u0412\u0438\u043b\u044c\u044f\u043d\u0434\u0438-\u041e\u044e-\u0422\u0430\u0440\u0442\u0443 \u0442\u043e\u0433\u0434\u0430 \u0435\u0449\u0451 \u043d\u0435 \u0441\u0443\u0449\u0435\u0441\u0442\u0432\u043e\u0432\u0430\u043b\u043e). \u0412 \u0442\u043e \u0432\u0440\u0435\u043c\u044f, \u043f\u043e \u043c\u043d\u0435\u043d\u0438\u044e \u0438\u0441\u0442\u043e\u0440\u0438\u043a\u043e\u0432, \u0437\u0430\u043d\u0438\u043c\u0430\u0442\u044c\u0441\u044f \u0440\u0430\u0437\u0432\u0435\u0434\u0435\u043d\u0438\u0435\u043c \u044f\u0431\u043b\u043e\u043d\u044c \u0431\u044b\u043b\u043e \u043f\u0440\u0430\u043a\u0442\u0438\u0447\u0435\u0441\u043a\u0438 \u043d\u0435\u0432\u043e\u0437\u043c\u043e\u0436\u043d\u043e. \u0422\u043e\u0447\u043d\u043e\u0435 \u0432\u0440\u0435\u043c\u044f \u043f\u043e\u044f\u0432\u043b\u0435\u043d\u0438\u044f \u044f\u0431\u043b\u043e\u043d\u044c \u043d\u0435\u0438\u0437\u0432\u0435\u0441\u0442\u043d\u043e. \u0421\u043b\u0435\u0434\u0443\u044e\u0449\u0438\u043c \u0432\u043b\u0430\u0434\u0435\u043b\u044c\u0446\u0435\u043c \u0433\u043e\u0441\u0443\u0434\u0430\u0440\u0441\u0442\u0432\u0435\u043d\u043d\u043e\u0433\u043e \u0438\u043c\u0435\u043d\u0438\u044f \u0441\u0442\u0430\u043b \u0413\u0435\u043d\u0440\u0438\u0445 \u0411\u0440\u0443\u0439\u043d\u0438\u043d\u0433\u043a, \u0433\u0435\u043d\u0435\u0440\u0430\u043b\u044c\u043d\u044b\u0439 \u0441\u0443\u043f\u0435\u0440\u0438\u043d\u0442\u0435\u043d\u0434\u0430\u043d\u0442 \u041b\u0438\u0444\u043b\u044f\u043d\u0434\u0438\u0438 \u0441 1725 \u043f\u043e 1734 \u0433\u043e\u0434, \u0437\u0430\u043c\u0435\u0441\u0442\u0438\u0442\u0435\u043b\u0435\u043c \u043a\u043e\u0442\u043e\u0440\u043e\u0433\u043e \u0432 \u0421\u0443\u0439\u0441\u043b\u0435\u043f\u0435 \u0431\u044b\u043b \u0432\u0435\u0441\u044c\u043c\u0430 \u043f\u0440\u0435\u0434\u043f\u0440\u0438\u0438\u043c\u0447\u0438\u0432\u044b\u0439 \u043f\u043e\u0440\u0443\u0447\u0438\u043a \u0444\u043e\u043d \u0424\u043e\u043b\u0435\u043a. \u0412\u044b\u0432\u0435\u0434\u0435\u043d\u0438\u0435 \u044f\u0431\u043b\u043e\u043d\u0438 \u0441\u043e\u0440\u0442\u0430 \u00ab\u0421\u0443\u0439\u0441\u043b\u0435\u043f\u0430\u00bb \u0441\u0447\u0438\u0442\u0430\u0435\u0442\u0441\u044f \u0437\u0430\u0441\u043b\u0443\u0433\u043e\u0439 \u044d\u0442\u0438\u0445 \u043b\u044e\u0434\u0435\u0439 \u0438 \u0441\u0430\u0434\u043e\u0432\u043d\u0438\u043a\u0430 \u0438\u043c\u0435\u043d\u0438\u044f. \u041a \u0441\u043e\u0436\u0430\u043b\u0435\u043d\u0438\u044e, \u0438\u043c\u044f \u0442\u0430\u043b\u0430\u043d\u0442\u043b\u0438\u0432\u043e\u0433\u043e \u0441\u0430\u0434\u043e\u0432\u043d\u0438\u043a\u0430 \u043d\u0435\u0438\u0437\u0432\u0435\u0441\u0442\u043d\u043e. \u0412 1797 \u0433\u043e\u0434\u0443 \u0438\u043c\u043f\u0435\u0440\u0430\u0442\u043e\u0440 \u041f\u0430\u0432\u0435\u043b I \u043e\u0442\u0434\u0435\u043b\u0438\u043b \u0443\u0447\u0430\u0441\u0442\u043e\u043a \u0437\u0435\u043c\u043b\u0438 \u043e\u0442 \u0438\u043c\u0435\u043d\u0438\u044f \u0421\u0443\u0439\u0441\u043b\u0435\u043f\u0430 \u0438 \u043f\u0435\u0440\u0435\u0434\u0430\u043b \u0435\u0433\u043e \u0432 \u043d\u0430\u0441\u043b\u0435\u0434\u0441\u0442\u0432\u0435\u043d\u043d\u043e\u0435 \u0432\u043b\u0430\u0434\u0435\u043d\u0438\u0435 \u0431\u0430\u0440\u043e\u043d\u0443 \u041c\u0435\u043d\u0433\u0434\u0435\u043d\u0443. \u0412 \u0421\u0443\u0439\u0441\u043b\u0435\u043f\u0435 \u0432\u043e\u0437\u043d\u0438\u043a\u043b\u043e \u0434\u0432\u0430 \u0438\u043c\u0435\u043d\u0438\u044f \u2013 \u0438\u043c\u0435\u043d\u0438\u0435 \u0412\u0430\u043d\u0430-\u0421\u0443\u0439\u0441\u043b\u0435\u043f\u0430 \u0438 \u0447\u0430\u0441\u0442\u043d\u043e\u0435 \u0438\u043c\u0435\u043d\u0438\u0435 \u0423\u0443\u044d-\u0421\u0443\u0439\u0441\u043b\u0435\u043f\u0430. \u0421\u0430\u0434 \u043e\u0441\u0442\u0430\u043b\u0441\u044f \u0432 \u0423\u0443\u044d-\u0421\u0443\u0439\u0441\u043b\u0435\u043f\u0430. \u041f\u0435\u0440\u0432\u044b\u0439 \u044d\u0441\u0442\u043e\u043d\u0441\u043a\u0438\u0439 \u043f\u043e\u043c\u043e\u043b\u043e\u0433 \u0428\u043f\u0443\u043b\u044c-\u0420\u043e\u0442\u0430\u043b\u0438\u0430 \u043f\u0435\u0440\u0435\u0447\u0438\u0441\u043b\u0438\u043b \u0434\u043e\u0441\u0442\u043e\u0438\u043d\u0441\u0442\u0432\u0430 \u044f\u0431\u043b\u043e\u043a \u0441\u043e\u0440\u0442\u0430 \u00ab\u0421\u0443\u0439\u0441\u043b\u0435\u043f\u0430\u00bb: \u043b\u0443\u0447\u0448\u0435\u0435 \u0441\u0442\u043e\u043b\u043e\u0432\u043e\u0435 \u044f\u0431\u043b\u043e\u043a\u043e, \u043e\u0434\u0438\u043d\u0430\u043a\u043e\u0432\u043e \u0445\u043e\u0440\u043e\u0448\u0435\u0435 \u0434\u043b\u044f \u0435\u0434\u044b, \u043a\u0443\u0445\u043d\u0438 \u0438 \u043f\u0440\u043e\u0434\u0430\u0436\u0438, \u0434\u043e\u0440\u043e\u0433\u043e\u0439 \u0441\u043e\u0440\u0442 \u0441 \u0442\u043e\u043d\u043a\u0438\u043c \u0432\u043a\u0443\u0441\u043e\u043c, \u043f\u043e\u0434\u0445\u043e\u0434\u044f\u0449\u0438\u0439 \u043a\u0430\u043a \u0434\u043b\u044f \u0431\u043e\u043b\u044c\u0448\u0438\u0445, \u0442\u0430\u043a \u0438 \u0434\u043b\u044f \u043c\u0430\u043b\u0435\u043d\u044c\u043a\u0438\u0445 \u0441\u0430\u0434\u043e\u0432. \u0415\u0441\u043b\u0438 \u043a\u0442\u043e-\u0442\u043e \u0437\u0430\u0432\u043e\u0434\u0438\u0442 \u0441\u0430\u0434 \u0440\u0430\u0437\u043c\u0435\u0440\u043e\u043c \u0441 \u043f\u0443\u0441\u0442\u044b\u0440\u044c, \u0442\u043e \u0442\u0430\u043c \u0434\u043e\u043b\u0436\u043d\u043e \u0431\u044b\u0442\u044c \u043f\u044f\u0442\u044c \u00ab\u0421\u0443\u0439\u0441\u043b\u0435\u043f\u0430\u00bb, \u0441\u0447\u0438\u0442\u0430\u043b \u043e\u043d. \u042e\u0440\u044c\u0435\u0432\u0441\u043a\u0438\u0439 \u043b\u0443\u043d\u0441\u0442\u043a\u0435\u0440 \u0414\u0430\u043d\u0433\u0443\u044d\u043b\u043b\u0438 \u0442\u0430\u043a\u0436\u0435 \u0432\u043a\u043b\u044e\u0447\u0438\u043b \u00ab\u0421\u0443\u0439\u0441\u043b\u0435\u043f\u0430\u00bb \u0432 \u0434\u0435\u0441\u044f\u0442\u043a\u0443 \u043b\u0443\u0447\u0448\u0438\u0445 \u0441\u043e\u0440\u0442\u043e\u0432.\u00a0<\/p>\t\t\t\t\t\t\t\t<\/div>\n\t\t\t\t<\/div>\n\t\t\t\t<div class=\"elementor-element elementor-element-226e48a elementor-widget elementor-widget-image\" data-id=\"226e48a\" data-element_type=\"widget\" data-e-type=\"widget\" data-widget_type=\"image.default\">\n\t\t\t\t<div class=\"elementor-widget-container\">\n\t\t\t\t\t\t\t\t\t\t\t\t\t\t\t<img fetchpriority=\"high\" decoding=\"async\" width=\"800\" height=\"533\" src=\"https:\/\/suislepapuhkekeskus.ee\/wp-content\/uploads\/2025\/06\/suislepp200_orig.jpg\" class=\"attachment-large size-large wp-image-50739\" alt=\"\" srcset=\"https:\/\/suislepapuhkekeskus.ee\/wp-content\/uploads\/2025\/06\/suislepp200_orig.jpg 800w, https:\/\/suislepapuhkekeskus.ee\/wp-content\/uploads\/2025\/06\/suislepp200_orig-300x200.jpg 300w, https:\/\/suislepapuhkekeskus.ee\/wp-content\/uploads\/2025\/06\/suislepp200_orig-768x512.jpg 768w\" sizes=\"(max-width: 800px) 100vw, 800px\" \/>\t\t\t\t\t\t\t\t\t\t\t\t\t\t\t<\/div>\n\t\t\t\t<\/div>\n\t\t\t\t\t<\/div>\n\t\t\t\t<\/div>\n\t\t<div class=\"elementor-element elementor-element-42e9da5 e-flex e-con-boxed e-con e-parent\" data-id=\"42e9da5\" data-element_type=\"container\" data-e-type=\"container\">\n\t\t\t\t\t<div class=\"e-con-inner\">\n\t\t\t\t<div class=\"elementor-element elementor-element-9e1901c elementor-widget elementor-widget-button\" data-id=\"9e1901c\" data-element_type=\"widget\" data-e-type=\"widget\" data-widget_type=\"button.default\">\n\t\t\t\t<div class=\"elementor-widget-container\">\n\t\t\t\t\t\t\t\t\t<div class=\"elementor-button-wrapper\">\n\t\t\t\t\t<a class=\"elementor-button elementor-button-link elementor-size-sm\" href=\"\/ru\/\">\n\t\t\t\t\t\t<span class=\"elementor-button-content-wrapper\">\n\t\t\t\t\t\t\t\t\t<span class=\"elementor-button-text\">\u0414\u041e\u041c\u0410\u0428\u041d\u042f\u042f \u0421\u0422\u0420\u0410\u041d\u0418\u0426\u0410<\/span>\n\t\t\t\t\t<\/span>\n\t\t\t\t\t<\/a>\n\t\t\t\t<\/div>\n\t\t\t\t\t\t\t\t<\/div>\n\t\t\t\t<\/div>\n\t\t\t\t\t<\/div>\n\t\t\t\t<\/div>\n\t\t\t\t<\/div>","protected":false},"excerpt":{"rendered":"<p>Suislepa Lisaks meie enda m\u00f5nusale puhkekeskusele on Suislepas ja selle l\u00e4hi\u00fcmbruses palju uudistamist! Suislepa k\u00fcla on eelk\u00f5ige tuntud samanimelise \u00f5unasordi poolest.T\u00e4nap\u00e4evane Suislepa on \u00f5dus k\u00fcla tavap\u00e4raste maaelu juurde kuuluvate taristutega. Suislepa k\u00fclastuse muudavad eriliseks kaunis \u00fcrgne loodus, puhke- ja vabaaja veetmiseks m\u00f5eldud kohad ning tegevused, mis arenevad pidevalt ja pakuvad terviklikku k\u00fclastuselamust nii peredele kui &#8230; <a title=\"\u0422\u041e\u041b\u0421\u0422\u041e\u0412\u041a\u0410\" class=\"read-more\" href=\"https:\/\/suislepapuhkekeskus.ee\/ru\/suislepa\/\" aria-label=\"\u041f\u0440\u043e\u0447\u0438\u0442\u0430\u0442\u044c \u0431\u043e\u043b\u044c\u0448\u0435 \u043e SUISLEPA\">\u0427\u0438\u0442\u0430\u0442\u044c \u0434\u0430\u043b\u0435\u0435<\/a><\/p>","protected":false},"author":1,"featured_media":0,"parent":0,"menu_order":0,"comment_status":"closed","ping_status":"closed","template":"elementor_header_footer","meta":{"footnotes":""},"class_list":["post-50699","page","type-page","status-publish"],"_links":{"self":[{"href":"https:\/\/suislepapuhkekeskus.ee\/ru\/wp-json\/wp\/v2\/pages\/50699","targetHints":{"allow":["GET"]}}],"collection":[{"href":"https:\/\/suislepapuhkekeskus.ee\/ru\/wp-json\/wp\/v2\/pages"}],"about":[{"href":"https:\/\/suislepapuhkekeskus.ee\/ru\/wp-json\/wp\/v2\/types\/page"}],"author":[{"embeddable":true,"href":"https:\/\/suislepapuhkekeskus.ee\/ru\/wp-json\/wp\/v2\/users\/1"}],"replies":[{"embeddable":true,"href":"https:\/\/suislepapuhkekeskus.ee\/ru\/wp-json\/wp\/v2\/comments?post=50699"}],"version-history":[{"count":3,"href":"https:\/\/suislepapuhkekeskus.ee\/ru\/wp-json\/wp\/v2\/pages\/50699\/revisions"}],"predecessor-version":[{"id":50921,"href":"https:\/\/suislepapuhkekeskus.ee\/ru\/wp-json\/wp\/v2\/pages\/50699\/revisions\/50921"}],"wp:attachment":[{"href":"https:\/\/suislepapuhkekeskus.ee\/ru\/wp-json\/wp\/v2\/media?parent=50699"}],"curies":[{"name":"wp","href":"https:\/\/api.w.org\/{rel}","templated":true}]}}